{"id":41991,"date":"2024-04-23T17:13:13","date_gmt":"2024-04-23T15:13:13","guid":{"rendered":"https:\/\/sadhanamassagecenter.com\/?post_type=product&#038;p=41991"},"modified":"2026-03-05T11:26:16","modified_gmt":"2026-03-05T10:26:16","slug":"piedras-calientes-a-4-manos","status":"publish","type":"product","link":"https:\/\/sadhanamassagecenter.com\/en\/product\/piedras-calientes-a-4-manos\/","title":{"rendered":"Hot Stones Four-Hand Massage"},"content":{"rendered":"<p><strong>55.00\u20ac &#8212;- 30 minutos<\/strong><br \/>\n<strong>100.00\u20ac &#8212;- 50 minutos<\/strong><\/p>\n<p class=\"translation-block\"><span style=\"color: #000000\">It is one of the <strong>most spectacular therapeutic massages<\/strong>, performed by <strong>two massage therapists at once<\/strong>, a combination of <strong>hot stones<\/strong> at different temperatures to facilitate the flow of vital energy and <strong>thus relieve physical and emotional disorders, muscular tension, a unique experience that will disconnect you from your daily routine<\/strong><\/span><\/p>\n<p><strong><span style=\"color: #993300;\">ATTENTION!<\/span><\/strong><\/p>\n<p><strong><span style=\"color: #993300;\">Half of the price is to be paid on the web, as a reservation and the rest in cash at the site.<\/span><\/strong><\/p>\n<p><strong><span style=\"color: #993300;\">The booking is NOT refundable.<\/span><\/strong><\/p>","protected":false},"excerpt":{"rendered":"<p><strong>55.00\u20ac &#8212;- 30 minutos<\/strong><br \/>\n<strong>100.00\u20ac &#8212;- 50 minutos<\/strong><\/p>","protected":false},"featured_media":44243,"comment_status":"open","ping_status":"closed","template":"","meta":{"_et_pb_use_builder":"off","_et_pb_old_content":"Es uno de los masajes terap\u00e9uticos m\u00e1s espectaculares, realizado por dos masajistas perfectamente sincronizados que proporciona a la persona una relajaci\u00f3n m\u00e1xima con una sensaci\u00f3n m\u00e1gica. Est\u00e1 basado en un m\u00e9todo Hind\u00fa combinado con m\u00fasica y aromaterapia para conectar el cuerpo y la mente. Ideal para desconectar del estr\u00e9s cotidiano.","_et_gb_content_width":""},"product_brand":[],"product_cat":[84,34],"product_tag":[],"class_list":{"0":"post-41991","1":"product","2":"type-product","3":"status-publish","4":"has-post-thumbnail","6":"product_cat-extras-1-persona","7":"product_cat-masaje","9":"first","10":"instock","11":"virtual","12":"taxable","13":"purchasable","14":"product-type-appointment"},"supplier_id":null,"supplier_sku":"","barcode":null,"atum_controlled":true,"out_stock_date":null,"out_stock_threshold":null,"inheritable":false,"inbound_stock":null,"stock_on_hold":0,"sold_today":0,"sales_last_days":0,"reserved_stock":null,"customer_returns":null,"warehouse_damage":null,"lost_in_post":null,"other_logs":null,"out_stock_days":0,"lost_sales":0,"has_location":false,"update_date":"2026-04-19T00:28:02","atum_locations":[],"atum_stock_status":"instock","restock_status":false,"low_stock_amount":"","sales_update_date":"2026-04-19T00:28:02","calc_backorders":null,"exclude_global_add_ons":false,"addons":[{"name":"Comments","type":"custom_textarea","position":0,"required":false,"title_format":"label","default":"","description_enable":false,"description":"","placeholder_enable":false,"placeholder":"","display":"select","restrictions_type":"any_text","adjust_price":false,"price":"","price_type":"flat_fee","restrictions":false,"min":"0","max":"0","options":[],"id":1713897127},{"name":"Select duration","type":"multiple_choice","position":1,"required":true,"title_format":"label","default":"","description_enable":false,"description":"Select duration","placeholder_enable":false,"placeholder":"","display":"select","restrictions_type":"any_text","adjust_price":false,"price":"","price_type":"flat_fee","restrictions":false,"min":"0","max":"0","options":[{"label":"30 minutos - 55 \u20ac","price":"","price_type":"flat_fee","image":0,"visibility":true},{"label":"50 minutos - 100 \u20ac","price":"22.5","price_type":"flat_fee","image":0,"visibility":true}],"id":1713897128},{"name":"30 minutos extra","type":"multiple_choice","position":0,"required":false,"title_format":"label","default":"","description_enable":true,"description":"La duraci\u00f3n del masaje pasa a ser de 60 minutos","placeholder_enable":false,"placeholder":"","display":"radiobutton","restrictions_type":"any_text","adjust_price":false,"price":"","price_type":"flat_fee","restrictions":false,"min":"0","max":"0","options":[{"label":"+ 30 minutos","price":"30","price_type":"flat_fee","image":0,"visibility":true}]},{"name":"Add your extra 20 minutes","type":"checkbox","position":0,"required":false,"title_format":"label","default":"","description_enable":false,"description":"","placeholder_enable":false,"placeholder":"","display":"select","restrictions_type":"any_text","adjust_price":false,"price":"","price_type":"flat_fee","restrictions":false,"min":"0","max":"0","options":[{"label":"Facial expr\u00e9s - 20\u20ac","price":"10","price_type":"flat_fee","image":0,"visibility":true},{"label":"Masaje craneal - 20\u20ac","price":"10","price_type":"flat_fee","image":0,"visibility":true},{"label":"Masaje pies - 20\u20ac","price":"10","price_type":"flat_fee","image":0,"visibility":true},{"label":"Parafina en pies o manos - 20\u20ac","price":"10","price_type":"flat_fee","image":0,"visibility":true},{"label":"Exfoliaci\u00f3n y ducha - 25\u20ac","price":"12.5","price_type":"flat_fee","image":0,"visibility":true}],"id":1770312171}],"_links":{"self":[{"href":"https:\/\/sadhanamassagecenter.com\/en\/wp-json\/wp\/v2\/product\/41991","targetHints":{"allow":["GET"]}}],"collection":[{"href":"https:\/\/sadhanamassagecenter.com\/en\/wp-json\/wp\/v2\/product"}],"about":[{"href":"https:\/\/sadhanamassagecenter.com\/en\/wp-json\/wp\/v2\/types\/product"}],"replies":[{"embeddable":true,"href":"https:\/\/sadhanamassagecenter.com\/en\/wp-json\/wp\/v2\/comments?post=41991"}],"wp:featuredmedia":[{"embeddable":true,"href":"https:\/\/sadhanamassagecenter.com\/en\/wp-json\/wp\/v2\/media\/44243"}],"wp:attachment":[{"href":"https:\/\/sadhanamassagecenter.com\/en\/wp-json\/wp\/v2\/media?parent=41991"}],"wp:term":[{"taxonomy":"product_brand","embeddable":true,"href":"https:\/\/sadhanamassagecenter.com\/en\/wp-json\/wp\/v2\/product_brand?post=41991"},{"taxonomy":"product_cat","embeddable":true,"href":"https:\/\/sadhanamassagecenter.com\/en\/wp-json\/wp\/v2\/product_cat?post=41991"},{"taxonomy":"product_tag","embeddable":true,"href":"https:\/\/sadhanamassagecenter.com\/en\/wp-json\/wp\/v2\/product_tag?post=41991"}],"curies":[{"name":"wp","href":"https:\/\/api.w.org\/{rel}","templated":true}]}}