{"id":1012,"date":"2019-02-27T17:35:21","date_gmt":"2019-02-27T16:35:21","guid":{"rendered":"https:\/\/sadhanamassagecenter.com\/?post_type=product&#038;p=1012"},"modified":"2025-04-01T19:53:52","modified_gmt":"2025-04-01T17:53:52","slug":"bono-masaje-sadhana-piedras-calientes-para-regalar","status":"publish","type":"product","link":"https:\/\/sadhanamassagecenter.com\/es\/producto\/bono-masaje-sadhana-piedras-calientes-para-regalar\/","title":{"rendered":"Bono Masaje Sadhana + Piedras calientes &#8211; Para Regalar"},"content":{"rendered":"<p>BONOS: 4 SESIONES 70 MINUTOS + REGALO PARAFINA A ELEGIR ENTRE ZONAS MANOS, PIES O ESPALDA 30MIN (DUCHA INCLUIDA) + TEA\u00a0\u00a0 = 220\u20ac<\/p>\n<p><strong>\u00a1IMPORTANTE!<\/strong><\/p>\n<p>Contactanos para concretar cita previa de los elementos del bono, una vez comprado.<\/p>\n<p><strong>CONDICIONES:<\/strong><\/p>\n<ul>\n<li>DE LUNES A VIERNES DE 11-21:00. S\u00c1BADOS DE 11-14:00.<\/li>\n<li>NO TIENE POSIBILIDAD DE COMPARTIRSE<\/li>\n<li>EN CASO DE NO ASISTIR A SU CITA SE DESCONTARA LA SESI\u00d3N DE SU BONO.<\/li>\n<li>NO DISPONIBLES EN D\u00cdAS FESTIVOS<\/li>\n<li>EL REGALO (EXFOLIACI\u00d3N) SE APLICAR\u00c1 EN CONJUNTO EN LA ULTIMA SESI\u00d3N DEL BONO.<\/li>\n<\/ul>\n<h2><span style=\"color: #ff0000;\"><strong>Tiene una validez de 3 meses.<\/strong><\/span><\/h2>\n<h2><span style=\"color: #ff0000;\"><strong>En las citas para pedidos regalo o tarjeta, se pedir\u00e1\u00a0el c\u00f3digo\u00a0adjuntado\u00a0tras su compra cuando realice la reserva telef\u00f3nica\u00a0o por email.<\/strong><\/span><\/h2>\n","protected":false},"excerpt":{"rendered":"<p><strong>220.00\u20ac<\/strong><\/p>\n<p>Bonos: 4 sesiones 70 minutos + regalo parafina a elegir entre zonas manos, pies o espalda 30 minutos (Ducha incluida) + tea<\/p>\n","protected":false},"featured_media":44221,"comment_status":"open","ping_status":"closed","template":"","meta":{"_et_pb_use_builder":"","_et_pb_old_content":"","_et_gb_content_width":""},"product_brand":[],"product_cat":[40],"product_tag":[],"class_list":{"0":"post-1012","1":"product","2":"type-product","3":"status-publish","4":"has-post-thumbnail","6":"product_cat-regalo","8":"first","9":"instock","10":"virtual","11":"taxable","12":"purchasable","13":"product-type-simple"},"supplier_id":null,"supplier_sku":"","barcode":null,"atum_controlled":true,"out_stock_date":null,"out_stock_threshold":null,"inheritable":false,"inbound_stock":null,"stock_on_hold":0,"sold_today":0,"sales_last_days":0,"reserved_stock":null,"customer_returns":null,"warehouse_damage":null,"lost_in_post":null,"other_logs":null,"out_stock_days":0,"lost_sales":0,"has_location":null,"update_date":"2026-04-22T00:36:07","atum_locations":[],"atum_stock_status":"instock","restock_status":false,"low_stock_amount":"","sales_update_date":"2026-04-22T00:36:07","calc_backorders":null,"exclude_global_add_ons":false,"addons":[{"name":"Comentarios","type":"custom_textarea","position":0,"required":false,"title_format":"label","default":"","description_enable":false,"description":"","placeholder_enable":false,"placeholder":"","display":"select","restrictions_type":"any_text","adjust_price":false,"price":"","price_type":"flat_fee","restrictions":false,"min":"0","max":"0","options":[],"id":1704385892},{"name":"30 minutos extra","type":"multiple_choice","position":0,"required":false,"title_format":"label","default":"","description_enable":true,"description":"La duraci\u00f3n del masaje pasa a ser de 60 minutos","placeholder_enable":false,"placeholder":"","display":"radiobutton","restrictions_type":"any_text","adjust_price":false,"price":"","price_type":"flat_fee","restrictions":false,"min":"0","max":"0","options":[{"label":"+ 30 minutos","price":"30","price_type":"flat_fee","image":0,"visibility":true}]}],"_links":{"self":[{"href":"https:\/\/sadhanamassagecenter.com\/es\/wp-json\/wp\/v2\/product\/1012","targetHints":{"allow":["GET"]}}],"collection":[{"href":"https:\/\/sadhanamassagecenter.com\/es\/wp-json\/wp\/v2\/product"}],"about":[{"href":"https:\/\/sadhanamassagecenter.com\/es\/wp-json\/wp\/v2\/types\/product"}],"replies":[{"embeddable":true,"href":"https:\/\/sadhanamassagecenter.com\/es\/wp-json\/wp\/v2\/comments?post=1012"}],"wp:featuredmedia":[{"embeddable":true,"href":"https:\/\/sadhanamassagecenter.com\/es\/wp-json\/wp\/v2\/media\/44221"}],"wp:attachment":[{"href":"https:\/\/sadhanamassagecenter.com\/es\/wp-json\/wp\/v2\/media?parent=1012"}],"wp:term":[{"taxonomy":"product_brand","embeddable":true,"href":"https:\/\/sadhanamassagecenter.com\/es\/wp-json\/wp\/v2\/product_brand?post=1012"},{"taxonomy":"product_cat","embeddable":true,"href":"https:\/\/sadhanamassagecenter.com\/es\/wp-json\/wp\/v2\/product_cat?post=1012"},{"taxonomy":"product_tag","embeddable":true,"href":"https:\/\/sadhanamassagecenter.com\/es\/wp-json\/wp\/v2\/product_tag?post=1012"}],"curies":[{"name":"wp","href":"https:\/\/api.w.org\/{rel}","templated":true}]}}