{"id":1063,"date":"2019-02-27T18:23:07","date_gmt":"2019-02-27T17:23:07","guid":{"rendered":"https:\/\/sadhanamassagecenter.com\/?post_type=product&#038;p=1063"},"modified":"2026-02-19T18:43:02","modified_gmt":"2026-02-19T17:43:02","slug":"ritual-alma-para-regalar","status":"publish","type":"product","link":"https:\/\/sadhanamassagecenter.com\/es\/producto\/ritual-alma-para-regalar\/","title":{"rendered":"Ritual antiedad de c\u00e9lulas madre Bayo profesional &#8211; Para Regalar"},"content":{"rendered":"<p><strong>65.00 \u20ac &#8212;- 70 minutos<\/strong><\/p>\n<p><span style=\"color: #000000;\"><strong>Innovador <\/strong>Tratamiento<strong> antiedad<\/strong> <strong>y reafirmante, ritual<\/strong> de belleza que combina el <strong>peeling qu\u00edmico (alfahidroxi\u00e1cido<\/strong>, que produce una <strong>exfoliaci\u00f3n continuada<\/strong> y una estimulaci\u00f3n de la <strong>regeneraci\u00f3n celular<\/strong> de la piel sin recurrir a componentes abrasivos<strong>) efecto antiedad<\/strong> c\u00e9lulas madre de <strong>origen vegetal y el \u00e1cido hialur\u00f3nico<\/strong>.<\/span><\/p>\n<p><span style=\"font-size: large;\"><strong><span style=\"color: #000000;\">INCLUYE<\/span><\/strong><\/span><\/p>\n<ul>\n<li><span style=\"color: #000000;\">Leche limpiadora Bayo Profesional<\/span><\/li>\n<li><span style=\"color: #000000;\">Synergy Complex AHA Bayo Profesional<\/span><\/li>\n<li><span style=\"color: #000000;\">Concentrado de activos Stem Cells<\/span><\/li>\n<li><span style=\"color: #000000;\">Mascarilla nourishing Bayo Profesional<\/span><\/li>\n<li><span style=\"color: #000000;\">Crema antiedad de c\u00e9lulas madre EXXER<\/span><\/li>\n<\/ul>\n<p><span style=\"color: #000000;\"><strong>Complet\u00e1ndolo con una maravillosa exfoliaci\u00f3n corporal<\/strong><\/span><\/p>\n<ul>\n<li><span style=\"color: #000000;\"><strong>Elimina las\u00a0<\/strong><a style=\"color: #000000;\" href=\"https:\/\/www.salud180.com\/search\/node\/c%C3%A9lulas%20muertas\"><strong>c\u00e9lulas muertas<\/strong><\/a><strong>. <\/strong>Permite que la\u00a0<a style=\"color: #000000;\" href=\"https:\/\/www.salud180.com\/search\/node\/epidermis\">epidermis<\/a>\u00a0quede limpia<\/span><\/li>\n<li><span style=\"color: #000000;\"><strong>Anti<\/strong><a style=\"color: #000000;\" href=\"https:\/\/www.salud180.com\/search\/node\/envejecimiento%20cut%C3%A1neo\"><strong>envejecimiento <\/strong>cut\u00e1neo<\/a>, activa la\u00a0<a style=\"color: #000000;\" href=\"https:\/\/www.salud180.com\/search\/node\/circulaci%C3%B3n\">circulaci\u00f3n\u00a0<\/a>y favorece una mejor\u00a0<a style=\"color: #000000;\" href=\"https:\/\/www.salud180.com\/search\/node\/oxigenaci%C3%B3n\">oxigenaci\u00f3n\u00a0<\/a>de la <strong>epidermis<\/strong><\/span><\/li>\n<li><span style=\"color: #000000;\"><strong>Renueva tu piel y\u00a0<\/strong>estimula el\u00a0<a style=\"color: #000000;\" href=\"https:\/\/www.salud180.com\/search\/node\/sistema%20linf%C3%A1tico\">sistema linf\u00e1tico<\/a>.<\/span><\/li>\n<\/ul>\n<p>&nbsp;<\/p>\n<p><span style=\"color: #000000;\"><strong>Exfoliante corporal con un suave masaje de 20m ducha 10m<\/strong><\/span><\/p>\n<p><span style=\"color: #000000;\"><strong>Tratamiento facial 40m <\/strong><\/span><\/p>\n<h2><span style=\"color: #ff0000;\"><strong>Tiene una validez de 3 meses.<\/strong><\/span><\/h2>\n<h2><span style=\"color: #ff0000;\"><strong>En las citas para pedidos regalo o tarjeta, se pedir\u00e1\u00a0el c\u00f3digo\u00a0adjuntado\u00a0tras su compra cuando realice la reserva telef\u00f3nica\u00a0o por email.<\/strong><\/span><\/h2>\n","protected":false},"excerpt":{"rendered":"<p><strong>65.00 \u20ac &#8212;- 70 minutos<\/strong><\/p>\n","protected":false},"featured_media":44090,"comment_status":"open","ping_status":"closed","template":"","meta":{"_et_pb_use_builder":"","_et_pb_old_content":"","_et_gb_content_width":""},"product_brand":[],"product_cat":[40,85],"product_tag":[],"class_list":{"0":"post-1063","1":"product","2":"type-product","3":"status-publish","4":"has-post-thumbnail","6":"product_cat-regalo","7":"product_cat-regalo-1-persona","9":"first","10":"instock","11":"taxable","12":"shipping-taxable","13":"purchasable","14":"product-type-simple"},"supplier_id":null,"supplier_sku":"","barcode":null,"atum_controlled":true,"out_stock_date":null,"out_stock_threshold":null,"inheritable":false,"inbound_stock":null,"stock_on_hold":1,"sold_today":0,"sales_last_days":0,"reserved_stock":null,"customer_returns":null,"warehouse_damage":null,"lost_in_post":null,"other_logs":null,"out_stock_days":0,"lost_sales":0,"has_location":false,"update_date":"2026-04-16T00:20:45","atum_locations":[],"atum_stock_status":"instock","restock_status":false,"low_stock_amount":"","sales_update_date":"2026-04-16T00:20:45","calc_backorders":null,"exclude_global_add_ons":false,"addons":[{"name":"Comentarios","type":"custom_textarea","position":0,"required":false,"title_format":"label","default":"","description_enable":false,"description":"","placeholder_enable":false,"placeholder":"","display":"select","restrictions_type":"any_text","adjust_price":false,"price":"","price_type":"flat_fee","restrictions":false,"min":"0","max":"0","options":[],"id":1712944057},{"name":"30 minutos extra","type":"multiple_choice","position":0,"required":false,"title_format":"label","default":"","description_enable":true,"description":"La duraci\u00f3n del masaje pasa a ser de 60 minutos","placeholder_enable":false,"placeholder":"","display":"radiobutton","restrictions_type":"any_text","adjust_price":false,"price":"","price_type":"flat_fee","restrictions":false,"min":"0","max":"0","options":[{"label":"+ 30 minutos","price":"30","price_type":"flat_fee","image":0,"visibility":true}]},{"name":"A\u00f1ade tu extra de 20 minutos","type":"checkbox","position":0,"required":false,"title_format":"label","default":"","description_enable":false,"description":"","placeholder_enable":false,"placeholder":"","display":"select","restrictions_type":"any_text","adjust_price":false,"price":"","price_type":"flat_fee","restrictions":false,"min":"0","max":"0","options":[{"label":"Facial expr\u00e9s - 20\u20ac","price":"20","price_type":"flat_fee","image":0,"visibility":true},{"label":"Masaje craneal - 20\u20ac","price":"20","price_type":"flat_fee","image":0,"visibility":true},{"label":"Masaje pies - 20\u20ac","price":"20","price_type":"flat_fee","image":0,"visibility":true},{"label":"Parafina en pies o manos - 20\u20ac","price":"20","price_type":"flat_fee","image":0,"visibility":true},{"label":"Exfoliaci\u00f3n y ducha - 25\u20ac","price":"25","price_type":"flat_fee","image":0,"visibility":true}],"id":1771496755}],"_links":{"self":[{"href":"https:\/\/sadhanamassagecenter.com\/es\/wp-json\/wp\/v2\/product\/1063","targetHints":{"allow":["GET"]}}],"collection":[{"href":"https:\/\/sadhanamassagecenter.com\/es\/wp-json\/wp\/v2\/product"}],"about":[{"href":"https:\/\/sadhanamassagecenter.com\/es\/wp-json\/wp\/v2\/types\/product"}],"replies":[{"embeddable":true,"href":"https:\/\/sadhanamassagecenter.com\/es\/wp-json\/wp\/v2\/comments?post=1063"}],"wp:featuredmedia":[{"embeddable":true,"href":"https:\/\/sadhanamassagecenter.com\/es\/wp-json\/wp\/v2\/media\/44090"}],"wp:attachment":[{"href":"https:\/\/sadhanamassagecenter.com\/es\/wp-json\/wp\/v2\/media?parent=1063"}],"wp:term":[{"taxonomy":"product_brand","embeddable":true,"href":"https:\/\/sadhanamassagecenter.com\/es\/wp-json\/wp\/v2\/product_brand?post=1063"},{"taxonomy":"product_cat","embeddable":true,"href":"https:\/\/sadhanamassagecenter.com\/es\/wp-json\/wp\/v2\/product_cat?post=1063"},{"taxonomy":"product_tag","embeddable":true,"href":"https:\/\/sadhanamassagecenter.com\/es\/wp-json\/wp\/v2\/product_tag?post=1063"}],"curies":[{"name":"wp","href":"https:\/\/api.w.org\/{rel}","templated":true}]}}