{"id":1065,"date":"2019-02-27T18:27:08","date_gmt":"2019-02-27T17:27:08","guid":{"rendered":"https:\/\/sadhanamassagecenter.com\/?post_type=product&#038;p=1065"},"modified":"2026-02-04T19:49:14","modified_gmt":"2026-02-04T18:49:14","slug":"ritual-adara-dos-personas-para-regalar","status":"publish","type":"product","link":"https:\/\/sadhanamassagecenter.com\/es\/producto\/ritual-adara-dos-personas-para-regalar\/","title":{"rendered":"Ritual Adara (Dos personas) -Para Regalar"},"content":{"rendered":"<p><strong>190.00 \u20ac &#8212;- 110 minutos<\/strong><\/p>\n<p><span style=\"color: #000000;\">Disfruta de tu\u00a0<strong>ritual m\u00e1s completo<\/strong>\u00a0y\u00a0<strong>especial para compartir<\/strong>\u00a0con tu pareja o amigos, del cual disfrutareis de una\u00a0<strong>experiencia inolvidable<\/strong>, entraras en un estado de\u00a0<strong>relajaci\u00f3n profunda y de bienestar<\/strong><strong>\u00a0desconectando de tu rutina diaria y mim\u00e1ndote.<\/strong><\/span><\/p>\n<p><span style=\"color: #000000;\">\u00a0<strong>Se realiza un masaje completo que combina adyurv\u00e9dico, lomi-lomi y\u00a0<em>pies y piernas,<\/em><\/strong><em>\u00a0acompa\u00f1ado de una t\u00e9cnica de hidrataci\u00f3n profunda con<\/em>\u00a0parafina que te ayudara a\u00a0<strong>paliar dolores musculares y articulares.<\/strong><strong>\u00a0<\/strong><\/span><\/p>\n<p><span style=\"color: #000000;\"><strong>Facial de c\u00e9lulas madres antiedad<\/strong><\/span><\/p>\n<p><span style=\"color: #000000;\"><strong>Hidratante de Bayo cosm\u00e9tica con limpieza de la piel vitaminas y mascarilla para todo tipos de pieles<\/strong><\/span><\/p>\n<p><span style=\"color: #000000;\"><strong>Para mimarte m\u00e1s all\u00e1 del cuerpo y acariciar el alma.<\/strong>\u00a0<\/span><\/p>\n<ul>\n<li><span style=\"color: #000000;\"><strong>50 minutos masaje en todo el cuerpo<\/strong><\/span><\/li>\n<li><span style=\"color: #000000;\"><strong>15 minutos aplicaremos parafina en los pies<\/strong><\/span><\/li>\n<li><span style=\"color: #000000;\"><strong>35 minutos realizaremos el facial de C\u00e9lulas madres, mientras hace efecto la parafina en los pies.<\/strong><\/span><\/li>\n<li><span style=\"color: #000000;\"><strong>10 minutos para tomar t\u00e9 agua y bombones<\/strong><\/span><\/li>\n<\/ul>\n<h2><span style=\"color: #ff0000;\"><strong>Tiene una validez de 3 meses.<\/strong><\/span><\/h2>\n<h2><span style=\"color: #ff0000;\"><strong>En las citas para pedidos regalo o tarjeta, se pedir\u00e1\u00a0el c\u00f3digo\u00a0adjuntado\u00a0tras su compra cuando realice la reserva telef\u00f3nica\u00a0o por email.<\/strong><\/span><\/h2>\n","protected":false},"excerpt":{"rendered":"<p><strong>190.00 \u20ac &#8212;- 110 minutos<\/strong><\/p>\n","protected":false},"featured_media":44181,"comment_status":"open","ping_status":"closed","template":"","meta":{"_et_pb_use_builder":"off","_et_pb_old_content":"<strong>190.00 \u20ac ---- 110 minutos<\/strong>\r\n\r\nPara mimarte m\u00e1s all\u00e1 del cuerpo y acariciar el alma.\r\n\r\nDisfruta de tu\u00a0<strong>ritual m\u00e1s completo<\/strong>\u00a0y\u00a0<strong>especial para compartir<\/strong>\u00a0con tu pareja o amigos, del cual, disfrutareis de una\u00a0<strong>experiencia inolvidable<\/strong> Con nuestras t\u00e9cnicas asi\u00e1ticas entraras en un estado de\u00a0<strong>relajaci\u00f3n profunda y de bienestar<\/strong>, desconectando de tu rutina diaria y mim\u00e1ndote Se realiza un masaje completo que combina adyurv\u00e9dico, lomi-lomi y reflexolog\u00eda podal, acompa\u00f1ado de una t\u00e9cnica de hidrataci\u00f3n profunda con parafina que te ayudara a\u00a0<strong>paliar dolores musculares y articulares.<\/strong>\r\n\r\n<strong>RITUAL ALMA<\/strong>: <strong>El ritual finaliza <\/strong>con un tratamiento de<strong> belleza facial, rejuvenecedor, oxigenaci\u00f3n con vitaminas y mascarillas <\/strong>para todo tipo de pieles. De la marca<strong> Bayo<\/strong> <strong>de c\u00e9lulas madres <\/strong>\r\n\r\n<strong>\u00a1IMPORTANTE!<\/strong> <strong>TIENE <\/strong><strong>UNA CADUCIDAD DE 3 MESES.<\/strong>\r\n\r\nCont\u00e1ctanos para confirmar el d\u00eda y la hora del servicio\r\n\r\n<strong><span style=\"color: #993300\">En las citas para pedidos regalo o tarjeta, se pedir\u00e1\u00a0el c\u00f3digo\u00a0adjuntado\u00a0tras su compra cuando realice la reserva telef\u00f3nica\u00a0o por email.<\/span><\/strong>","_et_gb_content_width":""},"product_brand":[],"product_cat":[83,40],"product_tag":[],"class_list":{"0":"post-1065","1":"product","2":"type-product","3":"status-publish","4":"has-post-thumbnail","6":"product_cat-parejas","7":"product_cat-regalo","9":"first","10":"instock","11":"taxable","12":"shipping-taxable","13":"purchasable","14":"product-type-simple"},"supplier_id":null,"supplier_sku":"","barcode":null,"atum_controlled":true,"out_stock_date":null,"out_stock_threshold":null,"inheritable":false,"inbound_stock":null,"stock_on_hold":2,"sold_today":0,"sales_last_days":0,"reserved_stock":null,"customer_returns":null,"warehouse_damage":null,"lost_in_post":null,"other_logs":null,"out_stock_days":0,"lost_sales":0,"has_location":null,"update_date":"2026-04-30T00:50:47","atum_locations":[],"atum_stock_status":"instock","restock_status":false,"low_stock_amount":"","sales_update_date":"2026-04-30T00:50:47","calc_backorders":null,"exclude_global_add_ons":false,"addons":[{"name":"Comentarios","type":"custom_textarea","position":0,"required":false,"title_format":"label","default":"","description_enable":false,"description":"","placeholder_enable":false,"placeholder":"","display":"select","restrictions_type":"any_text","adjust_price":false,"price":"","price_type":"flat_fee","restrictions":false,"min":"0","max":"0","options":[],"id":1712580680},{"name":"A\u00f1ade tu extra","type":"checkbox","position":1,"required":false,"title_format":"heading","default":"","description_enable":false,"description":"","placeholder_enable":false,"placeholder":"","display":"select","restrictions_type":"any_text","adjust_price":false,"price":"","price_type":"flat_fee","restrictions":false,"min":"0","max":"0","options":[{"label":"Facial expr\u00e9s","price":"40","price_type":"flat_fee","image":0,"visibility":true},{"label":"Masaje craneal","price":"40","price_type":"flat_fee","image":0,"visibility":true},{"label":"Masaje pies","price":"40","price_type":"flat_fee","image":0,"visibility":true},{"label":"Parafina en pies o manos","price":"40","price_type":"flat_fee","image":0,"visibility":true},{"label":"Exfoliaci\u00f3n","price":"50","price_type":"flat_fee","image":0,"visibility":true}],"id":1748366656},{"name":"30 minutos extra","type":"multiple_choice","position":0,"required":false,"title_format":"label","default":"","description_enable":true,"description":"La duraci\u00f3n del masaje pasa a ser de 60 minutos","placeholder_enable":false,"placeholder":"","display":"radiobutton","restrictions_type":"any_text","adjust_price":false,"price":"","price_type":"flat_fee","restrictions":false,"min":"0","max":"0","options":[{"label":"+ 30 minutos","price":"30","price_type":"flat_fee","image":0,"visibility":true}]},{"name":"Extras especiales","type":"checkbox","position":0,"required":false,"title_format":"label","default":"","description_enable":true,"description":"A\u00f1ade en tu masaje a tu masaje....","placeholder_enable":false,"placeholder":"","display":"select","restrictions_type":"any_text","adjust_price":false,"price":"","price_type":"flat_fee","restrictions":false,"min":"0","max":"0","options":[{"label":"Bombones , agua, refrescos o cava fr\u00edo y p\u00e9talos","price":"35","price_type":"flat_fee","image":0,"visibility":true},{"label":"Osito de peluche","price":"10","price_type":"flat_fee","image":0,"visibility":true}],"id":1770235188}],"_links":{"self":[{"href":"https:\/\/sadhanamassagecenter.com\/es\/wp-json\/wp\/v2\/product\/1065","targetHints":{"allow":["GET"]}}],"collection":[{"href":"https:\/\/sadhanamassagecenter.com\/es\/wp-json\/wp\/v2\/product"}],"about":[{"href":"https:\/\/sadhanamassagecenter.com\/es\/wp-json\/wp\/v2\/types\/product"}],"replies":[{"embeddable":true,"href":"https:\/\/sadhanamassagecenter.com\/es\/wp-json\/wp\/v2\/comments?post=1065"}],"wp:featuredmedia":[{"embeddable":true,"href":"https:\/\/sadhanamassagecenter.com\/es\/wp-json\/wp\/v2\/media\/44181"}],"wp:attachment":[{"href":"https:\/\/sadhanamassagecenter.com\/es\/wp-json\/wp\/v2\/media?parent=1065"}],"wp:term":[{"taxonomy":"product_brand","embeddable":true,"href":"https:\/\/sadhanamassagecenter.com\/es\/wp-json\/wp\/v2\/product_brand?post=1065"},{"taxonomy":"product_cat","embeddable":true,"href":"https:\/\/sadhanamassagecenter.com\/es\/wp-json\/wp\/v2\/product_cat?post=1065"},{"taxonomy":"product_tag","embeddable":true,"href":"https:\/\/sadhanamassagecenter.com\/es\/wp-json\/wp\/v2\/product_tag?post=1065"}],"curies":[{"name":"wp","href":"https:\/\/api.w.org\/{rel}","templated":true}]}}