{"id":16809,"date":"2019-05-28T18:08:43","date_gmt":"2019-05-28T16:08:43","guid":{"rendered":"https:\/\/sadhanamassagecenter.com\/?post_type=product&#038;p=16809"},"modified":"2026-04-16T16:29:52","modified_gmt":"2026-04-16T14:29:52","slug":"ritual-zen-vital","status":"publish","type":"product","link":"https:\/\/sadhanamassagecenter.com\/es\/producto\/ritual-zen-vital\/","title":{"rendered":"Ritual Zen Vital"},"content":{"rendered":"<p><strong>65.00\u20ac &#8212;- 70 minutos<\/strong><\/p>\n<p><span style=\"color: #000000;\">Un viaje hacia el <strong>equilibrio profundo a trav\u00e9s del poder del Shiatsu<\/strong>, una t\u00e9cnica japonesa que trabaja con presiones firmes sobre los canales energ\u00e9ticos del cuerpo (meridianos) para <strong>liberar bloqueos, aliviar tensiones y restaurar la armon\u00eda interior.<\/strong> Este tratamiento combina la <strong>precisi\u00f3n terap\u00e9utica del Shiatsu<\/strong> con los <strong>aromas naturales de Indonesia<\/strong> y finaliza con una<strong> envoltura corporal de aloe vera, que calma y revitaliza la piel.<\/strong><\/span><\/p>\n<div style=\"width: 50%; float: left;\">\n<p><span style=\"color: #000000;\"><strong>BENEFICIOS<\/strong><\/span><\/p>\n<ul>\n<li><span style=\"color: #000000;\">Favorece el <strong>descanso y reduce el insomnio<\/strong><\/span><\/li>\n<li><span style=\"color: #000000;\">Estimula la <strong>circulaci\u00f3n y oxigenaci\u00f3n celular<\/strong><\/span><\/li>\n<li><strong><span style=\"color: #000000;\">Rejuvenece y mejora la textura de la piel<\/span><\/strong><\/li>\n<li><span style=\"color: #000000;\">Equilibra el flujo energ\u00e9tico (chi), generando <strong>bienestar integral<\/strong><\/span><\/li>\n<\/ul>\n<\/div>\n<div style=\"width: 50%; float: left;\">\n<p><span style=\"color: #000000;\"><strong>INCLUYE<\/strong><\/span><\/p>\n<ul>\n<li><span style=\"color: #000000;\">Masaje facial con elixir <strong>antiarrugas de efecto regenerador<\/strong><\/span><\/li>\n<li><span style=\"color: #000000;\"><strong>Masaje corporal con presiones Shiatsu<\/strong> en brazos, abdomen, piernas, espalda y pies (aprox. 40 min)<\/span><\/li>\n<li><span style=\"color: #000000;\"><strong>Envoltura de aloe vera<\/strong> + ducha relajante (20 min)<\/span><\/li>\n<\/ul>\n<\/div>\n<p>&nbsp;<\/p>\n<p>&nbsp;<\/p>\n<p>&nbsp;<\/p>\n<h3 style=\"text-align: center;\"><span style=\"color: #ff0000;\"><strong>TODOS NUESTROS MASAJES SE PUEDEN REALIZAR EN PAREJA<\/strong><\/span><\/h3>\n<p><strong><span style=\"color: #993300;\">\u00a1IMPORTANTE!<\/span><\/strong><\/p>\n<p><strong><span style=\"color: #993300;\">La mitad del precio se paga por la web, en concepto de reserva y el resto en efectivo en el local.<\/span><\/strong><\/p>\n<p><strong><span style=\"color: #993300;\">La reserva NO es reembolsable.<\/span><\/strong><\/p>\n","protected":false},"excerpt":{"rendered":"<p><strong>65.00\u20ac &#8212;- 70 minutos<\/strong><\/p>\n","protected":false},"featured_media":44258,"comment_status":"open","ping_status":"closed","template":"","meta":{"_et_pb_use_builder":"off","_et_pb_old_content":"","_et_gb_content_width":""},"product_brand":[],"product_cat":[84,36],"product_tag":[],"class_list":{"0":"post-16809","1":"product","2":"type-product","3":"status-publish","4":"has-post-thumbnail","6":"product_cat-extras-1-persona","7":"product_cat-ritual","9":"first","10":"instock","11":"virtual","12":"taxable","13":"purchasable","14":"product-type-appointment"},"supplier_id":null,"supplier_sku":"","barcode":null,"atum_controlled":true,"out_stock_date":null,"out_stock_threshold":null,"inheritable":false,"inbound_stock":null,"stock_on_hold":0,"sold_today":0,"sales_last_days":1,"reserved_stock":null,"customer_returns":null,"warehouse_damage":null,"lost_in_post":null,"other_logs":null,"out_stock_days":0,"lost_sales":0,"has_location":false,"update_date":"2026-04-16T14:29:56","atum_locations":[],"atum_stock_status":"instock","restock_status":false,"low_stock_amount":"","sales_update_date":"2026-04-16T00:20:52","calc_backorders":null,"exclude_global_add_ons":false,"addons":[{"name":"Comentarios","type":"custom_textarea","position":0,"required":false,"title_format":"label","default":"","description_enable":false,"description":"","placeholder_enable":false,"placeholder":"","display":"select","restrictions_type":"any_text","adjust_price":false,"price":"","price_type":"flat_fee","restrictions":false,"min":"0","max":"0","options":[],"id":1720609306},{"name":"30 minutos extra","type":"multiple_choice","position":0,"required":false,"title_format":"label","default":"","description_enable":true,"description":"La duraci\u00f3n del masaje pasa a ser de 60 minutos","placeholder_enable":false,"placeholder":"","display":"radiobutton","restrictions_type":"any_text","adjust_price":false,"price":"","price_type":"flat_fee","restrictions":false,"min":"0","max":"0","options":[{"label":"+ 30 minutos","price":"30","price_type":"flat_fee","image":0,"visibility":true}]},{"name":"A\u00f1ade tu extra de 20 minutos","type":"checkbox","position":0,"required":false,"title_format":"label","default":"","description_enable":false,"description":"","placeholder_enable":false,"placeholder":"","display":"select","restrictions_type":"any_text","adjust_price":false,"price":"","price_type":"flat_fee","restrictions":false,"min":"0","max":"0","options":[{"label":"Facial expr\u00e9s - 20\u20ac","price":"10","price_type":"flat_fee","image":0,"visibility":true},{"label":"Masaje craneal - 20\u20ac","price":"10","price_type":"flat_fee","image":0,"visibility":true},{"label":"Masaje pies - 20\u20ac","price":"10","price_type":"flat_fee","image":0,"visibility":true},{"label":"Parafina en pies o manos - 20\u20ac","price":"10","price_type":"flat_fee","image":0,"visibility":true},{"label":"Exfoliaci\u00f3n y ducha - 25\u20ac","price":"12.5","price_type":"flat_fee","image":0,"visibility":true}],"id":1770312171}],"_links":{"self":[{"href":"https:\/\/sadhanamassagecenter.com\/es\/wp-json\/wp\/v2\/product\/16809","targetHints":{"allow":["GET"]}}],"collection":[{"href":"https:\/\/sadhanamassagecenter.com\/es\/wp-json\/wp\/v2\/product"}],"about":[{"href":"https:\/\/sadhanamassagecenter.com\/es\/wp-json\/wp\/v2\/types\/product"}],"replies":[{"embeddable":true,"href":"https:\/\/sadhanamassagecenter.com\/es\/wp-json\/wp\/v2\/comments?post=16809"}],"wp:featuredmedia":[{"embeddable":true,"href":"https:\/\/sadhanamassagecenter.com\/es\/wp-json\/wp\/v2\/media\/44258"}],"wp:attachment":[{"href":"https:\/\/sadhanamassagecenter.com\/es\/wp-json\/wp\/v2\/media?parent=16809"}],"wp:term":[{"taxonomy":"product_brand","embeddable":true,"href":"https:\/\/sadhanamassagecenter.com\/es\/wp-json\/wp\/v2\/product_brand?post=16809"},{"taxonomy":"product_cat","embeddable":true,"href":"https:\/\/sadhanamassagecenter.com\/es\/wp-json\/wp\/v2\/product_cat?post=16809"},{"taxonomy":"product_tag","embeddable":true,"href":"https:\/\/sadhanamassagecenter.com\/es\/wp-json\/wp\/v2\/product_tag?post=16809"}],"curies":[{"name":"wp","href":"https:\/\/api.w.org\/{rel}","templated":true}]}}