{"id":21371,"date":"2019-11-20T14:05:18","date_gmt":"2019-11-20T12:05:18","guid":{"rendered":"https:\/\/sadhanamassagecenter.com\/?post_type=product&#038;p=21371"},"modified":"2026-02-19T17:37:49","modified_gmt":"2026-02-19T16:37:49","slug":"ritual-facial-de-oro-caviar-y-perlas-con-anubis-para-regalar","status":"publish","type":"product","link":"https:\/\/sadhanamassagecenter.com\/es\/producto\/ritual-facial-de-oro-caviar-y-perlas-con-anubis-para-regalar\/","title":{"rendered":"Ritual facial de oro caviar y perlas con Anubis &#8211; Para regalar"},"content":{"rendered":"<p><strong>70.00 \u20ac &#8212;- 65 minutos.<\/strong><\/p>\n<p><span style=\"color: #000000;\">Este\u00a0<strong>tratamiento facial antienvejecimiento oro micro activo<\/strong>, inspirado en la\u00a0<strong>medicina tradicional china<\/strong>, el oro estimula la microcirculaci\u00f3n sangu\u00ednea y celular aportando luminosidad y aumentando la s\u00edntesis de col\u00e1geno y elastina,<strong> lucha contra los signos de la edad<\/strong>\u00a0borrando visiblemente las arrugas y las l\u00edneas de expresi\u00f3n,<strong>\u00a0desde la primera sesi\u00f3n.<\/strong><\/span><\/p>\n<div style=\"width: 50%; float: left;\">\n<p><span style=\"color: #000000;\"><strong>BENEFICIOS<\/strong><\/span><\/p>\n<ul>\n<li><span style=\"color: #000000;\"><strong>Efecto<\/strong> regenerador antiarrugas<\/span><\/li>\n<li><span style=\"color: #000000;\"><strong>Hidrata<\/strong> en profundidad<\/span><\/li>\n<li><span style=\"color: #000000;\"><strong>Refuerza<\/strong> la barrera protectora de la dermis<\/span><\/li>\n<li><span style=\"color: #000000;\"><strong>Estimula<\/strong> la oxigenaci\u00f3n de la piel<\/span><\/li>\n<\/ul>\n<\/div>\n<div style=\"width: 50%; float: left;\">\n<p><span style=\"color: #000000;\"><strong>INCLUYE<\/strong><\/span><\/p>\n<ul>\n<li><span style=\"color: #000000;\"><strong>Limpieza<\/strong> de la piel y exfoliaci\u00f3n profunda con AHA y Acido Glic\u00f3lico.<\/span><\/li>\n<li><span style=\"color: #000000;\"><strong>Aplicaci\u00f3n del concentrado<\/strong> con caviar y perlas m\u00e1s masaje Shiatsu facial<\/span><br \/>\n<span style=\"color: #000000;\">con cuarzo rosa.<\/span><\/li>\n<li><span style=\"color: #000000;\"><strong>Mascarilla antiedad<\/strong> con polvo de Oro y Diamantes, 15\/20m <strong>acompa\u00f1ado<\/strong><strong><br \/>\n<\/strong><strong>de un masaje de pies.<\/strong><\/span><\/li>\n<li><span style=\"color: #000000;\"><strong>Crema <\/strong>hidratante anti edad 5m<\/span><\/li>\n<\/ul>\n<\/div>\n<p>&nbsp;<\/p>\n<h2><span style=\"color: #ff0000;\"><strong>Tiene una validez de 3 meses.<\/strong><\/span><\/h2>\n<h2><span style=\"color: #ff0000;\"><strong>En las citas para pedidos regalo o tarjeta, se pedir\u00e1\u00a0el c\u00f3digo\u00a0adjuntado\u00a0tras su compra cuando realice la reserva telef\u00f3nica\u00a0o por email.<\/strong><\/span><\/h2>\n","protected":false},"excerpt":{"rendered":"<p><strong>70.00 \u20ac &#8212;- 65 minutos.<\/strong><\/p>\n","protected":false},"featured_media":44239,"comment_status":"open","ping_status":"closed","template":"","meta":{"_et_pb_use_builder":"","_et_pb_old_content":"","_et_gb_content_width":""},"product_brand":[],"product_cat":[40,85],"product_tag":[],"class_list":{"0":"post-21371","1":"product","2":"type-product","3":"status-publish","4":"has-post-thumbnail","6":"product_cat-regalo","7":"product_cat-regalo-1-persona","9":"first","10":"instock","11":"virtual","12":"taxable","13":"purchasable","14":"product-type-simple"},"supplier_id":null,"supplier_sku":"","barcode":null,"atum_controlled":true,"out_stock_date":null,"out_stock_threshold":null,"inheritable":false,"inbound_stock":null,"stock_on_hold":0,"sold_today":0,"sales_last_days":0,"reserved_stock":null,"customer_returns":null,"warehouse_damage":null,"lost_in_post":null,"other_logs":null,"out_stock_days":0,"lost_sales":0,"has_location":false,"update_date":"2026-04-17T00:23:25","atum_locations":[],"atum_stock_status":"instock","restock_status":false,"low_stock_amount":"","sales_update_date":"2026-04-17T00:23:25","calc_backorders":null,"exclude_global_add_ons":false,"addons":[{"name":"Comentarios","type":"custom_textarea","position":0,"required":false,"title_format":"label","default":"","description_enable":false,"description":"","placeholder_enable":false,"placeholder":"","display":"select","restrictions_type":"any_text","adjust_price":false,"price":"","price_type":"flat_fee","restrictions":false,"min":"0","max":"0","options":[],"id":1712838381},{"name":"30 minutos extra","type":"multiple_choice","position":0,"required":false,"title_format":"label","default":"","description_enable":true,"description":"La duraci\u00f3n del masaje pasa a ser de 60 minutos","placeholder_enable":false,"placeholder":"","display":"radiobutton","restrictions_type":"any_text","adjust_price":false,"price":"","price_type":"flat_fee","restrictions":false,"min":"0","max":"0","options":[{"label":"+ 30 minutos","price":"30","price_type":"flat_fee","image":0,"visibility":true}]},{"name":"A\u00f1ade tu extra de 20 minutos","type":"checkbox","position":0,"required":false,"title_format":"label","default":"","description_enable":false,"description":"","placeholder_enable":false,"placeholder":"","display":"select","restrictions_type":"any_text","adjust_price":false,"price":"","price_type":"flat_fee","restrictions":false,"min":"0","max":"0","options":[{"label":"Facial expr\u00e9s - 20\u20ac","price":"20","price_type":"flat_fee","image":0,"visibility":true},{"label":"Masaje craneal - 20\u20ac","price":"20","price_type":"flat_fee","image":0,"visibility":true},{"label":"Masaje pies - 20\u20ac","price":"20","price_type":"flat_fee","image":0,"visibility":true},{"label":"Parafina en pies o manos - 20\u20ac","price":"20","price_type":"flat_fee","image":0,"visibility":true},{"label":"Exfoliaci\u00f3n y ducha - 25\u20ac","price":"25","price_type":"flat_fee","image":0,"visibility":true}],"id":1771496755}],"_links":{"self":[{"href":"https:\/\/sadhanamassagecenter.com\/es\/wp-json\/wp\/v2\/product\/21371","targetHints":{"allow":["GET"]}}],"collection":[{"href":"https:\/\/sadhanamassagecenter.com\/es\/wp-json\/wp\/v2\/product"}],"about":[{"href":"https:\/\/sadhanamassagecenter.com\/es\/wp-json\/wp\/v2\/types\/product"}],"replies":[{"embeddable":true,"href":"https:\/\/sadhanamassagecenter.com\/es\/wp-json\/wp\/v2\/comments?post=21371"}],"wp:featuredmedia":[{"embeddable":true,"href":"https:\/\/sadhanamassagecenter.com\/es\/wp-json\/wp\/v2\/media\/44239"}],"wp:attachment":[{"href":"https:\/\/sadhanamassagecenter.com\/es\/wp-json\/wp\/v2\/media?parent=21371"}],"wp:term":[{"taxonomy":"product_brand","embeddable":true,"href":"https:\/\/sadhanamassagecenter.com\/es\/wp-json\/wp\/v2\/product_brand?post=21371"},{"taxonomy":"product_cat","embeddable":true,"href":"https:\/\/sadhanamassagecenter.com\/es\/wp-json\/wp\/v2\/product_cat?post=21371"},{"taxonomy":"product_tag","embeddable":true,"href":"https:\/\/sadhanamassagecenter.com\/es\/wp-json\/wp\/v2\/product_tag?post=21371"}],"curies":[{"name":"wp","href":"https:\/\/api.w.org\/{rel}","templated":true}]}}