{"id":21518,"date":"2019-11-27T18:35:18","date_gmt":"2019-11-27T16:35:18","guid":{"rendered":"https:\/\/sadhanamassagecenter.com\/?post_type=product&#038;p=21518"},"modified":"2026-02-19T18:54:14","modified_gmt":"2026-02-19T17:54:14","slug":"paraiso-gold-con-oro-micro-activo-bio-asimilable-2","status":"publish","type":"product","link":"https:\/\/sadhanamassagecenter.com\/es\/producto\/paraiso-gold-con-oro-micro-activo-bio-asimilable-2\/","title":{"rendered":"PARAISO GOLD con Oro Micro Activo Asimilable(Regalo)(DOS PERSONAS)"},"content":{"rendered":"<p><strong>220.00 \u20ac &#8212;- 120 minutos<\/strong><br \/>\n<strong>115.00 \u20ac &#8212;- 120 minutos (Solo 1 persona)<\/strong><\/p>\n<p><span style=\"color: #000000;\">Entre <strong>las propiedades del oro<\/strong> destacamos la <strong>luminosidad<\/strong>, que estimula la <strong>microcirculaci\u00f3n sangu\u00ednea y celular<\/strong>, con ello conseguimos <strong>revitalizar<\/strong> rostro y cuerpo. Su\u00a0<strong>efecto tensor<\/strong> ayuda a la producci\u00f3n natural de\u00a0<strong>col\u00e1geno,<\/strong> tratamientos <strong>anti edad,\u00a0regenera, nutre e hidrata en profundidad<\/strong>,\u00a0act\u00faa sobre las irritaciones e imperfecciones dej\u00e1ndola <strong>fina, sedosa y aterciopelada.<\/strong> Adem\u00e1s, es\u00a0Antioxidante ya que <strong>estimula la oxigenaci\u00f3n de la piel aport\u00e1ndole vitalidad y energ\u00eda.<\/strong><\/span><\/p>\n<p><span style=\"color: #000000;\"><strong>\u00a0<\/strong><strong>El tratamiento facial<\/strong> incluye limpieza de la piel, t\u00f3nico refrescante, peeling, mascarilla de oro y crema hidratante anti edad.<\/span><\/p>\n<ul>\n<li>Luminosidad<\/li>\n<li>Efecto tensor<\/li>\n<li>Regenerador<\/li>\n<li>Antioxidante<\/li>\n<\/ul>\n<p><strong> INCLUYE<\/strong><\/p>\n<ul>\n<li>Exfoliaci\u00f3n<\/li>\n<li>Envoltura<\/li>\n<li>Masaje<\/li>\n<li>Ducha y t\u00e9<\/li>\n<\/ul>\n<h2><span style=\"color: #ff0000;\"><strong>Tiene una validez de 3 meses.<\/strong><\/span><\/h2>\n<h2><span style=\"color: #ff0000;\"><strong>En las citas para pedidos regalo o tarjeta, se pedir\u00e1\u00a0el c\u00f3digo\u00a0adjuntado\u00a0tras su compra cuando realice la reserva telef\u00f3nica\u00a0o por email.<\/strong><\/span><\/h2>\n","protected":false},"excerpt":{"rendered":"<p><strong>220.00 \u20ac &#8212;- 120 minutos<\/strong><br \/>\n<strong>115.00 \u20ac &#8212;- 120 minutos (Solo 1 persona)<\/strong><\/p>\n","protected":false},"featured_media":21512,"comment_status":"open","ping_status":"closed","template":"","meta":{"_et_pb_use_builder":"","_et_pb_old_content":"","_et_gb_content_width":""},"product_brand":[],"product_cat":[83,40,85],"product_tag":[],"class_list":{"0":"post-21518","1":"product","2":"type-product","3":"status-publish","4":"has-post-thumbnail","6":"product_cat-parejas","7":"product_cat-regalo","8":"product_cat-regalo-1-persona","10":"first","11":"instock","12":"virtual","13":"taxable","14":"purchasable","15":"product-type-simple"},"supplier_id":null,"supplier_sku":"","barcode":null,"atum_controlled":true,"out_stock_date":null,"out_stock_threshold":null,"inheritable":false,"inbound_stock":null,"stock_on_hold":0,"sold_today":0,"sales_last_days":0,"reserved_stock":null,"customer_returns":null,"warehouse_damage":null,"lost_in_post":null,"other_logs":null,"out_stock_days":0,"lost_sales":0,"has_location":false,"update_date":"2026-05-03T00:52:39","atum_locations":[],"atum_stock_status":"instock","restock_status":false,"low_stock_amount":"","sales_update_date":"2026-05-03T00:52:39","calc_backorders":null,"exclude_global_add_ons":false,"addons":[{"name":"Comentarios","type":"custom_textarea","position":0,"required":false,"title_format":"label","default":"","description_enable":false,"description":"","placeholder_enable":false,"placeholder":"","display":"select","restrictions_type":"any_text","adjust_price":false,"price":"","price_type":"flat_fee","restrictions":false,"min":"0","max":"0","options":[],"id":1713202476},{"name":"N\u00ba de Personas","type":"multiple_choice","position":1,"required":true,"title_format":"label","default":"","description_enable":false,"description":"","placeholder_enable":false,"placeholder":"","display":"select","restrictions_type":"any_text","adjust_price":false,"price":"","price_type":"flat_fee","restrictions":false,"min":"0","max":"0","options":[{"label":"1 Persona - 115\u20ac","price":"","price_type":"quantity_based","image":0,"visibility":true},{"label":"2 Personas - 220\u20ac","price":"105","price_type":"quantity_based","image":0,"visibility":true}],"id":1713202477},{"name":"A\u00f1ade tu extra","type":"checkbox","position":2,"required":false,"title_format":"heading","default":"","description_enable":false,"description":"","placeholder_enable":false,"placeholder":"","display":"select","restrictions_type":"any_text","adjust_price":false,"price":"","price_type":"flat_fee","restrictions":false,"min":"0","max":"0","options":[{"label":"Facial expr\u00e9s","price":"40","price_type":"flat_fee","image":0,"visibility":true},{"label":"Masaje craneal","price":"40","price_type":"flat_fee","image":0,"visibility":true},{"label":"Masaje pies","price":"40","price_type":"flat_fee","image":0,"visibility":true},{"label":"Parafina en pies o manos","price":"40","price_type":"flat_fee","image":0,"visibility":true},{"label":"Exfoliaci\u00f3n","price":"50","price_type":"flat_fee","image":0,"visibility":true}],"id":1748368829},{"name":"30 minutos extra","type":"multiple_choice","position":0,"required":false,"title_format":"label","default":"","description_enable":true,"description":"La duraci\u00f3n del masaje pasa a ser de 60 minutos","placeholder_enable":false,"placeholder":"","display":"radiobutton","restrictions_type":"any_text","adjust_price":false,"price":"","price_type":"flat_fee","restrictions":false,"min":"0","max":"0","options":[{"label":"+ 30 minutos","price":"30","price_type":"flat_fee","image":0,"visibility":true}]},{"name":"A\u00f1ade tu extra de 20 minutos","type":"checkbox","position":0,"required":false,"title_format":"label","default":"","description_enable":false,"description":"","placeholder_enable":false,"placeholder":"","display":"select","restrictions_type":"any_text","adjust_price":false,"price":"","price_type":"flat_fee","restrictions":false,"min":"0","max":"0","options":[{"label":"Facial expr\u00e9s - 20\u20ac","price":"20","price_type":"flat_fee","image":0,"visibility":true},{"label":"Masaje craneal - 20\u20ac","price":"20","price_type":"flat_fee","image":0,"visibility":true},{"label":"Masaje pies - 20\u20ac","price":"20","price_type":"flat_fee","image":0,"visibility":true},{"label":"Parafina en pies o manos - 20\u20ac","price":"20","price_type":"flat_fee","image":0,"visibility":true},{"label":"Exfoliaci\u00f3n y ducha - 25\u20ac","price":"25","price_type":"flat_fee","image":0,"visibility":true}],"id":1771496755},{"name":"Extras especiales","type":"checkbox","position":0,"required":false,"title_format":"label","default":"","description_enable":true,"description":"A\u00f1ade en tu masaje a tu masaje....","placeholder_enable":false,"placeholder":"","display":"select","restrictions_type":"any_text","adjust_price":false,"price":"","price_type":"flat_fee","restrictions":false,"min":"0","max":"0","options":[{"label":"Bombones , agua, refrescos o cava fr\u00edo y p\u00e9talos","price":"35","price_type":"flat_fee","image":0,"visibility":true},{"label":"Osito de peluche","price":"10","price_type":"flat_fee","image":0,"visibility":true}],"id":1770235188}],"_links":{"self":[{"href":"https:\/\/sadhanamassagecenter.com\/es\/wp-json\/wp\/v2\/product\/21518","targetHints":{"allow":["GET"]}}],"collection":[{"href":"https:\/\/sadhanamassagecenter.com\/es\/wp-json\/wp\/v2\/product"}],"about":[{"href":"https:\/\/sadhanamassagecenter.com\/es\/wp-json\/wp\/v2\/types\/product"}],"replies":[{"embeddable":true,"href":"https:\/\/sadhanamassagecenter.com\/es\/wp-json\/wp\/v2\/comments?post=21518"}],"wp:featuredmedia":[{"embeddable":true,"href":"https:\/\/sadhanamassagecenter.com\/es\/wp-json\/wp\/v2\/media\/21512"}],"wp:attachment":[{"href":"https:\/\/sadhanamassagecenter.com\/es\/wp-json\/wp\/v2\/media?parent=21518"}],"wp:term":[{"taxonomy":"product_brand","embeddable":true,"href":"https:\/\/sadhanamassagecenter.com\/es\/wp-json\/wp\/v2\/product_brand?post=21518"},{"taxonomy":"product_cat","embeddable":true,"href":"https:\/\/sadhanamassagecenter.com\/es\/wp-json\/wp\/v2\/product_cat?post=21518"},{"taxonomy":"product_tag","embeddable":true,"href":"https:\/\/sadhanamassagecenter.com\/es\/wp-json\/wp\/v2\/product_tag?post=21518"}],"curies":[{"name":"wp","href":"https:\/\/api.w.org\/{rel}","templated":true}]}}