{"id":21536,"date":"2019-11-27T19:22:42","date_gmt":"2019-11-27T17:22:42","guid":{"rendered":"https:\/\/sadhanamassagecenter.com\/?post_type=product&#038;p=21536"},"modified":"2026-04-21T12:40:40","modified_gmt":"2026-04-21T10:40:40","slug":"cv-primary-essence-natural-cosmetics","status":"publish","type":"product","link":"https:\/\/sadhanamassagecenter.com\/es\/producto\/cv-primary-essence-natural-cosmetics\/","title":{"rendered":"CV PRIMARY ESSENCE -NATURAL COSMETICS"},"content":{"rendered":"<p>Este tratamiento es basado en tradici\u00f3n de la aromaterapia m\u00e1s pura, con\u00a0las t\u00e9cnicas m\u00e1s avanzadas para crear esa cosm\u00e9tica natural que cuida la piel, reconforta el esp\u00edritu y relaja la mente.<br \/>\nEn el tratamiento utilizamos el aceite esencial seg\u00fan el tipo de piel para obtener el mejor resultado para cada tipo de rostro.<\/p>\n<p><strong>EFICAZ CONTRA EL ENVEJECIMIENTO<\/strong>: Mascarilla de barro extra\u00edda exclusivamente del Mar Muerto, que ha sido denominada <strong>como la fuente de la juventud. 100% Puro barro<\/strong> del Mar Muerto ayuda a para <strong>limpiar eficazmente la piel<\/strong> y proporcionan una sensaci\u00f3n relajante, rico en minerales.<\/p>\n<p><strong>Dependiendo del aceite esencial utilizado podemos realizar los siguientes tratamientos:<\/strong><\/p>\n<ul>\n<li>Tratamiento para pieles grasas<\/li>\n<li>Tratamiento anti edad<\/li>\n<li>Tratamiento para piel secas y deshidratara<\/li>\n<li>Tratamiento de lifting<\/li>\n<\/ul>\n<p><strong>INCLUYE<\/strong><\/p>\n<ul>\n<li>Limpieza de la piel. 10m<\/li>\n<li>Exfoliaci\u00f3n profunda . 10m<\/li>\n<li>Aplicaci\u00f3n aceites esenciales puros seg\u00fan el tipo de piel y masaje con crema natural. 15m<\/li>\n<li>Mascarilla de barro extra\u00edda exclusivamente del Mar Muerto<\/li>\n<li>15m acompa\u00f1ado de un masajes de brazos y manos.<\/li>\n<li>Crema final seg\u00fan el tipo de piel 5m.<\/li>\n<\/ul>\n<p><strong><span style=\"color: #993300;\">\u00a1IMPORTANTE!<\/span><\/strong><\/p>\n<p><strong><span style=\"color: #993300;\">La mitad del precio se paga por la web, en concepto de reserva y el resto en efectivo en el local.<\/span><\/strong><\/p>\n<p><strong><span style=\"color: #993300;\">La reserva NO es reembolsable.<\/span><\/strong><\/p>\n","protected":false},"excerpt":{"rendered":"<p><strong>TOTAL A PAGAR: 55.00\u20ac &#8212;- 60 minutos<\/strong><\/p>\n<p>Este tratamiento es basado en tradici\u00f3n de la aromaterapia m\u00e1s pura, con\u00a0las t\u00e9cnicas m\u00e1s avanzadas para crear esa cosm\u00e9tica natural que cuida la piel, reconforta el esp\u00edritu y relaja la mente.<\/p>\n<p><strong><span style=\"color: #993300;\">\u00a1IMPORTANTE!<\/span><\/strong><\/p>\n<p><strong><span style=\"color: #993300;\">La mitad del precio se paga por la web, en concepto de reserva y el resto en efectivo en el local.<\/span><\/strong><\/p>\n<p><strong><span style=\"color: #993300;\">La reserva NO es reembolsable.<\/span><\/strong><\/p>\n","protected":false},"featured_media":21606,"comment_status":"open","ping_status":"closed","template":"","meta":{"_et_pb_use_builder":"","_et_pb_old_content":"","_et_gb_content_width":""},"product_brand":[],"product_cat":[84,36],"product_tag":[],"class_list":{"0":"post-21536","1":"product","2":"type-product","3":"status-publish","4":"has-post-thumbnail","6":"product_cat-extras-1-persona","7":"product_cat-ritual","9":"first","10":"instock","11":"virtual","12":"taxable","13":"purchasable","14":"product-type-appointment"},"supplier_id":null,"supplier_sku":"","barcode":null,"atum_controlled":true,"out_stock_date":null,"out_stock_threshold":null,"inheritable":false,"inbound_stock":null,"stock_on_hold":0,"sold_today":0,"sales_last_days":0,"reserved_stock":null,"customer_returns":null,"warehouse_damage":null,"lost_in_post":null,"other_logs":null,"out_stock_days":0,"lost_sales":0,"has_location":null,"update_date":"2026-05-07T01:05:20","atum_locations":[],"atum_stock_status":"instock","restock_status":false,"low_stock_amount":"","sales_update_date":"2026-05-07T01:05:20","calc_backorders":null,"exclude_global_add_ons":false,"addons":[{"name":"Comentarios","type":"custom_textarea","position":0,"required":false,"title_format":"label","default":"","description_enable":false,"description":"","placeholder_enable":false,"placeholder":"","display":"select","restrictions_type":"any_text","adjust_price":false,"price":"","price_type":"flat_fee","restrictions":false,"min":"0","max":"0","options":[],"id":1671645219},{"name":"30 minutos extra","type":"multiple_choice","position":0,"required":false,"title_format":"label","default":"","description_enable":true,"description":"La duraci\u00f3n del masaje pasa a ser de 60 minutos","placeholder_enable":false,"placeholder":"","display":"radiobutton","restrictions_type":"any_text","adjust_price":false,"price":"","price_type":"flat_fee","restrictions":false,"min":"0","max":"0","options":[{"label":"+ 30 minutos","price":"30","price_type":"flat_fee","image":0,"visibility":true}]},{"name":"A\u00f1ade tu extra de 20 minutos","type":"checkbox","position":0,"required":false,"title_format":"label","default":"","description_enable":false,"description":"","placeholder_enable":false,"placeholder":"","display":"select","restrictions_type":"any_text","adjust_price":false,"price":"","price_type":"flat_fee","restrictions":false,"min":"0","max":"0","options":[{"label":"Facial expr\u00e9s - 20\u20ac","price":"10","price_type":"flat_fee","image":0,"visibility":true},{"label":"Masaje craneal - 20\u20ac","price":"10","price_type":"flat_fee","image":0,"visibility":true},{"label":"Masaje pies - 20\u20ac","price":"10","price_type":"flat_fee","image":0,"visibility":true},{"label":"Parafina en pies o manos - 20\u20ac","price":"10","price_type":"flat_fee","image":0,"visibility":true},{"label":"Exfoliaci\u00f3n y ducha - 25\u20ac","price":"12.5","price_type":"flat_fee","image":0,"visibility":true}],"id":1770312171}],"_links":{"self":[{"href":"https:\/\/sadhanamassagecenter.com\/es\/wp-json\/wp\/v2\/product\/21536","targetHints":{"allow":["GET"]}}],"collection":[{"href":"https:\/\/sadhanamassagecenter.com\/es\/wp-json\/wp\/v2\/product"}],"about":[{"href":"https:\/\/sadhanamassagecenter.com\/es\/wp-json\/wp\/v2\/types\/product"}],"replies":[{"embeddable":true,"href":"https:\/\/sadhanamassagecenter.com\/es\/wp-json\/wp\/v2\/comments?post=21536"}],"wp:featuredmedia":[{"embeddable":true,"href":"https:\/\/sadhanamassagecenter.com\/es\/wp-json\/wp\/v2\/media\/21606"}],"wp:attachment":[{"href":"https:\/\/sadhanamassagecenter.com\/es\/wp-json\/wp\/v2\/media?parent=21536"}],"wp:term":[{"taxonomy":"product_brand","embeddable":true,"href":"https:\/\/sadhanamassagecenter.com\/es\/wp-json\/wp\/v2\/product_brand?post=21536"},{"taxonomy":"product_cat","embeddable":true,"href":"https:\/\/sadhanamassagecenter.com\/es\/wp-json\/wp\/v2\/product_cat?post=21536"},{"taxonomy":"product_tag","embeddable":true,"href":"https:\/\/sadhanamassagecenter.com\/es\/wp-json\/wp\/v2\/product_tag?post=21536"}],"curies":[{"name":"wp","href":"https:\/\/api.w.org\/{rel}","templated":true}]}}