{"id":34688,"date":"2022-12-21T17:59:12","date_gmt":"2022-12-21T16:59:12","guid":{"rendered":"https:\/\/sadhanamassagecenter.com\/?post_type=product&#038;p=34688"},"modified":"2026-02-19T18:04:23","modified_gmt":"2026-02-19T17:04:23","slug":"radiofrecuencia-facial-y-vitamina-c-para-regalar","status":"publish","type":"product","link":"https:\/\/sadhanamassagecenter.com\/es\/producto\/radiofrecuencia-facial-y-vitamina-c-para-regalar\/","title":{"rendered":"Radiofrecuencia facial y vitamina C &#8211; Para regalar"},"content":{"rendered":"<p><span style=\"color: #000000;\"><strong>Energizante y antioxidante<\/strong>\u00a0para<strong>\u00a0todo<\/strong>\u00a0<strong>tipo de pieles<\/strong>, incluso las m\u00e1s delicadas. Contiene v<strong>itamina C<\/strong>\u00a0que neutraliza los radicales libres,\u00a0<strong>estimula la s\u00edntesis de col\u00e1geno, El resultado es una piel m\u00e1s tersa, radiante y luminosa.<\/strong><\/span><\/p>\n<p><span style=\"color: #000000;\"><strong>La\u00a0radiofrecuencia\u00a0es una t\u00e9cnica no invasiva enfocada a la estimulaci\u00f3n de la producci\u00f3n de col\u00e1geno<\/strong>\u00a0<strong>es completamente indolora:<\/strong>\u00a0<\/span><\/p>\n<p><span style=\"color: #000000;\"><strong>El incremento en los niveles de col\u00e1geno otorga tensi\u00f3n en el \u00e1rea tratada<\/strong>, lo que se traduce en una\u00a0<strong>disminuci\u00f3n de la flacidez y rejuvenecimiento<\/strong>\u00a0de la zona.<\/span><\/p>\n<div style=\"width: 50%; float: left;\">\n<p><span style=\"color: #000000;\"><strong>BENEFICIOS<\/strong><\/span><\/p>\n<ul>\n<li><span style=\"color: #000000;\"><strong>Disminuir<\/strong> la flacidez gracias a su efecto lifting<\/span><\/li>\n<li><span style=\"color: #000000;\"><strong>Disimular<\/strong> las l\u00edneas de expresi\u00f3n debido al aumento de producci\u00f3n de <strong>col\u00e1geno<\/strong><\/span><\/li>\n<li><span style=\"color: #000000;\"><strong>Reducir el sebo<\/strong><\/span><\/li>\n<\/ul>\n<\/div>\n<div style=\"width: 50%; float: left;\">\n<p><span style=\"color: #000000;\"><strong>INCLUYE<\/strong><\/span><\/p>\n<ul>\n<li><span style=\"color: #000000;\"><strong>Limpieza <\/strong>de rostro. 10m.<\/span><\/li>\n<li><span style=\"color: #000000;\"><strong>Radiofrecuencia.<\/strong> 10\/15m.<\/span><\/li>\n<li><span style=\"color: #000000;\"><strong>Mascarilla.<\/strong> 10\/15m acompa\u00f1ado de un masaje craneal de 15m.<\/span><\/li>\n<li><span style=\"color: #000000;\"><strong>Ampolla y masaje<\/strong> con rodillo de jade. 15m. Crema final de vitamina C 5m<\/span><\/li>\n<\/ul>\n<\/div>\n<h2><span style=\"color: #ff0000;\"><strong>Tiene una validez de 3 meses.<\/strong><\/span><\/h2>\n<h2><span style=\"color: #ff0000;\"><strong>En las citas para pedidos regalo o tarjeta, se pedir\u00e1\u00a0el c\u00f3digo\u00a0adjuntado\u00a0tras su compra cuando realice la reserva telef\u00f3nica\u00a0o por email.<\/strong><\/span><\/h2>\n","protected":false},"excerpt":{"rendered":"<p><strong>75.00 \u20ac &#8212;- 65 minutos aprox.<\/strong><\/p>\n","protected":false},"featured_media":34660,"comment_status":"open","ping_status":"closed","template":"","meta":{"_et_pb_use_builder":"","_et_pb_old_content":"","_et_gb_content_width":""},"product_brand":[],"product_cat":[40,85],"product_tag":[],"class_list":{"0":"post-34688","1":"product","2":"type-product","3":"status-publish","4":"has-post-thumbnail","6":"product_cat-regalo","7":"product_cat-regalo-1-persona","9":"first","10":"instock","11":"virtual","12":"taxable","13":"purchasable","14":"product-type-simple"},"supplier_id":null,"supplier_sku":"","barcode":null,"atum_controlled":true,"out_stock_date":null,"out_stock_threshold":null,"inheritable":false,"inbound_stock":null,"stock_on_hold":0,"sold_today":0,"sales_last_days":0,"reserved_stock":null,"customer_returns":null,"warehouse_damage":null,"lost_in_post":null,"other_logs":null,"out_stock_days":0,"lost_sales":0,"has_location":false,"update_date":"2026-04-16T00:20:47","atum_locations":[],"atum_stock_status":"instock","restock_status":false,"low_stock_amount":"","sales_update_date":"2026-04-16T00:20:47","calc_backorders":null,"exclude_global_add_ons":false,"addons":[{"name":"Comentarios","type":"custom_textarea","position":0,"required":false,"title_format":"label","default":"","description_enable":false,"description":"","placeholder_enable":false,"placeholder":"","display":"select","restrictions_type":"any_text","adjust_price":false,"price":"","price_type":"flat_fee","restrictions":false,"min":"0","max":"0","options":[],"id":1721301834},{"name":"30 minutos extra","type":"multiple_choice","position":0,"required":false,"title_format":"label","default":"","description_enable":true,"description":"La duraci\u00f3n del masaje pasa a ser de 60 minutos","placeholder_enable":false,"placeholder":"","display":"radiobutton","restrictions_type":"any_text","adjust_price":false,"price":"","price_type":"flat_fee","restrictions":false,"min":"0","max":"0","options":[{"label":"+ 30 minutos","price":"30","price_type":"flat_fee","image":0,"visibility":true}]},{"name":"A\u00f1ade tu extra de 20 minutos","type":"checkbox","position":0,"required":false,"title_format":"label","default":"","description_enable":false,"description":"","placeholder_enable":false,"placeholder":"","display":"select","restrictions_type":"any_text","adjust_price":false,"price":"","price_type":"flat_fee","restrictions":false,"min":"0","max":"0","options":[{"label":"Facial expr\u00e9s - 20\u20ac","price":"20","price_type":"flat_fee","image":0,"visibility":true},{"label":"Masaje craneal - 20\u20ac","price":"20","price_type":"flat_fee","image":0,"visibility":true},{"label":"Masaje pies - 20\u20ac","price":"20","price_type":"flat_fee","image":0,"visibility":true},{"label":"Parafina en pies o manos - 20\u20ac","price":"20","price_type":"flat_fee","image":0,"visibility":true},{"label":"Exfoliaci\u00f3n y ducha - 25\u20ac","price":"25","price_type":"flat_fee","image":0,"visibility":true}],"id":1771496755}],"_links":{"self":[{"href":"https:\/\/sadhanamassagecenter.com\/es\/wp-json\/wp\/v2\/product\/34688","targetHints":{"allow":["GET"]}}],"collection":[{"href":"https:\/\/sadhanamassagecenter.com\/es\/wp-json\/wp\/v2\/product"}],"about":[{"href":"https:\/\/sadhanamassagecenter.com\/es\/wp-json\/wp\/v2\/types\/product"}],"replies":[{"embeddable":true,"href":"https:\/\/sadhanamassagecenter.com\/es\/wp-json\/wp\/v2\/comments?post=34688"}],"wp:featuredmedia":[{"embeddable":true,"href":"https:\/\/sadhanamassagecenter.com\/es\/wp-json\/wp\/v2\/media\/34660"}],"wp:attachment":[{"href":"https:\/\/sadhanamassagecenter.com\/es\/wp-json\/wp\/v2\/media?parent=34688"}],"wp:term":[{"taxonomy":"product_brand","embeddable":true,"href":"https:\/\/sadhanamassagecenter.com\/es\/wp-json\/wp\/v2\/product_brand?post=34688"},{"taxonomy":"product_cat","embeddable":true,"href":"https:\/\/sadhanamassagecenter.com\/es\/wp-json\/wp\/v2\/product_cat?post=34688"},{"taxonomy":"product_tag","embeddable":true,"href":"https:\/\/sadhanamassagecenter.com\/es\/wp-json\/wp\/v2\/product_tag?post=34688"}],"curies":[{"name":"wp","href":"https:\/\/api.w.org\/{rel}","templated":true}]}}