{"id":40509,"date":"2024-01-10T17:39:17","date_gmt":"2024-01-10T16:39:17","guid":{"rendered":"https:\/\/sadhanamassagecenter.com\/?post_type=product&#038;p=40509"},"modified":"2026-02-19T11:35:41","modified_gmt":"2026-02-19T10:35:41","slug":"presoterapia-para-regalar","status":"publish","type":"product","link":"https:\/\/sadhanamassagecenter.com\/es\/producto\/presoterapia-para-regalar\/","title":{"rendered":"Presoterapia-Para regalar"},"content":{"rendered":"<p><span style=\"color: #000000;\">La sensaci\u00f3n de <strong>un masaje con efectos de relajaci\u00f3n y compresi\u00f3n<\/strong> suficientes para <strong>activar el sistema linf\u00e1tico<\/strong> y con ello la <strong>eliminaci\u00f3n<\/strong> de <strong>l\u00edquidos<\/strong><strong>, de toxinas, edemas, linfedemas<\/strong> y trastornos venosos m\u00e1s conocidos como <strong>varices.<\/strong><\/span><\/p>\n<ul>\n<li><span style=\"color: #000000;\"><strong>Elimina<\/strong> la retenci\u00f3n de l\u00edquidos. <\/span><\/li>\n<li><span style=\"color: #000000;\"><strong>Favorece<\/strong> la absorci\u00f3n de edemas. <\/span><\/li>\n<li><span style=\"color: #000000;\"><strong>Oxigena<\/strong>, tonifica y devuelve la firmeza de la piel.<\/span><\/li>\n<li><span style=\"color: #000000;\"><strong>Ayuda<\/strong> a la recuperaci\u00f3n muscular.<\/span><\/li>\n<\/ul>\n<p>&nbsp;<\/p>\n<ul>\n<li>TIENE UNA CADUCIDAD DE 3 MESES.<\/li>\n<\/ul>\n<p><strong><span style=\"color: #993300;\">En las citas para pedidos regalo o tarjeta, se pedir\u00e1\u00a0el c\u00f3digo\u00a0adjuntado\u00a0tras su compra cuando realice la reserva telef\u00f3nica\u00a0o por email.<\/span><\/strong><\/p>\n<p>&nbsp;<\/p>\n","protected":false},"excerpt":{"rendered":"<p><strong>25.00 \u20ac &#8212;- 30 minutos<\/strong><\/p>\n<p><span style=\"color: #000000;\">La sensaci\u00f3n de <strong>un masaje con efectos de relajaci\u00f3n y compresi\u00f3n<\/strong> suficientes para <strong>activar el sistema linf\u00e1tico<\/strong> y con ello la <strong>eliminaci\u00f3n<\/strong> de <strong>l\u00edquidos<\/strong><strong>, de toxinas, edemas, linfedemas<\/strong> y trastornos venosos m\u00e1s conocidos como <strong>varices.<\/strong><\/span><\/p>\n<ul>\n<li><span style=\"color: #000000;\"><strong>Elimina<\/strong> la retenci\u00f3n de l\u00edquidos. <\/span><\/li>\n<li><span style=\"color: #000000;\"><strong>Favorece<\/strong> la absorci\u00f3n de edemas. <\/span><\/li>\n<li><span style=\"color: #000000;\"><strong>Oxigena<\/strong>, tonifica y devuelve la firmeza de la piel.<\/span><\/li>\n<li><span style=\"color: #000000;\"><strong>Ayuda<\/strong> a la recuperaci\u00f3n muscular.<\/span><\/li>\n<\/ul>\n<p>&nbsp;<\/p>\n<p><strong><span style=\"color: #993300;\">En las citas para pedidos regalo o tarjeta, se pedir\u00e1\u00a0el c\u00f3digo\u00a0adjuntado\u00a0tras su compra cuando realice la reserva telef\u00f3nica\u00a0o por email.<\/span><\/strong><\/p>\n","protected":false},"featured_media":40266,"comment_status":"open","ping_status":"closed","template":"","meta":{"_et_pb_use_builder":"off","_et_pb_old_content":"","_et_gb_content_width":""},"product_brand":[],"product_cat":[40,85],"product_tag":[],"class_list":{"0":"post-40509","1":"product","2":"type-product","3":"status-publish","4":"has-post-thumbnail","6":"product_cat-regalo","7":"product_cat-regalo-1-persona","9":"first","10":"instock","11":"virtual","12":"taxable","13":"purchasable","14":"product-type-simple"},"supplier_id":null,"supplier_sku":"","barcode":null,"atum_controlled":true,"out_stock_date":null,"out_stock_threshold":null,"inheritable":false,"inbound_stock":null,"stock_on_hold":0,"sold_today":0,"sales_last_days":0,"reserved_stock":null,"customer_returns":null,"warehouse_damage":null,"lost_in_post":null,"other_logs":null,"out_stock_days":0,"lost_sales":0,"has_location":false,"update_date":"2026-05-07T01:05:13","atum_locations":[],"atum_stock_status":"instock","restock_status":false,"low_stock_amount":"","sales_update_date":"2026-05-07T01:05:13","calc_backorders":null,"exclude_global_add_ons":false,"addons":[{"name":"Comentarios","type":"custom_textarea","position":0,"required":false,"title_format":"label","default":"","description_enable":false,"description":"","placeholder_enable":false,"placeholder":"","display":"select","restrictions_type":"any_text","adjust_price":false,"price":"","price_type":"flat_fee","restrictions":false,"min":"0","max":"0","options":[],"id":1712577573},{"name":"30 minutos extra","type":"multiple_choice","position":0,"required":false,"title_format":"label","default":"","description_enable":true,"description":"La duraci\u00f3n del masaje pasa a ser de 60 minutos","placeholder_enable":false,"placeholder":"","display":"radiobutton","restrictions_type":"any_text","adjust_price":false,"price":"","price_type":"flat_fee","restrictions":false,"min":"0","max":"0","options":[{"label":"+ 30 minutos","price":"30","price_type":"flat_fee","image":0,"visibility":true}]},{"name":"A\u00f1ade tu extra de 20 minutos","type":"checkbox","position":0,"required":false,"title_format":"label","default":"","description_enable":false,"description":"","placeholder_enable":false,"placeholder":"","display":"select","restrictions_type":"any_text","adjust_price":false,"price":"","price_type":"flat_fee","restrictions":false,"min":"0","max":"0","options":[{"label":"Facial expr\u00e9s - 20\u20ac","price":"20","price_type":"flat_fee","image":0,"visibility":true},{"label":"Masaje craneal - 20\u20ac","price":"20","price_type":"flat_fee","image":0,"visibility":true},{"label":"Masaje pies - 20\u20ac","price":"20","price_type":"flat_fee","image":0,"visibility":true},{"label":"Parafina en pies o manos - 20\u20ac","price":"20","price_type":"flat_fee","image":0,"visibility":true},{"label":"Exfoliaci\u00f3n y ducha - 25\u20ac","price":"25","price_type":"flat_fee","image":0,"visibility":true}],"id":1771496755}],"_links":{"self":[{"href":"https:\/\/sadhanamassagecenter.com\/es\/wp-json\/wp\/v2\/product\/40509","targetHints":{"allow":["GET"]}}],"collection":[{"href":"https:\/\/sadhanamassagecenter.com\/es\/wp-json\/wp\/v2\/product"}],"about":[{"href":"https:\/\/sadhanamassagecenter.com\/es\/wp-json\/wp\/v2\/types\/product"}],"replies":[{"embeddable":true,"href":"https:\/\/sadhanamassagecenter.com\/es\/wp-json\/wp\/v2\/comments?post=40509"}],"wp:featuredmedia":[{"embeddable":true,"href":"https:\/\/sadhanamassagecenter.com\/es\/wp-json\/wp\/v2\/media\/40266"}],"wp:attachment":[{"href":"https:\/\/sadhanamassagecenter.com\/es\/wp-json\/wp\/v2\/media?parent=40509"}],"wp:term":[{"taxonomy":"product_brand","embeddable":true,"href":"https:\/\/sadhanamassagecenter.com\/es\/wp-json\/wp\/v2\/product_brand?post=40509"},{"taxonomy":"product_cat","embeddable":true,"href":"https:\/\/sadhanamassagecenter.com\/es\/wp-json\/wp\/v2\/product_cat?post=40509"},{"taxonomy":"product_tag","embeddable":true,"href":"https:\/\/sadhanamassagecenter.com\/es\/wp-json\/wp\/v2\/product_tag?post=40509"}],"curies":[{"name":"wp","href":"https:\/\/api.w.org\/{rel}","templated":true}]}}