{"id":40530,"date":"2024-01-11T11:17:09","date_gmt":"2024-01-11T10:17:09","guid":{"rendered":"https:\/\/sadhanamassagecenter.com\/?post_type=product&#038;p=40530"},"modified":"2026-05-11T17:51:53","modified_gmt":"2026-05-11T15:51:53","slug":"maderoterapia-corporal","status":"publish","type":"product","link":"https:\/\/sadhanamassagecenter.com\/es\/producto\/maderoterapia-corporal\/","title":{"rendered":"Maderoterapia corporal"},"content":{"rendered":"<p><strong>TOTAL A PAGAR: 55\u20ac &#8212;- 60min<\/strong><\/p>\n<h3 style=\"text-align: center;\"><span style=\"color: #ff0000;\"><strong>TODOS NUESTROS MASAJES SE PUEDEN REALIZAR EN PAREJA<\/strong><\/span><\/h3>\n<p>La\u00a0<strong>maderoterapia<\/strong>\u00a0es una terapia que consiste en estimular el cuerpo con diferentes\u00a0<strong>utensilios de madera<\/strong> con el objetivo <strong>de eliminar la grasa acumulada<\/strong> en zonas como el <strong>abdomen, muslos y caderas<\/strong>. De esta manera, permite <strong>eliminar<\/strong> la <strong>retenci\u00f3n de l\u00edquidos y moldear y reafirmar.<\/strong><\/p>\n<p><strong>Beneficios<\/strong><\/p>\n<ul>\n<li><strong>Elimina la celulitis<\/strong><\/li>\n<li><strong>Reduce el volumen corporal<\/strong><\/li>\n<li><strong>Ayuda a reducir la retenci\u00f3n de l\u00edquidos y circulaci\u00f3n<\/strong><\/li>\n<li><strong>Disminuye el estr\u00e9s y fomenta la relajaci\u00f3n<\/strong><\/li>\n<\/ul>\n<p><strong><span style=\"color: #993300;\">\u00a1IMPORTANTE!<\/span><\/strong><\/p>\n<p><strong><span style=\"color: #993300;\">La mitad del precio se paga por la web, en concepto de reserva y el resto en efectivo en el local.<\/span><\/strong><\/p>\n<p><strong><span style=\"color: #993300;\">La reserva NO es reembolsable.<\/span><\/strong><\/p>\n","protected":false},"excerpt":{"rendered":"<p><strong>TOTAL A PAGAR: 55\u20ac &#8212;- 60min<\/strong><\/p>\n","protected":false},"featured_media":44246,"comment_status":"open","ping_status":"closed","template":"","meta":{"_et_pb_use_builder":"","_et_pb_old_content":"","_et_gb_content_width":""},"product_brand":[],"product_cat":[34,36],"product_tag":[],"class_list":{"0":"post-40530","1":"product","2":"type-product","3":"status-publish","4":"has-post-thumbnail","6":"product_cat-masaje","7":"product_cat-ritual","9":"first","10":"instock","11":"virtual","12":"taxable","13":"purchasable","14":"product-type-appointment"},"supplier_id":null,"supplier_sku":"","barcode":null,"atum_controlled":true,"out_stock_date":null,"out_stock_threshold":null,"inheritable":false,"inbound_stock":null,"stock_on_hold":0,"sold_today":0,"sales_last_days":4,"reserved_stock":null,"customer_returns":null,"warehouse_damage":null,"lost_in_post":null,"other_logs":null,"out_stock_days":0,"lost_sales":0,"has_location":false,"update_date":"2026-05-11T15:52:03","atum_locations":[],"atum_stock_status":"instock","restock_status":false,"low_stock_amount":"","sales_update_date":"2026-05-11T01:09:42","calc_backorders":null,"exclude_global_add_ons":false,"addons":[{"name":"Comentarios","type":"custom_textarea","position":0,"required":false,"title_format":"label","default":"","description_enable":false,"description":"","placeholder_enable":false,"placeholder":"","display":"select","restrictions_type":"any_text","adjust_price":false,"price":"","price_type":"flat_fee","restrictions":false,"min":"0","max":"0","options":[],"id":1715627653},{"name":"A\u00f1ade tu extra de 20 minutos","type":"checkbox","position":1,"required":false,"title_format":"heading","default":"","description_enable":false,"description":"Exfoliaci\u00f3n","placeholder_enable":false,"placeholder":"","display":"select","restrictions_type":"any_text","adjust_price":false,"price":"","price_type":"flat_fee","restrictions":false,"min":"0","max":"0","options":[{"label":"Facial expr\u00e9s","price":"20","price_type":"flat_fee","image":0,"visibility":true},{"label":"Masaje craneal","price":"20","price_type":"flat_fee","image":0,"visibility":true},{"label":"Masaje pies","price":"20","price_type":"flat_fee","image":0,"visibility":true},{"label":"Parafina en pies o manos","price":"20","price_type":"flat_fee","image":0,"visibility":true},{"label":"Exfoliaci\u00f3n","price":"25","price_type":"flat_fee","image":0,"visibility":true}],"id":1747824314},{"name":"30 minutos extra","type":"multiple_choice","position":0,"required":false,"title_format":"label","default":"","description_enable":true,"description":"La duraci\u00f3n del masaje pasa a ser de 60 minutos","placeholder_enable":false,"placeholder":"","display":"radiobutton","restrictions_type":"any_text","adjust_price":false,"price":"","price_type":"flat_fee","restrictions":false,"min":"0","max":"0","options":[{"label":"+ 30 minutos","price":"30","price_type":"flat_fee","image":0,"visibility":true}]}],"_links":{"self":[{"href":"https:\/\/sadhanamassagecenter.com\/es\/wp-json\/wp\/v2\/product\/40530","targetHints":{"allow":["GET"]}}],"collection":[{"href":"https:\/\/sadhanamassagecenter.com\/es\/wp-json\/wp\/v2\/product"}],"about":[{"href":"https:\/\/sadhanamassagecenter.com\/es\/wp-json\/wp\/v2\/types\/product"}],"replies":[{"embeddable":true,"href":"https:\/\/sadhanamassagecenter.com\/es\/wp-json\/wp\/v2\/comments?post=40530"}],"wp:featuredmedia":[{"embeddable":true,"href":"https:\/\/sadhanamassagecenter.com\/es\/wp-json\/wp\/v2\/media\/44246"}],"wp:attachment":[{"href":"https:\/\/sadhanamassagecenter.com\/es\/wp-json\/wp\/v2\/media?parent=40530"}],"wp:term":[{"taxonomy":"product_brand","embeddable":true,"href":"https:\/\/sadhanamassagecenter.com\/es\/wp-json\/wp\/v2\/product_brand?post=40530"},{"taxonomy":"product_cat","embeddable":true,"href":"https:\/\/sadhanamassagecenter.com\/es\/wp-json\/wp\/v2\/product_cat?post=40530"},{"taxonomy":"product_tag","embeddable":true,"href":"https:\/\/sadhanamassagecenter.com\/es\/wp-json\/wp\/v2\/product_tag?post=40530"}],"curies":[{"name":"wp","href":"https:\/\/api.w.org\/{rel}","templated":true}]}}