{"id":40531,"date":"2024-01-11T11:20:59","date_gmt":"2024-01-11T10:20:59","guid":{"rendered":"https:\/\/sadhanamassagecenter.com\/?post_type=product&#038;p=40531"},"modified":"2026-03-25T10:13:58","modified_gmt":"2026-03-25T09:13:58","slug":"maderoterapia-corporal-para-regalar","status":"publish","type":"product","link":"https:\/\/sadhanamassagecenter.com\/es\/producto\/maderoterapia-corporal-para-regalar\/","title":{"rendered":"Maderoterapia corporal-Para regalar"},"content":{"rendered":"<p><strong>55.00 \u20ac &#8212;- 60 minutos<\/strong><\/p>\n<p>La\u00a0<strong>maderoterapia<\/strong>\u00a0es una terapia que consiste en estimular el cuerpo con diferentes\u00a0<strong>utensilios de madera<\/strong>\u00a0con el objetivo\u00a0<strong>de eliminar la grasa acumulada<\/strong>\u00a0en zonas como el\u00a0<strong>abdomen, muslos y caderas<\/strong>. De esta manera, permite\u00a0<strong>eliminar<\/strong>\u00a0la\u00a0<strong>retenci\u00f3n de l\u00edquidos y moldear y reafirmar.<\/strong><\/p>\n<p><strong>Beneficios<\/strong><\/p>\n<ul>\n<li><strong>Elimina la celulitis<\/strong><\/li>\n<li><strong>Reduce el volumen corporal<\/strong><\/li>\n<li><strong>Ayuda a reducir la retenci\u00f3n de l\u00edquidos y circulaci\u00f3n<\/strong><\/li>\n<li><strong>Disminuye el estr\u00e9s y fomenta la relajaci\u00f3n<\/strong><\/li>\n<\/ul>\n<h2><span style=\"color: #ff0000;\"><strong>Tiene una validez de 3 meses.<\/strong><\/span><\/h2>\n<h2><span style=\"color: #ff0000;\"><strong>En las citas para pedidos regalo o tarjeta, se pedir\u00e1\u00a0el c\u00f3digo\u00a0adjuntado\u00a0tras su compra cuando realice la reserva telef\u00f3nica\u00a0o por email.<\/strong><\/span><\/h2>\n","protected":false},"excerpt":{"rendered":"<p><strong>55.00 \u20ac &#8212;- 60 minutos<\/strong><\/p>\n","protected":false},"featured_media":44246,"comment_status":"open","ping_status":"closed","template":"","meta":{"_et_pb_use_builder":"off","_et_pb_old_content":"","_et_gb_content_width":""},"product_brand":[],"product_cat":[40],"product_tag":[],"class_list":{"0":"post-40531","1":"product","2":"type-product","3":"status-publish","4":"has-post-thumbnail","6":"product_cat-regalo","8":"first","9":"instock","10":"virtual","11":"taxable","12":"purchasable","13":"product-type-simple"},"supplier_id":null,"supplier_sku":"","barcode":null,"atum_controlled":true,"out_stock_date":null,"out_stock_threshold":null,"inheritable":false,"inbound_stock":null,"stock_on_hold":0,"sold_today":0,"sales_last_days":0,"reserved_stock":null,"customer_returns":null,"warehouse_damage":null,"lost_in_post":null,"other_logs":null,"out_stock_days":0,"lost_sales":0,"has_location":null,"update_date":"2026-04-16T00:20:48","atum_locations":[],"atum_stock_status":"instock","restock_status":false,"low_stock_amount":"","sales_update_date":"2026-04-16T00:20:48","calc_backorders":null,"exclude_global_add_ons":false,"addons":[{"name":"Comentarios","type":"custom_textarea","position":0,"required":false,"title_format":"label","default":"","description_enable":false,"description":"","placeholder_enable":false,"placeholder":"","display":"select","restrictions_type":"any_text","adjust_price":false,"price":"","price_type":"flat_fee","restrictions":false,"min":"0","max":"0","options":[],"id":1715628600},{"name":"A\u00f1ade tu extra","type":"checkbox","position":1,"required":false,"title_format":"heading","default":"","description_enable":false,"description":"","placeholder_enable":false,"placeholder":"","display":"select","restrictions_type":"any_text","adjust_price":false,"price":"","price_type":"flat_fee","restrictions":false,"min":"0","max":"0","options":[{"label":"Facial expr\u00e9s","price":"20","price_type":"flat_fee","image":0,"visibility":true},{"label":"Masaje craneal","price":"20","price_type":"flat_fee","image":0,"visibility":true},{"label":"Masaje pies","price":"20","price_type":"flat_fee","image":0,"visibility":true},{"label":"Parafina en pies o manos","price":"20","price_type":"flat_fee","image":0,"visibility":true},{"label":"Exfoliaci\u00f3n","price":"25","price_type":"flat_fee","image":0,"visibility":true}],"id":1748366796},{"name":"30 minutos extra","type":"multiple_choice","position":0,"required":false,"title_format":"label","default":"","description_enable":true,"description":"La duraci\u00f3n del masaje pasa a ser de 60 minutos","placeholder_enable":false,"placeholder":"","display":"radiobutton","restrictions_type":"any_text","adjust_price":false,"price":"","price_type":"flat_fee","restrictions":false,"min":"0","max":"0","options":[{"label":"+ 30 minutos","price":"30","price_type":"flat_fee","image":0,"visibility":true}]}],"_links":{"self":[{"href":"https:\/\/sadhanamassagecenter.com\/es\/wp-json\/wp\/v2\/product\/40531","targetHints":{"allow":["GET"]}}],"collection":[{"href":"https:\/\/sadhanamassagecenter.com\/es\/wp-json\/wp\/v2\/product"}],"about":[{"href":"https:\/\/sadhanamassagecenter.com\/es\/wp-json\/wp\/v2\/types\/product"}],"replies":[{"embeddable":true,"href":"https:\/\/sadhanamassagecenter.com\/es\/wp-json\/wp\/v2\/comments?post=40531"}],"wp:featuredmedia":[{"embeddable":true,"href":"https:\/\/sadhanamassagecenter.com\/es\/wp-json\/wp\/v2\/media\/44246"}],"wp:attachment":[{"href":"https:\/\/sadhanamassagecenter.com\/es\/wp-json\/wp\/v2\/media?parent=40531"}],"wp:term":[{"taxonomy":"product_brand","embeddable":true,"href":"https:\/\/sadhanamassagecenter.com\/es\/wp-json\/wp\/v2\/product_brand?post=40531"},{"taxonomy":"product_cat","embeddable":true,"href":"https:\/\/sadhanamassagecenter.com\/es\/wp-json\/wp\/v2\/product_cat?post=40531"},{"taxonomy":"product_tag","embeddable":true,"href":"https:\/\/sadhanamassagecenter.com\/es\/wp-json\/wp\/v2\/product_tag?post=40531"}],"curies":[{"name":"wp","href":"https:\/\/api.w.org\/{rel}","templated":true}]}}