{"id":50590,"date":"2025-07-24T12:37:18","date_gmt":"2025-07-24T10:37:18","guid":{"rendered":"https:\/\/sadhanamassagecenter.com\/?post_type=product&#038;p=50590"},"modified":"2026-02-19T11:49:43","modified_gmt":"2026-02-19T10:49:43","slug":"ritual-zen-vital-para-regalar","status":"publish","type":"product","link":"https:\/\/sadhanamassagecenter.com\/es\/producto\/ritual-zen-vital-para-regalar\/","title":{"rendered":"Ritual Zen Vital &#8211; Para regalar"},"content":{"rendered":"<p><strong>65.00\u20ac &#8212;- 70 minutos<\/strong><\/p>\n<p><span style=\"color: #000000;\">Un viaje hacia el <strong>equilibrio profundo a trav\u00e9s del poder del Shiatsu<\/strong>, una t\u00e9cnica japonesa que trabaja con presiones firmes sobre los canales energ\u00e9ticos del cuerpo (meridianos) para <strong>liberar bloqueos, aliviar tensiones y restaurar la armon\u00eda interior.<\/strong> Este tratamiento combina la <strong>precisi\u00f3n terap\u00e9utica del Shiatsu<\/strong> con los <strong>aromas naturales de Indonesia<\/strong> y finaliza con una<strong> envoltura corporal de aloe vera, que calma y revitaliza la piel.<\/strong><\/span><\/p>\n<div style=\"width: 50%; float: left;\">\n<p><span style=\"color: #000000;\"><strong>BENEFICIOS<\/strong><\/span><\/p>\n<ul>\n<li><span style=\"color: #000000;\">Favorece el <strong>descanso y reduce el insomnio<\/strong><\/span><\/li>\n<li><span style=\"color: #000000;\">Estimula la <strong>circulaci\u00f3n y oxigenaci\u00f3n celular<\/strong><\/span><\/li>\n<li><strong><span style=\"color: #000000;\">Rejuvenece y mejora la textura de la piel<\/span><\/strong><\/li>\n<li><span style=\"color: #000000;\">Equilibra el flujo energ\u00e9tico (chi), generando <strong>bienestar integral<\/strong><\/span><\/li>\n<\/ul>\n<\/div>\n<div style=\"width: 50%; float: left;\">\n<p><span style=\"color: #000000;\"><strong>INCLUYE<\/strong><\/span><\/p>\n<ul>\n<li><span style=\"color: #000000;\">Masaje facial con elixir <strong>antiarrugas de efecto regenerador<\/strong><\/span><\/li>\n<li><span style=\"color: #000000;\"><strong>Masaje corporal con presiones Shiatsu<\/strong> en brazos, abdomen, piernas, espalda y pies (aprox. 40 min)<\/span><\/li>\n<li><span style=\"color: #000000;\"><strong>Envoltura de aloe vera<\/strong> + ducha relajante (20 min)<\/span><\/li>\n<\/ul>\n<\/div>\n<p>&nbsp;<\/p>\n<p>&nbsp;<\/p>\n<p>&nbsp;<\/p>\n<h3 style=\"text-align: center;\"><span style=\"color: #ff0000;\"><strong>TODOS NUESTROS MASAJES SE PUEDEN REALIZAR EN PAREJA<\/strong><\/span><\/h3>\n<h2><span style=\"color: #ff0000;\"><strong>Tiene una validez de 3 meses.<\/strong><\/span><\/h2>\n<h2><span style=\"color: #ff0000;\"><strong>En las citas para pedidos regalo o tarjeta, se pedir\u00e1\u00a0el c\u00f3digo\u00a0adjuntado\u00a0tras su compra cuando realice la reserva telef\u00f3nica\u00a0o por email.<\/strong><\/span><\/h2>\n","protected":false},"excerpt":{"rendered":"<p><strong>65.00\u20ac &#8212;- 70 minutos<\/strong><\/p>\n","protected":false},"featured_media":44258,"comment_status":"open","ping_status":"closed","template":"","meta":{"_et_pb_use_builder":"off","_et_pb_old_content":"","_et_gb_content_width":""},"product_brand":[],"product_cat":[40,85],"product_tag":[],"class_list":{"0":"post-50590","1":"product","2":"type-product","3":"status-publish","4":"has-post-thumbnail","6":"product_cat-regalo","7":"product_cat-regalo-1-persona","9":"first","10":"instock","11":"virtual","12":"taxable","13":"purchasable","14":"product-type-simple"},"supplier_id":null,"supplier_sku":"","barcode":null,"atum_controlled":true,"out_stock_date":null,"out_stock_threshold":null,"inheritable":false,"inbound_stock":null,"stock_on_hold":1,"sold_today":0,"sales_last_days":0,"reserved_stock":null,"customer_returns":null,"warehouse_damage":null,"lost_in_post":null,"other_logs":null,"out_stock_days":0,"lost_sales":0,"has_location":false,"update_date":"2026-05-07T01:05:20","atum_locations":[],"atum_stock_status":"instock","restock_status":false,"low_stock_amount":"","sales_update_date":"2026-05-07T01:05:20","calc_backorders":null,"exclude_global_add_ons":false,"addons":[{"name":"Comentarios","type":"custom_textarea","position":0,"required":false,"title_format":"label","default":"","description_enable":false,"description":"","placeholder_enable":false,"placeholder":"","display":"select","restrictions_type":"any_text","adjust_price":false,"price":"","price_type":"flat_fee","restrictions":false,"min":"0","max":"0","options":[],"id":1720609306},{"name":"30 minutos extra","type":"multiple_choice","position":0,"required":false,"title_format":"label","default":"","description_enable":true,"description":"La duraci\u00f3n del masaje pasa a ser de 60 minutos","placeholder_enable":false,"placeholder":"","display":"radiobutton","restrictions_type":"any_text","adjust_price":false,"price":"","price_type":"flat_fee","restrictions":false,"min":"0","max":"0","options":[{"label":"+ 30 minutos","price":"30","price_type":"flat_fee","image":0,"visibility":true}]},{"name":"A\u00f1ade tu extra de 20 minutos","type":"checkbox","position":0,"required":false,"title_format":"label","default":"","description_enable":false,"description":"","placeholder_enable":false,"placeholder":"","display":"select","restrictions_type":"any_text","adjust_price":false,"price":"","price_type":"flat_fee","restrictions":false,"min":"0","max":"0","options":[{"label":"Facial expr\u00e9s - 20\u20ac","price":"20","price_type":"flat_fee","image":0,"visibility":true},{"label":"Masaje craneal - 20\u20ac","price":"20","price_type":"flat_fee","image":0,"visibility":true},{"label":"Masaje pies - 20\u20ac","price":"20","price_type":"flat_fee","image":0,"visibility":true},{"label":"Parafina en pies o manos - 20\u20ac","price":"20","price_type":"flat_fee","image":0,"visibility":true},{"label":"Exfoliaci\u00f3n y ducha - 25\u20ac","price":"25","price_type":"flat_fee","image":0,"visibility":true}],"id":1771496755}],"_links":{"self":[{"href":"https:\/\/sadhanamassagecenter.com\/es\/wp-json\/wp\/v2\/product\/50590","targetHints":{"allow":["GET"]}}],"collection":[{"href":"https:\/\/sadhanamassagecenter.com\/es\/wp-json\/wp\/v2\/product"}],"about":[{"href":"https:\/\/sadhanamassagecenter.com\/es\/wp-json\/wp\/v2\/types\/product"}],"replies":[{"embeddable":true,"href":"https:\/\/sadhanamassagecenter.com\/es\/wp-json\/wp\/v2\/comments?post=50590"}],"wp:featuredmedia":[{"embeddable":true,"href":"https:\/\/sadhanamassagecenter.com\/es\/wp-json\/wp\/v2\/media\/44258"}],"wp:attachment":[{"href":"https:\/\/sadhanamassagecenter.com\/es\/wp-json\/wp\/v2\/media?parent=50590"}],"wp:term":[{"taxonomy":"product_brand","embeddable":true,"href":"https:\/\/sadhanamassagecenter.com\/es\/wp-json\/wp\/v2\/product_brand?post=50590"},{"taxonomy":"product_cat","embeddable":true,"href":"https:\/\/sadhanamassagecenter.com\/es\/wp-json\/wp\/v2\/product_cat?post=50590"},{"taxonomy":"product_tag","embeddable":true,"href":"https:\/\/sadhanamassagecenter.com\/es\/wp-json\/wp\/v2\/product_tag?post=50590"}],"curies":[{"name":"wp","href":"https:\/\/api.w.org\/{rel}","templated":true}]}}