{"id":597,"date":"2019-02-25T17:21:23","date_gmt":"2019-02-25T16:21:23","guid":{"rendered":"https:\/\/sadhanamassagecenter.com\/?post_type=product&#038;p=597"},"modified":"2026-03-19T11:15:22","modified_gmt":"2026-03-19T10:15:22","slug":"masaje-a-cuatro-manos","status":"publish","type":"product","link":"https:\/\/sadhanamassagecenter.com\/es\/producto\/masaje-a-cuatro-manos\/","title":{"rendered":"Masaje a cuatro manos"},"content":{"rendered":"<p><strong>45.00\u20ac &#8212;- 30 minutos<\/strong><br \/>\n<strong>80.00\u20ac &#8212;- 50 minutos<\/strong><\/p>\n<p>Es uno de los masajes terap\u00e9uticos m\u00e1s espectaculares, realizado por dos masajistas perfectamente sincronizados\u00a0que proporciona a la persona una\u00a0relajaci\u00f3n m\u00e1xima\u00a0con una sensaci\u00f3n m\u00e1gica. Est\u00e1 basado en un m\u00e9todo Hind\u00fa combinado con m\u00fasica y aromaterapia para conectar el cuerpo y la mente. Ideal para desconectar del estr\u00e9s cotidiano.<\/p>\n<p><strong><span style=\"color: #993300;\">\u00a1IMPORTANTE!<\/span><\/strong><\/p>\n<p><strong><span style=\"color: #993300;\">La mitad del precio se paga por la web, en concepto de reserva y el resto en efectivo en el local.<\/span><\/strong><\/p>\n<p><strong><span style=\"color: #993300;\">La reserva NO es reembolsable.<\/span><\/strong><\/p>\n","protected":false},"excerpt":{"rendered":"<p><strong>45.00\u20ac &#8212;- 30 minutos<\/strong><br \/>\n<strong>80.00\u20ac &#8212;- 50 minutos<\/strong><\/p>\n","protected":false},"featured_media":44253,"comment_status":"open","ping_status":"closed","template":"","meta":{"_et_pb_use_builder":"off","_et_pb_old_content":"Es uno de los masajes terap\u00e9uticos m\u00e1s espectaculares, realizado por dos masajistas perfectamente sincronizados que proporciona a la persona una relajaci\u00f3n m\u00e1xima con una sensaci\u00f3n m\u00e1gica. Est\u00e1 basado en un m\u00e9todo Hind\u00fa combinado con m\u00fasica y aromaterapia para conectar el cuerpo y la mente. Ideal para desconectar del estr\u00e9s cotidiano.","_et_gb_content_width":""},"product_brand":[],"product_cat":[84,34],"product_tag":[],"class_list":{"0":"post-597","1":"product","2":"type-product","3":"status-publish","4":"has-post-thumbnail","6":"product_cat-extras-1-persona","7":"product_cat-masaje","9":"first","10":"instock","11":"virtual","12":"taxable","13":"purchasable","14":"product-type-appointment"},"supplier_id":null,"supplier_sku":"","barcode":null,"atum_controlled":true,"out_stock_date":null,"out_stock_threshold":null,"inheritable":false,"inbound_stock":null,"stock_on_hold":0,"sold_today":0,"sales_last_days":0,"reserved_stock":null,"customer_returns":null,"warehouse_damage":null,"lost_in_post":null,"other_logs":null,"out_stock_days":0,"lost_sales":0,"has_location":false,"update_date":"2026-05-01T00:52:12","atum_locations":[],"atum_stock_status":"instock","restock_status":false,"low_stock_amount":"","sales_update_date":"2026-05-01T00:52:12","calc_backorders":null,"exclude_global_add_ons":false,"addons":[{"name":"Comentarios","type":"custom_textarea","position":0,"required":false,"title_format":"label","default":"","description_enable":false,"description":"","placeholder_enable":false,"placeholder":"","display":"select","restrictions_type":"any_text","adjust_price":false,"price":"","price_type":"flat_fee","restrictions":false,"min":"0","max":"0","options":[],"id":1726181706},{"name":"Selecciona la duraci\u00f3n","type":"multiple_choice","position":1,"required":true,"title_format":"label","default":"","description_enable":false,"description":"Selecciona la duraci\u00f3n","placeholder_enable":false,"placeholder":"","display":"select","restrictions_type":"any_text","adjust_price":false,"price":"","price_type":"flat_fee","restrictions":false,"min":"0","max":"0","options":[{"label":"30 minutos - 45 \u20ac","price":"","price_type":"flat_fee","image":0,"visibility":true},{"label":"50 minutos - 80 \u20ac","price":"17.5","price_type":"flat_fee","image":0,"visibility":true}],"id":1726181707},{"name":"30 minutos extra","type":"multiple_choice","position":0,"required":false,"title_format":"label","default":"","description_enable":true,"description":"La duraci\u00f3n del masaje pasa a ser de 60 minutos","placeholder_enable":false,"placeholder":"","display":"radiobutton","restrictions_type":"any_text","adjust_price":false,"price":"","price_type":"flat_fee","restrictions":false,"min":"0","max":"0","options":[{"label":"+ 30 minutos","price":"30","price_type":"flat_fee","image":0,"visibility":true}]},{"name":"A\u00f1ade tu extra de 20 minutos","type":"checkbox","position":0,"required":false,"title_format":"label","default":"","description_enable":false,"description":"","placeholder_enable":false,"placeholder":"","display":"select","restrictions_type":"any_text","adjust_price":false,"price":"","price_type":"flat_fee","restrictions":false,"min":"0","max":"0","options":[{"label":"Facial expr\u00e9s - 20\u20ac","price":"10","price_type":"flat_fee","image":0,"visibility":true},{"label":"Masaje craneal - 20\u20ac","price":"10","price_type":"flat_fee","image":0,"visibility":true},{"label":"Masaje pies - 20\u20ac","price":"10","price_type":"flat_fee","image":0,"visibility":true},{"label":"Parafina en pies o manos - 20\u20ac","price":"10","price_type":"flat_fee","image":0,"visibility":true},{"label":"Exfoliaci\u00f3n y ducha - 25\u20ac","price":"12.5","price_type":"flat_fee","image":0,"visibility":true}],"id":1770312171}],"_links":{"self":[{"href":"https:\/\/sadhanamassagecenter.com\/es\/wp-json\/wp\/v2\/product\/597","targetHints":{"allow":["GET"]}}],"collection":[{"href":"https:\/\/sadhanamassagecenter.com\/es\/wp-json\/wp\/v2\/product"}],"about":[{"href":"https:\/\/sadhanamassagecenter.com\/es\/wp-json\/wp\/v2\/types\/product"}],"replies":[{"embeddable":true,"href":"https:\/\/sadhanamassagecenter.com\/es\/wp-json\/wp\/v2\/comments?post=597"}],"wp:featuredmedia":[{"embeddable":true,"href":"https:\/\/sadhanamassagecenter.com\/es\/wp-json\/wp\/v2\/media\/44253"}],"wp:attachment":[{"href":"https:\/\/sadhanamassagecenter.com\/es\/wp-json\/wp\/v2\/media?parent=597"}],"wp:term":[{"taxonomy":"product_brand","embeddable":true,"href":"https:\/\/sadhanamassagecenter.com\/es\/wp-json\/wp\/v2\/product_brand?post=597"},{"taxonomy":"product_cat","embeddable":true,"href":"https:\/\/sadhanamassagecenter.com\/es\/wp-json\/wp\/v2\/product_cat?post=597"},{"taxonomy":"product_tag","embeddable":true,"href":"https:\/\/sadhanamassagecenter.com\/es\/wp-json\/wp\/v2\/product_tag?post=597"}],"curies":[{"name":"wp","href":"https:\/\/api.w.org\/{rel}","templated":true}]}}