{"id":1609,"date":"2019-03-12T10:33:19","date_gmt":"2019-03-12T09:33:19","guid":{"rendered":"https:\/\/sadhanamassagecenter.com\/?page_id=1609"},"modified":"2024-01-29T10:57:38","modified_gmt":"2024-01-29T09:57:38","slug":"blog","status":"publish","type":"page","link":"https:\/\/sadhanamassagecenter.com\/fr\/blog\/","title":{"rendered":"Blog"},"content":{"rendered":"[et_pb_section admin_label=\u00bbsection\u00bb]\n\t\t[et_pb_row admin_label=\u00bbrow\u00bb]\n\t\t\t[et_pb_column type=\u00bb4_4&#8243;][et_pb_text admin_label=\u00bbText\u00bb]<style>.wp-show-posts-columns#wpsp-1611 {margin-left: -2em; }.wp-show-posts-columns#wpsp-1611 .wp-show-posts-inner {margin: 0 0 2em 2em; }<\/style><section id=\"wpsp-1611\" class=\" wp-show-posts-columns wp-show-posts\" style=\"\"><article class=\" wp-show-posts-single post-46476 post type-post status-publish format-standard has-post-thumbnail hentry category-sin-categoria-es wpsp-col-6\" itemtype=\"http:\/\/schema.org\/CreativeWork\" itemscope><div class=\"wp-show-posts-inner\" style=\"\">\t\t\t\t\t\t<header class=\"wp-show-posts-entry-header\">\n\t\t\t\t\t\t\t<h2 class=\"wp-show-posts-entry-title\" itemprop=\"headline\"><a href=\"https:\/\/sadhanamassagecenter.com\/fr\/masaje-sadhana-piedras-calientes\/\" rel=\"bookmark\">Masaje Sadhana + Piedras calientes<\/a><\/h2><div class=\"wp-show-posts-entry-meta wp-show-posts-entry-meta-below-title post-meta-inline\"><span class=\"wp-show-posts-posted-on wp-show-posts-meta\">\n\t\t\t\t\t<a href=\"https:\/\/sadhanamassagecenter.com\/fr\/masaje-sadhana-piedras-calientes\/\" title=\"5:57 pm\" rel=\"bookmark\"><time class=\"wp-show-posts-entry-date published\" datetime=\"2025-01-08T17:57:19+01:00\" itemprop=\"datePublished\">8 janvier, 2025<\/time><time class=\"wp-show-posts-updated\" datetime=\"2025-01-08T17:58:27+01:00\" itemprop=\"dateModified\">8 janvier, 2025<\/time><\/a>\n\t\t\t\t<\/span><\/div>\t\t\t\t\t\t<\/header><!-- .entry-header -->\n\t\t\t\t\t\t\t<div class=\"wp-show-posts-image  wpsp-image-center \">\n\t\t\t<a href=\"https:\/\/sadhanamassagecenter.com\/fr\/masaje-sadhana-piedras-calientes\/\"  title=\"Masaje Sadhana + Piedras calientes\"><img loading=\"lazy\" decoding=\"async\" width=\"500\" height=\"333\" src=\"https:\/\/sadhanamassagecenter.com\/wp-content\/uploads\/2024\/09\/piedras-calientes.jpeg\" class=\"attachment-full size-full wp-post-image\" alt=\"\" itemprop=\"image\" srcset=\"https:\/\/sadhanamassagecenter.com\/wp-content\/uploads\/2024\/09\/piedras-calientes.jpeg 500w, https:\/\/sadhanamassagecenter.com\/wp-content\/uploads\/2024\/09\/piedras-calientes-480x320.jpeg 480w\" sizes=\"(min-width: 0px) and (max-width: 480px) 480px, (min-width: 481px) 500px, 100vw\" \/><\/a>\t\t<\/div>\n\t\t\t\t\t\t\t\t<div class=\"wp-show-posts-entry-summary\" itemprop=\"text\">\n\t\t\t\t\t\t\t<p>Esta terapia combina el masaje terap\u00e9utico tradicional con la aplicaci\u00f3n sobre la piel de piedras a distintas temperaturas para facilitar que fluya la energ\u00eda vital y\u00a0aliviar as\u00ed, trastornos f\u00edsicos y&#8230;<\/p>\n\t\t\t\t\t\t<\/div><!-- .entry-summary -->\n\t\t\t\t\t<\/div><!-- wp-show-posts-inner --><\/article><article class=\" wp-show-posts-single post-42143 post type-post status-publish format-standard has-post-thumbnail hentry category-masajes category-tratamientos-de-belleza wpsp-col-6\" itemtype=\"http:\/\/schema.org\/CreativeWork\" itemscope><div class=\"wp-show-posts-inner\" style=\"\">\t\t\t\t\t\t<header class=\"wp-show-posts-entry-header\">\n\t\t\t\t\t\t\t<h2 class=\"wp-show-posts-entry-title\" itemprop=\"headline\"><a href=\"https:\/\/sadhanamassagecenter.com\/fr\/tratamiento-facial-con-dermapen\/\" rel=\"bookmark\">Tratamiento facial con Dermapen\u00a0<\/a><\/h2><div class=\"wp-show-posts-entry-meta wp-show-posts-entry-meta-below-title post-meta-inline\"><span class=\"wp-show-posts-posted-on wp-show-posts-meta\">\n\t\t\t\t\t<a href=\"https:\/\/sadhanamassagecenter.com\/fr\/tratamiento-facial-con-dermapen\/\" title=\"11:49 am\" rel=\"bookmark\"><time class=\"wp-show-posts-entry-date published\" datetime=\"2024-05-08T11:49:39+02:00\" itemprop=\"datePublished\">8 mai, 2024<\/time><time class=\"wp-show-posts-updated\" datetime=\"2024-09-12T10:12:19+02:00\" itemprop=\"dateModified\">12 septembre, 2024<\/time><\/a>\n\t\t\t\t<\/span><\/div>\t\t\t\t\t\t<\/header><!-- .entry-header -->\n\t\t\t\t\t\t\t<div class=\"wp-show-posts-image  wpsp-image-center \">\n\t\t\t<a href=\"https:\/\/sadhanamassagecenter.com\/fr\/tratamiento-facial-con-dermapen\/\"  title=\"Tratamiento facial con Dermapen\u00a0\"><img loading=\"lazy\" decoding=\"async\" width=\"612\" height=\"408\" src=\"https:\/\/sadhanamassagecenter.com\/wp-content\/uploads\/2024\/05\/Dermapen.jpg\" class=\"attachment-full size-full wp-post-image\" alt=\"\" itemprop=\"image\" srcset=\"https:\/\/sadhanamassagecenter.com\/wp-content\/uploads\/2024\/05\/Dermapen.jpg 612w, https:\/\/sadhanamassagecenter.com\/wp-content\/uploads\/2024\/05\/Dermapen-480x320.jpg 480w\" sizes=\"(min-width: 0px) and (max-width: 480px) 480px, (min-width: 481px) 612px, 100vw\" \/><\/a>\t\t<\/div>\n\t\t\t\t\t\t\t\t<div class=\"wp-show-posts-entry-summary\" itemprop=\"text\">\n\t\t\t\t\t\t\t<p>Es un tratamiento m\u00ednimamente invasivo cuyo objetivo es&nbsp;mejorar la calidad de la piel, estimulando la&nbsp;producci\u00f3n de col\u00e1geno&nbsp;y permitiendo que los activos penetren de una forma mucho m\u00e1s profunda. Se trata&#8230;<\/p>\n\t\t\t\t\t\t<\/div><!-- .entry-summary -->\n\t\t\t\t\t<\/div><!-- wp-show-posts-inner --><\/article><article class=\" wp-show-posts-single post-40641 post type-post status-publish format-standard has-post-thumbnail hentry category-masajes wpsp-col-6\" itemtype=\"http:\/\/schema.org\/CreativeWork\" itemscope><div class=\"wp-show-posts-inner\" style=\"\">\t\t\t\t\t\t<header class=\"wp-show-posts-entry-header\">\n\t\t\t\t\t\t\t<h2 class=\"wp-show-posts-entry-title\" itemprop=\"headline\"><a href=\"https:\/\/sadhanamassagecenter.com\/fr\/presoterapia\/\" rel=\"bookmark\">Presoterapia<\/a><\/h2><div class=\"wp-show-posts-entry-meta wp-show-posts-entry-meta-below-title post-meta-inline\"><span class=\"wp-show-posts-posted-on wp-show-posts-meta\">\n\t\t\t\t\t<a href=\"https:\/\/sadhanamassagecenter.com\/fr\/presoterapia\/\" title=\"7:28 pm\" rel=\"bookmark\"><time class=\"wp-show-posts-entry-date published\" datetime=\"2024-01-17T19:28:32+01:00\" itemprop=\"datePublished\">17 janvier, 2024<\/time><time class=\"wp-show-posts-updated\" datetime=\"2024-01-29T10:55:48+01:00\" itemprop=\"dateModified\">29 janvier, 2024<\/time><\/a>\n\t\t\t\t<\/span><\/div>\t\t\t\t\t\t<\/header><!-- .entry-header -->\n\t\t\t\t\t\t\t<div class=\"wp-show-posts-image  wpsp-image-center \">\n\t\t\t<a href=\"https:\/\/sadhanamassagecenter.com\/fr\/presoterapia\/\"  title=\"Presoterapia\"><img loading=\"lazy\" decoding=\"async\" width=\"1968\" height=\"1312\" src=\"https:\/\/sadhanamassagecenter.com\/wp-content\/uploads\/2023\/12\/Presoterapia1.jpg\" class=\"attachment-full size-full wp-post-image\" alt=\"\" itemprop=\"image\" srcset=\"https:\/\/sadhanamassagecenter.com\/wp-content\/uploads\/2023\/12\/Presoterapia1.jpg 1968w, https:\/\/sadhanamassagecenter.com\/wp-content\/uploads\/2023\/12\/Presoterapia1-1280x853.jpg 1280w, https:\/\/sadhanamassagecenter.com\/wp-content\/uploads\/2023\/12\/Presoterapia1-980x653.jpg 980w, https:\/\/sadhanamassagecenter.com\/wp-content\/uploads\/2023\/12\/Presoterapia1-480x320.jpg 480w\" sizes=\"(min-width: 0px) and (max-width: 480px) 480px, (min-width: 481px) and (max-width: 980px) 980px, (min-width: 981px) and (max-width: 1280px) 1280px, (min-width: 1281px) 1968px, 100vw\" \/><\/a>\t\t<\/div>\n\t\t\t\t\t\t\t\t<div class=\"wp-show-posts-entry-summary\" itemprop=\"text\">\n\t\t\t\t\t\t\t<p>\u00bfCu\u00e1les son los beneficios de la presoterapia? Con esta t\u00e9cnica, se logra la sensaci\u00f3n de un masaje con efectos de relajaci\u00f3n y&nbsp;compresi\u00f3n suficientes para activar el sistema linf\u00e1tico y, con&#8230;<\/p>\n\t\t\t\t\t\t<\/div><!-- .entry-summary -->\n\t\t\t\t\t<\/div><!-- wp-show-posts-inner --><\/article><article class=\" wp-show-posts-single post-40638 post type-post status-publish format-standard has-post-thumbnail hentry category-masajes category-tratamientos-de-belleza wpsp-col-6\" itemtype=\"http:\/\/schema.org\/CreativeWork\" itemscope><div class=\"wp-show-posts-inner\" style=\"\">\t\t\t\t\t\t<header class=\"wp-show-posts-entry-header\">\n\t\t\t\t\t\t\t<h2 class=\"wp-show-posts-entry-title\" itemprop=\"headline\"><a href=\"https:\/\/sadhanamassagecenter.com\/fr\/rituals-ayurveda-con-pindas\/\" rel=\"bookmark\">Rituals Ayurveda con Pindas<\/a><\/h2><div class=\"wp-show-posts-entry-meta wp-show-posts-entry-meta-below-title post-meta-inline\"><span class=\"wp-show-posts-posted-on wp-show-posts-meta\">\n\t\t\t\t\t<a href=\"https:\/\/sadhanamassagecenter.com\/fr\/rituals-ayurveda-con-pindas\/\" title=\"7:25 pm\" rel=\"bookmark\"><time class=\"wp-show-posts-entry-date published\" datetime=\"2024-01-17T19:25:15+01:00\" itemprop=\"datePublished\">17 janvier, 2024<\/time><time class=\"wp-show-posts-updated\" datetime=\"2024-01-29T10:55:48+01:00\" itemprop=\"dateModified\">29 janvier, 2024<\/time><\/a>\n\t\t\t\t<\/span><\/div>\t\t\t\t\t\t<\/header><!-- .entry-header -->\n\t\t\t\t\t\t\t<div class=\"wp-show-posts-image  wpsp-image-center \">\n\t\t\t<a href=\"https:\/\/sadhanamassagecenter.com\/fr\/rituals-ayurveda-con-pindas\/\"  title=\"Rituals Ayurveda con Pindas\"><img loading=\"lazy\" decoding=\"async\" width=\"500\" height=\"334\" src=\"https:\/\/sadhanamassagecenter.com\/wp-content\/uploads\/2023\/12\/Ayurveda.jpg\" class=\"attachment-full size-full wp-post-image\" alt=\"\" itemprop=\"image\" srcset=\"https:\/\/sadhanamassagecenter.com\/wp-content\/uploads\/2023\/12\/Ayurveda.jpg 500w, https:\/\/sadhanamassagecenter.com\/wp-content\/uploads\/2023\/12\/Ayurveda-480x321.jpg 480w\" sizes=\"(min-width: 0px) and (max-width: 480px) 480px, (min-width: 481px) 500px, 100vw\" \/><\/a>\t\t<\/div>\n\t\t\t\t\t\t\t\t<div class=\"wp-show-posts-entry-summary\" itemprop=\"text\">\n\t\t\t\t\t\t\t<p>Vivir en equilibrio es el principio del Ayurveda, la ciencia de la vida, creencia ancestral de la India busca el bienestar y el equilibrio. Empezaremos con un&nbsp;exfoliante corporal natural&nbsp;en todo&#8230;<\/p>\n\t\t\t\t\t\t<\/div><!-- .entry-summary -->\n\t\t\t\t\t<\/div><!-- wp-show-posts-inner --><\/article><article class=\" wp-show-posts-single post-21841 post type-post status-publish format-standard has-post-thumbnail hentry category-sin-categoria-es wpsp-col-6\" itemtype=\"http:\/\/schema.org\/CreativeWork\" itemscope><div class=\"wp-show-posts-inner\" style=\"\">\t\t\t\t\t\t<header class=\"wp-show-posts-entry-header\">\n\t\t\t\t\t\t\t<h2 class=\"wp-show-posts-entry-title\" itemprop=\"headline\"><a href=\"https:\/\/sadhanamassagecenter.com\/fr\/ritual-facial-de-oro-caviar-y-perlas-con-anubis\/\" rel=\"bookmark\">Ritual facial de oro caviar y perlas con Anubis<\/a><\/h2><div class=\"wp-show-posts-entry-meta wp-show-posts-entry-meta-below-title post-meta-inline\"><span class=\"wp-show-posts-posted-on wp-show-posts-meta\">\n\t\t\t\t\t<a href=\"https:\/\/sadhanamassagecenter.com\/fr\/ritual-facial-de-oro-caviar-y-perlas-con-anubis\/\" title=\"2:00 pm\" rel=\"bookmark\"><time class=\"wp-show-posts-entry-date published\" datetime=\"2019-12-03T14:00:45+01:00\" itemprop=\"datePublished\">3 d\u00e9cembre, 2019<\/time><time class=\"wp-show-posts-updated\" datetime=\"2024-01-29T10:55:48+01:00\" itemprop=\"dateModified\">29 janvier, 2024<\/time><\/a>\n\t\t\t\t<\/span><\/div>\t\t\t\t\t\t<\/header><!-- .entry-header -->\n\t\t\t\t\t\t\t<div class=\"wp-show-posts-image  wpsp-image-center \">\n\t\t\t<a href=\"https:\/\/sadhanamassagecenter.com\/fr\/ritual-facial-de-oro-caviar-y-perlas-con-anubis\/\"  title=\"Ritual facial de oro caviar y perlas con Anubis\"><img loading=\"lazy\" decoding=\"async\" width=\"260\" height=\"194\" src=\"https:\/\/sadhanamassagecenter.com\/wp-content\/uploads\/2019\/11\/Imagen-Anubis.jpg\" class=\"attachment-full size-full wp-post-image\" alt=\"\" itemprop=\"image\" \/><\/a>\t\t<\/div>\n\t\t\t\t\t\t\t\t<div class=\"wp-show-posts-entry-summary\" itemprop=\"text\">\n\t\t\t\t\t\t\t<p>Este tratamiento facial antienvejecimiento oro micro activo, inspirado en la medicina tradicional china, el oro estimula la microcirculaci\u00f3n sangu\u00ednea y celular aportando luminosidad y aumentando la s\u00edntesis de col\u00e1geno y&#8230;<\/p>\n\t\t\t\t\t\t<\/div><!-- .entry-summary -->\n\t\t\t\t\t<\/div><!-- wp-show-posts-inner --><\/article><article class=\" wp-show-posts-single post-21839 post type-post status-publish format-standard has-post-thumbnail hentry category-sin-categoria-es wpsp-col-6\" itemtype=\"http:\/\/schema.org\/CreativeWork\" itemscope><div class=\"wp-show-posts-inner\" style=\"\">\t\t\t\t\t\t<header class=\"wp-show-posts-entry-header\">\n\t\t\t\t\t\t\t<h2 class=\"wp-show-posts-entry-title\" itemprop=\"headline\"><a href=\"https:\/\/sadhanamassagecenter.com\/fr\/paraiso-gold-con-oro-micro-activo-bio-asimilable\/\" rel=\"bookmark\">PARAISO GOLD con Oro Micro Activo BIO Asimilable<\/a><\/h2><div class=\"wp-show-posts-entry-meta wp-show-posts-entry-meta-below-title post-meta-inline\"><span class=\"wp-show-posts-posted-on wp-show-posts-meta\">\n\t\t\t\t\t<a href=\"https:\/\/sadhanamassagecenter.com\/fr\/paraiso-gold-con-oro-micro-activo-bio-asimilable\/\" title=\"1:59 pm\" rel=\"bookmark\"><time class=\"wp-show-posts-entry-date published\" datetime=\"2019-12-03T13:59:23+01:00\" itemprop=\"datePublished\">3 d\u00e9cembre, 2019<\/time><time class=\"wp-show-posts-updated\" datetime=\"2024-01-29T10:55:48+01:00\" itemprop=\"dateModified\">29 janvier, 2024<\/time><\/a>\n\t\t\t\t<\/span><\/div>\t\t\t\t\t\t<\/header><!-- .entry-header -->\n\t\t\t\t\t\t\t<div class=\"wp-show-posts-image  wpsp-image-center \">\n\t\t\t<a href=\"https:\/\/sadhanamassagecenter.com\/fr\/paraiso-gold-con-oro-micro-activo-bio-asimilable\/\"  title=\"PARAISO GOLD con Oro Micro Activo BIO Asimilable\"><img loading=\"lazy\" decoding=\"async\" width=\"1171\" height=\"1667\" src=\"https:\/\/sadhanamassagecenter.com\/wp-content\/uploads\/2019\/11\/paraiso-gold.png\" class=\"attachment-full size-full wp-post-image\" alt=\"\" itemprop=\"image\" srcset=\"https:\/\/sadhanamassagecenter.com\/wp-content\/uploads\/2019\/11\/paraiso-gold.png 1171w, https:\/\/sadhanamassagecenter.com\/wp-content\/uploads\/2019\/11\/paraiso-gold-211x300.png 211w, https:\/\/sadhanamassagecenter.com\/wp-content\/uploads\/2019\/11\/paraiso-gold-719x1024.png 719w, https:\/\/sadhanamassagecenter.com\/wp-content\/uploads\/2019\/11\/paraiso-gold-768x1093.png 768w, https:\/\/sadhanamassagecenter.com\/wp-content\/uploads\/2019\/11\/paraiso-gold-1079x1536.png 1079w, https:\/\/sadhanamassagecenter.com\/wp-content\/uploads\/2019\/11\/paraiso-gold-1080x1537.png 1080w, https:\/\/sadhanamassagecenter.com\/wp-content\/uploads\/2019\/11\/paraiso-gold-600x854.png 600w\" sizes=\"(max-width: 1171px) 100vw, 1171px\" \/><\/a>\t\t<\/div>\n\t\t\t\t\t\t\t\t<div class=\"wp-show-posts-entry-summary\" itemprop=\"text\">\n\t\t\t\t\t\t\t<p>Entre las propiedades del oro destacamos la luminosidad, que estimula la micro-circulaci\u00f3n sangu\u00ednea y celular, con ello conseguimos disminuir las ojeras y revitalizar la piel del rostro y el cuerpo&#8230;.<\/p>\n\t\t\t\t\t\t<\/div><!-- .entry-summary -->\n\t\t\t\t\t<\/div><!-- wp-show-posts-inner --><\/article><article class=\" wp-show-posts-single post-17789 post type-post status-publish format-standard has-post-thumbnail hentry category-sin-categoria-en wpsp-col-6\" itemtype=\"http:\/\/schema.org\/CreativeWork\" itemscope><div class=\"wp-show-posts-inner\" style=\"\">\t\t\t\t\t\t<header class=\"wp-show-posts-entry-header\">\n\t\t\t\t\t\t\t<h2 class=\"wp-show-posts-entry-title\" itemprop=\"headline\"><a href=\"https:\/\/sadhanamassagecenter.com\/fr\/ritual-of-rejuvenating-beauty\/\" rel=\"bookmark\">Ritual of rejuvenating beauty<\/a><\/h2><div class=\"wp-show-posts-entry-meta wp-show-posts-entry-meta-below-title post-meta-inline\"><span class=\"wp-show-posts-posted-on wp-show-posts-meta\">\n\t\t\t\t\t<a href=\"https:\/\/sadhanamassagecenter.com\/fr\/ritual-of-rejuvenating-beauty\/\" title=\"5:12 pm\" rel=\"bookmark\"><time class=\"wp-show-posts-entry-date published\" datetime=\"2019-06-17T17:12:38+02:00\" itemprop=\"datePublished\">17 juin, 2019<\/time><time class=\"wp-show-posts-updated\" datetime=\"2024-01-29T10:55:48+01:00\" itemprop=\"dateModified\">29 janvier, 2024<\/time><\/a>\n\t\t\t\t<\/span><\/div>\t\t\t\t\t\t<\/header><!-- .entry-header -->\n\t\t\t\t\t\t\t<div class=\"wp-show-posts-image  wpsp-image-center \">\n\t\t\t<a href=\"https:\/\/sadhanamassagecenter.com\/fr\/ritual-of-rejuvenating-beauty\/\"  title=\"Ritual of rejuvenating beauty\"><img loading=\"lazy\" decoding=\"async\" width=\"2560\" height=\"1702\" src=\"https:\/\/sadhanamassagecenter.com\/wp-content\/uploads\/2019\/03\/BAYO-scaled.jpg\" class=\"attachment-full size-full wp-post-image\" alt=\"\" itemprop=\"image\" srcset=\"https:\/\/sadhanamassagecenter.com\/wp-content\/uploads\/2019\/03\/BAYO-scaled.jpg 2560w, https:\/\/sadhanamassagecenter.com\/wp-content\/uploads\/2019\/03\/BAYO-scaled-600x399.jpg 600w, https:\/\/sadhanamassagecenter.com\/wp-content\/uploads\/2019\/03\/BAYO-300x200.jpg 300w, https:\/\/sadhanamassagecenter.com\/wp-content\/uploads\/2019\/03\/BAYO-768x511.jpg 768w, https:\/\/sadhanamassagecenter.com\/wp-content\/uploads\/2019\/03\/BAYO-1024x681.jpg 1024w, https:\/\/sadhanamassagecenter.com\/wp-content\/uploads\/2019\/03\/BAYO-1080x718.jpg 1080w\" sizes=\"(max-width: 2560px) 100vw, 2560px\" \/><\/a>\t\t<\/div>\n\t\t\t\t\t\t\t\t<div class=\"wp-show-posts-entry-summary\" itemprop=\"text\">\n\t\t\t\t\t\t\t<p>Ritual of rejuvenating beauty, oxygenator and cleansing of the skin specialized in giving light and erasing the imperfections of our face with different types of tonics and masks chosen for&#8230;<\/p>\n\t\t\t\t\t\t<\/div><!-- .entry-summary -->\n\t\t\t\t\t<\/div><!-- wp-show-posts-inner --><\/article><article class=\" wp-show-posts-single post-17786 post type-post status-publish format-standard has-post-thumbnail hentry category-sin-categoria-en wpsp-col-6\" itemtype=\"http:\/\/schema.org\/CreativeWork\" itemscope><div class=\"wp-show-posts-inner\" style=\"\">\t\t\t\t\t\t<header class=\"wp-show-posts-entry-header\">\n\t\t\t\t\t\t\t<h2 class=\"wp-show-posts-entry-title\" itemprop=\"headline\"><a href=\"https:\/\/sadhanamassagecenter.com\/fr\/essences-of-roses-ritual\/\" rel=\"bookmark\">Essences of roses ritual<\/a><\/h2><div class=\"wp-show-posts-entry-meta wp-show-posts-entry-meta-below-title post-meta-inline\"><span class=\"wp-show-posts-posted-on wp-show-posts-meta\">\n\t\t\t\t\t<a href=\"https:\/\/sadhanamassagecenter.com\/fr\/essences-of-roses-ritual\/\" title=\"5:11 pm\" rel=\"bookmark\"><time class=\"wp-show-posts-entry-date published\" datetime=\"2019-06-17T17:11:28+02:00\" itemprop=\"datePublished\">17 juin, 2019<\/time><time class=\"wp-show-posts-updated\" datetime=\"2024-01-29T10:55:48+01:00\" itemprop=\"dateModified\">29 janvier, 2024<\/time><\/a>\n\t\t\t\t<\/span><\/div>\t\t\t\t\t\t<\/header><!-- .entry-header -->\n\t\t\t\t\t\t\t<div class=\"wp-show-posts-image  wpsp-image-center \">\n\t\t\t<a href=\"https:\/\/sadhanamassagecenter.com\/fr\/essences-of-roses-ritual\/\"  title=\"Essences of roses ritual\"><img loading=\"lazy\" decoding=\"async\" width=\"1000\" height=\"667\" src=\"https:\/\/sadhanamassagecenter.com\/wp-content\/uploads\/2019\/05\/81.jpg\" class=\"attachment-full size-full wp-post-image\" alt=\"\" itemprop=\"image\" srcset=\"https:\/\/sadhanamassagecenter.com\/wp-content\/uploads\/2019\/05\/81.jpg 1000w, https:\/\/sadhanamassagecenter.com\/wp-content\/uploads\/2019\/05\/81-600x400.jpg 600w, https:\/\/sadhanamassagecenter.com\/wp-content\/uploads\/2019\/05\/81-300x200.jpg 300w, https:\/\/sadhanamassagecenter.com\/wp-content\/uploads\/2019\/05\/81-768x512.jpg 768w\" sizes=\"(max-width: 1000px) 100vw, 1000px\" \/><\/a>\t\t<\/div>\n\t\t\t\t\t\t\t\t<div class=\"wp-show-posts-entry-summary\" itemprop=\"text\">\n\t\t\t\t\t\t\t<p>Sugar and rosehip&nbsp;peeling Delicate body scrub&nbsp;with vegetable oils that soften and nourish the skin, contains&nbsp;rosehip oil&nbsp;with great&nbsp;regenerating and antioxidant action. Immerse yourself in a&nbsp;relaxing bath by candlelight, with musical thread&nbsp;and&#8230;<\/p>\n\t\t\t\t\t\t<\/div><!-- .entry-summary -->\n\t\t\t\t\t<\/div><!-- wp-show-posts-inner --><\/article><article class=\" wp-show-posts-single post-17621 post type-post status-publish format-standard has-post-thumbnail hentry category-tratamientos-de-belleza wpsp-col-6\" itemtype=\"http:\/\/schema.org\/CreativeWork\" itemscope><div class=\"wp-show-posts-inner\" style=\"\">\t\t\t\t\t\t<header class=\"wp-show-posts-entry-header\">\n\t\t\t\t\t\t\t<h2 class=\"wp-show-posts-entry-title\" itemprop=\"headline\"><a href=\"https:\/\/sadhanamassagecenter.com\/fr\/masaje-bali-bliss\/\" rel=\"bookmark\">Masaje Bali Bliss<\/a><\/h2><div class=\"wp-show-posts-entry-meta wp-show-posts-entry-meta-below-title post-meta-inline\"><span class=\"wp-show-posts-posted-on wp-show-posts-meta\">\n\t\t\t\t\t<a href=\"https:\/\/sadhanamassagecenter.com\/fr\/masaje-bali-bliss\/\" title=\"5:20 pm\" rel=\"bookmark\"><time class=\"wp-show-posts-entry-date published\" datetime=\"2019-06-12T17:20:44+02:00\" itemprop=\"datePublished\">12 juin, 2019<\/time><time class=\"wp-show-posts-updated\" datetime=\"2024-01-29T10:55:48+01:00\" itemprop=\"dateModified\">29 janvier, 2024<\/time><\/a>\n\t\t\t\t<\/span><\/div>\t\t\t\t\t\t<\/header><!-- .entry-header -->\n\t\t\t\t\t\t\t<div class=\"wp-show-posts-image  wpsp-image-center \">\n\t\t\t<a href=\"https:\/\/sadhanamassagecenter.com\/fr\/masaje-bali-bliss\/\"  title=\"Masaje Bali Bliss\"><img loading=\"lazy\" decoding=\"async\" width=\"975\" height=\"751\" src=\"https:\/\/sadhanamassagecenter.com\/wp-content\/uploads\/2019\/05\/balibliss2.png\" class=\"attachment-full size-full wp-post-image\" alt=\"\" itemprop=\"image\" srcset=\"https:\/\/sadhanamassagecenter.com\/wp-content\/uploads\/2019\/05\/balibliss2.png 975w, https:\/\/sadhanamassagecenter.com\/wp-content\/uploads\/2019\/05\/balibliss2-600x462.png 600w, https:\/\/sadhanamassagecenter.com\/wp-content\/uploads\/2019\/05\/balibliss2-300x231.png 300w, https:\/\/sadhanamassagecenter.com\/wp-content\/uploads\/2019\/05\/balibliss2-768x592.png 768w\" sizes=\"(max-width: 975px) 100vw, 975px\" \/><\/a>\t\t<\/div>\n\t\t\t\t\t\t\t\t<div class=\"wp-show-posts-entry-summary\" itemprop=\"text\">\n\t\t\t\t\t\t\t<p>Las t\u00e9cnicas del Masaje Balin\u00e9s Tradicional, se basan en la medicina ayurveda unida a la &#8230;<\/p>\n\t\t\t\t\t\t<\/div><!-- .entry-summary -->\n\t\t\t\t\t<\/div><!-- wp-show-posts-inner --><\/article><article class=\" wp-show-posts-single post-17611 post type-post status-publish format-standard has-post-thumbnail hentry category-tratamientos-de-belleza wpsp-col-6\" itemtype=\"http:\/\/schema.org\/CreativeWork\" itemscope><div class=\"wp-show-posts-inner\" style=\"\">\t\t\t\t\t\t<header class=\"wp-show-posts-entry-header\">\n\t\t\t\t\t\t\t<h2 class=\"wp-show-posts-entry-title\" itemprop=\"headline\"><a href=\"https:\/\/sadhanamassagecenter.com\/fr\/17611-2\/\" rel=\"bookmark\">Ritual Esencia de rosas<\/a><\/h2><div class=\"wp-show-posts-entry-meta wp-show-posts-entry-meta-below-title post-meta-inline\"><span class=\"wp-show-posts-posted-on wp-show-posts-meta\">\n\t\t\t\t\t<a href=\"https:\/\/sadhanamassagecenter.com\/fr\/17611-2\/\" title=\"5:13 pm\" rel=\"bookmark\"><time class=\"wp-show-posts-entry-date published\" datetime=\"2019-06-12T17:13:38+02:00\" itemprop=\"datePublished\">12 juin, 2019<\/time><time class=\"wp-show-posts-updated\" datetime=\"2024-01-29T10:55:48+01:00\" itemprop=\"dateModified\">29 janvier, 2024<\/time><\/a>\n\t\t\t\t<\/span><\/div>\t\t\t\t\t\t<\/header><!-- .entry-header -->\n\t\t\t\t\t\t\t<div class=\"wp-show-posts-image  wpsp-image-center \">\n\t\t\t<a href=\"https:\/\/sadhanamassagecenter.com\/fr\/17611-2\/\"  title=\"Ritual Esencia de rosas\"><img loading=\"lazy\" decoding=\"async\" width=\"1000\" height=\"667\" src=\"https:\/\/sadhanamassagecenter.com\/wp-content\/uploads\/2019\/05\/81.jpg\" class=\"attachment-full size-full wp-post-image\" alt=\"\" itemprop=\"image\" srcset=\"https:\/\/sadhanamassagecenter.com\/wp-content\/uploads\/2019\/05\/81.jpg 1000w, https:\/\/sadhanamassagecenter.com\/wp-content\/uploads\/2019\/05\/81-600x400.jpg 600w, https:\/\/sadhanamassagecenter.com\/wp-content\/uploads\/2019\/05\/81-300x200.jpg 300w, https:\/\/sadhanamassagecenter.com\/wp-content\/uploads\/2019\/05\/81-768x512.jpg 768w\" sizes=\"(max-width: 1000px) 100vw, 1000px\" \/><\/a>\t\t<\/div>\n\t\t\t\t\t\t\t\t<div class=\"wp-show-posts-entry-summary\" itemprop=\"text\">\n\t\t\t\t\t\t\t<p>Peeling de az\u00facar y rosa mosqueta exfoliante corporal delicado con aceites vegetales que suavizan y nutren la piel, contiene aceite de rosa mosqueta de gran acci\u00f3n regeneradora y antioxidante.<\/p>\n\t\t\t\t\t\t<\/div><!-- .entry-summary -->\n\t\t\t\t\t<\/div><!-- wp-show-posts-inner --><\/article><div class=\"wpsp-clear\"><\/div><\/section><!-- .wp-show-posts --><div class=\"wpsp-load-more\"><span aria-label=\"Page 1\" aria-current=\"page\" class=\"page-numbers current\">1<\/span>\n<a aria-label=\"Page 2\" class=\"page-numbers\" href=\"https:\/\/sadhanamassagecenter.com\/fr\/wp-json\/wp\/v2\/pages\/1609\/page\/2\/\">2<\/a>\n<a class=\"next page-numbers\" href=\"https:\/\/sadhanamassagecenter.com\/fr\/wp-json\/wp\/v2\/pages\/1609\/page\/2\/\">Next &rarr;<\/a><\/div>\n[\/et_pb_text][\/et_pb_column]\n\t\t[\/et_pb_row]\n\t[\/et_pb_section]","protected":false},"excerpt":{"rendered":"<p>[et_pb_section admin_label=\u00bbsection\u00bb] [et_pb_row admin_label=\u00bbrow\u00bb] [et_pb_column type=\u00bb4_4&#8243;][et_pb_text admin_label=\u00bbText\u00bb][\/et_pb_text][\/et_pb_column] [\/et_pb_row] [\/et_pb_section]<\/p>\n","protected":false},"author":6,"featured_media":0,"parent":0,"menu_order":0,"comment_status":"closed","ping_status":"closed","template":"","meta":{"_et_pb_use_builder":"on","_et_pb_old_content":"<!-- wp:shortcode -->\n[wp_show_posts id=\"1611\"]\n<!-- \/wp:shortcode -->","_et_gb_content_width":"","footnotes":""},"class_list":["post-1609","page","type-page","status-publish","hentry"],"_links":{"self":[{"href":"https:\/\/sadhanamassagecenter.com\/fr\/wp-json\/wp\/v2\/pages\/1609","targetHints":{"allow":["GET"]}}],"collection":[{"href":"https:\/\/sadhanamassagecenter.com\/fr\/wp-json\/wp\/v2\/pages"}],"about":[{"href":"https:\/\/sadhanamassagecenter.com\/fr\/wp-json\/wp\/v2\/types\/page"}],"author":[{"embeddable":true,"href":"https:\/\/sadhanamassagecenter.com\/fr\/wp-json\/wp\/v2\/users\/6"}],"replies":[{"embeddable":true,"href":"https:\/\/sadhanamassagecenter.com\/fr\/wp-json\/wp\/v2\/comments?post=1609"}],"version-history":[{"count":1,"href":"https:\/\/sadhanamassagecenter.com\/fr\/wp-json\/wp\/v2\/pages\/1609\/revisions"}],"predecessor-version":[{"id":40767,"href":"https:\/\/sadhanamassagecenter.com\/fr\/wp-json\/wp\/v2\/pages\/1609\/revisions\/40767"}],"wp:attachment":[{"href":"https:\/\/sadhanamassagecenter.com\/fr\/wp-json\/wp\/v2\/media?parent=1609"}],"curies":[{"name":"wp","href":"https:\/\/api.w.org\/{rel}","templated":true}]}}