{"id":1018,"date":"2019-02-27T17:42:57","date_gmt":"2019-02-27T16:42:57","guid":{"rendered":"https:\/\/sadhanamassagecenter.com\/?post_type=product&#038;p=1018"},"modified":"2025-04-01T19:45:11","modified_gmt":"2025-04-01T17:45:11","slug":"bono-masaje-sadhana-para-regalar","status":"publish","type":"product","link":"https:\/\/sadhanamassagecenter.com\/fr\/produit\/bono-masaje-sadhana-para-regalar\/","title":{"rendered":"Coupon de massage Sadhana - \u00e0 donner en cadeau"},"content":{"rendered":"<p>BONOS: 3 SESIONES 60 MINUTOS + REGALO REFLEXOLOG\u00cdA PODAL PIERNAS Y PIES DE 30 MINUTOS +TEA= 160\u20ac<\/p>\n<p><strong>IMPORTANT !<\/strong><\/p>\n<p>Contactez-nous pour fixer un rendez-vous pour les \u00e9l\u00e9ments du coupon, une fois achet\u00e9s.<\/p>\n<p><strong>CONDITIONS DU COUPON :<\/strong><\/p>\n<p>&nbsp;<\/p>\n<ul>\n<li><strong><strong>A UNE DUR\u00c9E DE CONSERVATION DE 3 MOIS.<\/strong><\/strong><\/li>\n<li>DU LUNDI AU VENDREDI DE 11H \u00c0 21H. SAMEDI DE 11H \u00c0 14H.<\/li>\n<\/ul>\n<ul>\n<li>NE PEUT PAS \u00caTRE PARTAG\u00c9 AVEC D'AUTRES PERSONNES<\/li>\n<li>EN CAS D'ABSENCE \u00c0 VOTRE RENDEZ-VOUS, LA S\u00c9ANCE SERA D\u00c9DUITE DE VOTRE COUPON.<\/li>\n<li>NON DISPONIBLE LES JOURS F\u00c9RI\u00c9S<\/li>\n<li>VALABLE UNE S\u00c9ANCE PAR JOUR<\/li>\n<\/ul>\n<h2><span style=\"color: #ff0000;\"><strong>Il est valable pour une dur\u00e9e de 3 mois.<\/strong><\/span><\/h2>\n<h2><span style=\"color: #ff0000;\"><strong>Pour les rendez-vous concernant des commandes de cadeaux ou de cartes, le code joint \u00e0 votre achat vous sera demand\u00e9 lors de la r\u00e9servation par t\u00e9l\u00e9phone ou par e-mail.<\/strong><\/span><\/h2>","protected":false},"excerpt":{"rendered":"<p><strong>150.00\u20ac<\/strong><\/p>\n<p>3 S\u00e9ances 60 minutes + r\u00e9flexologie plantaire 30 minutes jambes et pieds offert + th\u00e9<\/p>","protected":false},"featured_media":44263,"comment_status":"open","ping_status":"closed","template":"","meta":{"_et_pb_use_builder":"","_et_pb_old_content":"","_et_gb_content_width":""},"product_brand":[],"product_cat":[40],"product_tag":[],"class_list":{"0":"post-1018","1":"product","2":"type-product","3":"status-publish","4":"has-post-thumbnail","6":"product_cat-regalo","8":"first","9":"instock","10":"virtual","11":"taxable","12":"purchasable","13":"product-type-simple"},"supplier_id":null,"supplier_sku":"","barcode":null,"atum_controlled":true,"out_stock_date":null,"out_stock_threshold":null,"inheritable":false,"inbound_stock":null,"stock_on_hold":1,"sold_today":0,"sales_last_days":0,"reserved_stock":null,"customer_returns":null,"warehouse_damage":null,"lost_in_post":null,"other_logs":null,"out_stock_days":0,"lost_sales":0,"has_location":null,"update_date":"2026-04-27T00:41:55","atum_locations":[],"atum_stock_status":"instock","restock_status":false,"low_stock_amount":"","sales_update_date":"2026-04-27T00:41:54","calc_backorders":null,"exclude_global_add_ons":false,"addons":[{"name":"Commentaires","type":"custom_textarea","position":0,"required":false,"title_format":"label","default":"","description_enable":false,"description":"","placeholder_enable":false,"placeholder":"","display":"select","restrictions_type":"any_text","adjust_price":false,"price":"","price_type":"flat_fee","restrictions":false,"min":"0","max":"0","options":[],"id":1704385855},{"name":"30 minutos extra","type":"multiple_choice","position":0,"required":false,"title_format":"label","default":"","description_enable":true,"description":"La duraci\u00f3n del masaje pasa a ser de 60 minutos","placeholder_enable":false,"placeholder":"","display":"radiobutton","restrictions_type":"any_text","adjust_price":false,"price":"","price_type":"flat_fee","restrictions":false,"min":"0","max":"0","options":[{"label":"+ 30 minutos","price":"30","price_type":"flat_fee","image":0,"visibility":true}]}],"_links":{"self":[{"href":"https:\/\/sadhanamassagecenter.com\/fr\/wp-json\/wp\/v2\/product\/1018","targetHints":{"allow":["GET"]}}],"collection":[{"href":"https:\/\/sadhanamassagecenter.com\/fr\/wp-json\/wp\/v2\/product"}],"about":[{"href":"https:\/\/sadhanamassagecenter.com\/fr\/wp-json\/wp\/v2\/types\/product"}],"replies":[{"embeddable":true,"href":"https:\/\/sadhanamassagecenter.com\/fr\/wp-json\/wp\/v2\/comments?post=1018"}],"wp:featuredmedia":[{"embeddable":true,"href":"https:\/\/sadhanamassagecenter.com\/fr\/wp-json\/wp\/v2\/media\/44263"}],"wp:attachment":[{"href":"https:\/\/sadhanamassagecenter.com\/fr\/wp-json\/wp\/v2\/media?parent=1018"}],"wp:term":[{"taxonomy":"product_brand","embeddable":true,"href":"https:\/\/sadhanamassagecenter.com\/fr\/wp-json\/wp\/v2\/product_brand?post=1018"},{"taxonomy":"product_cat","embeddable":true,"href":"https:\/\/sadhanamassagecenter.com\/fr\/wp-json\/wp\/v2\/product_cat?post=1018"},{"taxonomy":"product_tag","embeddable":true,"href":"https:\/\/sadhanamassagecenter.com\/fr\/wp-json\/wp\/v2\/product_tag?post=1018"}],"curies":[{"name":"wp","href":"https:\/\/api.w.org\/{rel}","templated":true}]}}