{"id":1063,"date":"2019-02-27T18:23:07","date_gmt":"2019-02-27T17:23:07","guid":{"rendered":"https:\/\/sadhanamassagecenter.com\/?post_type=product&#038;p=1063"},"modified":"2026-02-19T18:43:02","modified_gmt":"2026-02-19T17:43:02","slug":"ritual-alma-para-regalar","status":"publish","type":"product","link":"https:\/\/sadhanamassagecenter.com\/fr\/produit\/ritual-alma-para-regalar\/","title":{"rendered":"RITUEL PROFESSIONNEL ANTI-\u00c2GE \u00c0 BASE DE CELLULES SOUCHES DE BAYO - \u00e0 donner en cadeau"},"content":{"rendered":"<p><strong>65.00 \u20ac \u2014- 70 minutes<\/strong><\/p>\n<p class=\"translation-block\"><span style=\"color: #000000\"><strong>Traitement<\/strong> anti-\u00e2ge<strong> et raffermissant innovant,<\/strong> un rituel de beaut\u00e9 qui combine <strong>le peeling chimique (acide alpha-hydroxy<\/strong>, qui offre une <strong>exfoliation<\/strong> continue et stimule la <strong>r\u00e9g\u00e9n\u00e9ration des cellules de la peau<\/strong> sans recourir \u00e0 des composants abrasifs<strong>) effet anti-\u00e2ge<\/strong> cellules souches v\u00e9g\u00e9tales et acide hyaluronique.<\/span><\/p>\n<p><span style=\"font-size: large;\"><strong><span style=\"color: #000000;\">COMPRIS<\/span><\/strong><\/span><\/p>\n<ul>\n<li><span style=\"color: #000000;\">Lait nettoyant Bayo Professionnel<\/span><\/li>\n<li><span style=\"color: #000000;\">Complexe Synergie AHA Bayo Professionnel<\/span><\/li>\n<li><span style=\"color: #000000;\">Concentr\u00e9 d'actifs Cellules Souches<\/span><\/li>\n<li><span style=\"color: #000000;\">Masque nourrissant Bayo Professionnel<\/span><\/li>\n<li><span style=\"color: #000000;\">Cr\u00e8me anti-\u00e2ge aux cellules souches EXXER<\/span><\/li>\n<\/ul>\n<p><span style=\"color: #000000;\"><strong>Compl\u00e9t\u00e9 par une merveilleuse exfoliation corporelle<\/strong><\/span><\/p>\n<ul>\n<li class=\"translation-block\"><span style=\"color: #000000\"><strong>\u00c9limine les cellules mortes.<\/strong> Permet \u00e0 l'<a href=\"https:\/\/www.salud180.com\/search\/node\/epidermis\" style=\"color: #000000\" target=\"_self\"><strong>\u00e9piderme<\/strong><\/a> de rester propre<\/span><\/li>\n<li class=\"translation-block\"><span style=\"color: #000000\"><strong>Soin anti-\u00e2ge<\/strong> cutan\u00e9, active la <a href=\"https:\/\/www.salud180.com\/search\/node\/circulacin\" style=\"color: #000000\" target=\"_self\">circulation<\/a> et favorise une meilleure <a href=\"https:\/\/www.salud180.com\/search\/node\/oxigenacin\" style=\"color: #000000\" target=\"_self\">oxyg\u00e9nation<\/a> de l'<strong>\u00e9piderme<\/strong><\/span><\/li>\n<li class=\"translation-block\"><span style=\"color: #000000\"><strong>R\u00e9novez votre peau et<\/strong> stimulez le <a href=\"https:\/\/www.salud180.com\/search\/node\/sistemalinftico\" style=\"color: #000000\" target=\"_self\">syst\u00e8me lymphatique<\/a>.<\/span><\/li>\n<\/ul>\n<p>&nbsp;<\/p>\n<p><span style=\"color: #000000;\"><strong>Gommage corporel avec un doux massage de 20m, suivi d'une douche de 10m<\/strong><\/span><\/p>\n<p><span style=\"color: #000000;\"><strong>Traitement facial de 40 minutes <\/strong><\/span><\/p>\n<h2><span style=\"color: #ff0000;\"><strong>Il est valable pour une dur\u00e9e de 3 mois.<\/strong><\/span><\/h2>\n<h2><span style=\"color: #ff0000;\"><strong>Pour les rendez-vous concernant des commandes de cadeaux ou de cartes, le code joint \u00e0 votre achat vous sera demand\u00e9 lors de la r\u00e9servation par t\u00e9l\u00e9phone ou par e-mail.<\/strong><\/span><\/h2>","protected":false},"excerpt":{"rendered":"<p><strong>65.00 \u20ac \u2014- 70 minutes<\/strong><\/p>","protected":false},"featured_media":44090,"comment_status":"open","ping_status":"closed","template":"","meta":{"_et_pb_use_builder":"","_et_pb_old_content":"","_et_gb_content_width":""},"product_brand":[],"product_cat":[40,85],"product_tag":[],"class_list":{"0":"post-1063","1":"product","2":"type-product","3":"status-publish","4":"has-post-thumbnail","6":"product_cat-regalo","7":"product_cat-regalo-1-persona","9":"first","10":"instock","11":"taxable","12":"shipping-taxable","13":"purchasable","14":"product-type-simple"},"supplier_id":null,"supplier_sku":"","barcode":null,"atum_controlled":true,"out_stock_date":null,"out_stock_threshold":null,"inheritable":false,"inbound_stock":null,"stock_on_hold":1,"sold_today":0,"sales_last_days":0,"reserved_stock":null,"customer_returns":null,"warehouse_damage":null,"lost_in_post":null,"other_logs":null,"out_stock_days":0,"lost_sales":0,"has_location":false,"update_date":"2026-04-21T00:33:43","atum_locations":[],"atum_stock_status":"instock","restock_status":false,"low_stock_amount":"","sales_update_date":"2026-04-21T00:33:43","calc_backorders":null,"exclude_global_add_ons":false,"addons":[{"name":"Commentaires","type":"custom_textarea","position":0,"required":false,"title_format":"label","default":"","description_enable":false,"description":"","placeholder_enable":false,"placeholder":"","display":"select","restrictions_type":"any_text","adjust_price":false,"price":"","price_type":"flat_fee","restrictions":false,"min":"0","max":"0","options":[],"id":1712944057},{"name":"30 minutos extra","type":"multiple_choice","position":0,"required":false,"title_format":"label","default":"","description_enable":true,"description":"La duraci\u00f3n del masaje pasa a ser de 60 minutos","placeholder_enable":false,"placeholder":"","display":"radiobutton","restrictions_type":"any_text","adjust_price":false,"price":"","price_type":"flat_fee","restrictions":false,"min":"0","max":"0","options":[{"label":"+ 30 minutos","price":"30","price_type":"flat_fee","image":0,"visibility":true}]},{"name":"Ajoutez votre extra de 20 minutes","type":"checkbox","position":0,"required":false,"title_format":"label","default":"","description_enable":false,"description":"","placeholder_enable":false,"placeholder":"","display":"select","restrictions_type":"any_text","adjust_price":false,"price":"","price_type":"flat_fee","restrictions":false,"min":"0","max":"0","options":[{"label":"Facial expr\u00e9s - 20\u20ac","price":"20","price_type":"flat_fee","image":0,"visibility":true},{"label":"Masaje craneal - 20\u20ac","price":"20","price_type":"flat_fee","image":0,"visibility":true},{"label":"Masaje pies - 20\u20ac","price":"20","price_type":"flat_fee","image":0,"visibility":true},{"label":"Parafina en pies o manos - 20\u20ac","price":"20","price_type":"flat_fee","image":0,"visibility":true},{"label":"Exfoliaci\u00f3n y ducha - 25\u20ac","price":"25","price_type":"flat_fee","image":0,"visibility":true}],"id":1771496755}],"_links":{"self":[{"href":"https:\/\/sadhanamassagecenter.com\/fr\/wp-json\/wp\/v2\/product\/1063","targetHints":{"allow":["GET"]}}],"collection":[{"href":"https:\/\/sadhanamassagecenter.com\/fr\/wp-json\/wp\/v2\/product"}],"about":[{"href":"https:\/\/sadhanamassagecenter.com\/fr\/wp-json\/wp\/v2\/types\/product"}],"replies":[{"embeddable":true,"href":"https:\/\/sadhanamassagecenter.com\/fr\/wp-json\/wp\/v2\/comments?post=1063"}],"wp:featuredmedia":[{"embeddable":true,"href":"https:\/\/sadhanamassagecenter.com\/fr\/wp-json\/wp\/v2\/media\/44090"}],"wp:attachment":[{"href":"https:\/\/sadhanamassagecenter.com\/fr\/wp-json\/wp\/v2\/media?parent=1063"}],"wp:term":[{"taxonomy":"product_brand","embeddable":true,"href":"https:\/\/sadhanamassagecenter.com\/fr\/wp-json\/wp\/v2\/product_brand?post=1063"},{"taxonomy":"product_cat","embeddable":true,"href":"https:\/\/sadhanamassagecenter.com\/fr\/wp-json\/wp\/v2\/product_cat?post=1063"},{"taxonomy":"product_tag","embeddable":true,"href":"https:\/\/sadhanamassagecenter.com\/fr\/wp-json\/wp\/v2\/product_tag?post=1063"}],"curies":[{"name":"wp","href":"https:\/\/api.w.org\/{rel}","templated":true}]}}