{"id":146,"date":"2019-02-19T11:06:57","date_gmt":"2019-02-19T10:06:57","guid":{"rendered":"https:\/\/sadhanamassagecenter.com\/?post_type=product&#038;p=146"},"modified":"2026-04-21T12:40:39","modified_gmt":"2026-04-21T10:40:39","slug":"masaje-deportivo","status":"publish","type":"product","link":"https:\/\/sadhanamassagecenter.com\/fr\/produit\/masaje-deportivo\/","title":{"rendered":"Massage d\u00e9contractant et \u00e9tirement"},"content":{"rendered":"<p><strong>40.00\u20ac &#8212;- 30 minutos<\/strong><br \/>\n<strong>65.00\u20ac &#8212;- 60 minutos<\/strong><\/p>\n<h3 style=\"text-align: center;\"><span style=\"color: #ff0000;\"><strong>TOUS NOS MASSAGES PEUVENT \u00caTRE EFFECTU\u00c9S EN COUPLE<\/strong><\/span><\/h3>\n<p class=\"translation-block\"><span style=\"color: #000000\">Le massage en profondeur est une technique de <strong>th\u00e9rapie manuelle<\/strong> qui consiste \u00e0 utiliser des <strong>man\u0153uvres profondes et intenses<\/strong> dirig\u00e9es vers des zones douloureuses, visant \u00e0 <strong>\u00e9liminer les n\u0153uds musculaires et les points de d\u00e9clenchement<\/strong>, aidant \u00e0 restaurer la fonction musculaire normale.<\/span><\/p>\n<p class=\"translation-block\"><span style=\"color: #000000\"><strong>Accompagn\u00e9s d'\u00e9tirements sur tout le corps<\/strong> pour augmenter l'amplitude des mouvements articulaires.<\/span><\/p>\n<ul>\n<li class=\"translation-block\"><span style=\"color: #000000\"><strong>Am\u00e9liorez<\/strong> vos performances dans les activit\u00e9s physiques.<\/span><\/li>\n<li class=\"translation-block\"><span style=\"color: #000000\"><strong>R\u00e9duisez<\/strong> le risque de blessures.<\/span><\/li>\n<li class=\"translation-block\"><span style=\"color: #000000\"><strong>Permettre<\/strong> aux articulations de <strong>bouger avec toute<\/strong> <strong>leur amplitude<\/strong>.<\/span><\/li>\n<\/ul>\n<p><strong><span style=\"color: #993300;\">IMPORTANT !<\/span><\/strong><\/p>\n<p><strong><span style=\"color: #993300;\">La moiti\u00e9 du prix est \u00e0 payer en ligne, \u00e0 titre de r\u00e9servation, et le reste en esp\u00e8ces sur place.<\/span><\/strong><\/p>\n<p><strong><span style=\"color: #993300;\">La r\u00e9servation n'est PAS remboursable.<\/span><\/strong><\/p>","protected":false},"excerpt":{"rendered":"<p><strong>40.00\u20ac &#8212;- 30 minutos<\/strong><br \/>\n<strong>65.00\u20ac &#8212;- 60 minutos<\/strong><\/p>","protected":false},"featured_media":17096,"comment_status":"open","ping_status":"closed","template":"","meta":{"_et_pb_use_builder":"off","_et_pb_old_content":"","_et_gb_content_width":""},"product_brand":[],"product_cat":[84,34],"product_tag":[],"class_list":{"0":"post-146","1":"product","2":"type-product","3":"status-publish","4":"has-post-thumbnail","6":"product_cat-extras-1-persona","7":"product_cat-masaje","9":"first","10":"instock","11":"virtual","12":"taxable","13":"purchasable","14":"product-type-appointment"},"supplier_id":null,"supplier_sku":"","barcode":null,"atum_controlled":true,"out_stock_date":null,"out_stock_threshold":null,"inheritable":false,"inbound_stock":null,"stock_on_hold":0,"sold_today":0,"sales_last_days":0,"reserved_stock":null,"customer_returns":null,"warehouse_damage":null,"lost_in_post":null,"other_logs":null,"out_stock_days":0,"lost_sales":0,"has_location":false,"update_date":"2026-04-30T00:50:57","atum_locations":[],"atum_stock_status":"instock","restock_status":false,"low_stock_amount":"","sales_update_date":"2026-04-30T00:50:57","calc_backorders":null,"exclude_global_add_ons":false,"addons":[{"name":"Commentaires","type":"custom_textarea","position":0,"required":false,"title_format":"label","default":"","description_enable":false,"description":"","placeholder_enable":false,"placeholder":"","display":"select","restrictions_type":"any_text","adjust_price":false,"price":"","price_type":"flat_fee","restrictions":false,"min":"0","max":"0","options":[],"id":1720610662},{"name":"Choisir la dur\u00e9e","type":"multiple_choice","position":1,"required":true,"title_format":"label","default":"","description_enable":false,"description":"","placeholder_enable":false,"placeholder":"","display":"select","restrictions_type":"any_text","adjust_price":false,"price":"","price_type":"flat_fee","restrictions":false,"min":"0","max":"0","options":[{"label":"30 minutos - 40 \u20ac","price":"","price_type":"flat_fee","image":0,"visibility":true},{"label":"60 minutos - 65 \u20ac","price":"12.5","price_type":"quantity_based","image":0,"visibility":true}],"id":1720610663},{"name":"30 minutos extra","type":"multiple_choice","position":0,"required":false,"title_format":"label","default":"","description_enable":true,"description":"La duraci\u00f3n del masaje pasa a ser de 60 minutos","placeholder_enable":false,"placeholder":"","display":"radiobutton","restrictions_type":"any_text","adjust_price":false,"price":"","price_type":"flat_fee","restrictions":false,"min":"0","max":"0","options":[{"label":"+ 30 minutos","price":"30","price_type":"flat_fee","image":0,"visibility":true}]},{"name":"Ajoutez votre extra de 20 minutes","type":"checkbox","position":0,"required":false,"title_format":"label","default":"","description_enable":false,"description":"","placeholder_enable":false,"placeholder":"","display":"select","restrictions_type":"any_text","adjust_price":false,"price":"","price_type":"flat_fee","restrictions":false,"min":"0","max":"0","options":[{"label":"Facial expr\u00e9s - 20\u20ac","price":"10","price_type":"flat_fee","image":0,"visibility":true},{"label":"Masaje craneal - 20\u20ac","price":"10","price_type":"flat_fee","image":0,"visibility":true},{"label":"Masaje pies - 20\u20ac","price":"10","price_type":"flat_fee","image":0,"visibility":true},{"label":"Parafina en pies o manos - 20\u20ac","price":"10","price_type":"flat_fee","image":0,"visibility":true},{"label":"Exfoliaci\u00f3n y ducha - 25\u20ac","price":"12.5","price_type":"flat_fee","image":0,"visibility":true}],"id":1770312171}],"_links":{"self":[{"href":"https:\/\/sadhanamassagecenter.com\/fr\/wp-json\/wp\/v2\/product\/146","targetHints":{"allow":["GET"]}}],"collection":[{"href":"https:\/\/sadhanamassagecenter.com\/fr\/wp-json\/wp\/v2\/product"}],"about":[{"href":"https:\/\/sadhanamassagecenter.com\/fr\/wp-json\/wp\/v2\/types\/product"}],"replies":[{"embeddable":true,"href":"https:\/\/sadhanamassagecenter.com\/fr\/wp-json\/wp\/v2\/comments?post=146"}],"wp:featuredmedia":[{"embeddable":true,"href":"https:\/\/sadhanamassagecenter.com\/fr\/wp-json\/wp\/v2\/media\/17096"}],"wp:attachment":[{"href":"https:\/\/sadhanamassagecenter.com\/fr\/wp-json\/wp\/v2\/media?parent=146"}],"wp:term":[{"taxonomy":"product_brand","embeddable":true,"href":"https:\/\/sadhanamassagecenter.com\/fr\/wp-json\/wp\/v2\/product_brand?post=146"},{"taxonomy":"product_cat","embeddable":true,"href":"https:\/\/sadhanamassagecenter.com\/fr\/wp-json\/wp\/v2\/product_cat?post=146"},{"taxonomy":"product_tag","embeddable":true,"href":"https:\/\/sadhanamassagecenter.com\/fr\/wp-json\/wp\/v2\/product_tag?post=146"}],"curies":[{"name":"wp","href":"https:\/\/api.w.org\/{rel}","templated":true}]}}