{"id":16805,"date":"2019-05-28T17:52:59","date_gmt":"2019-05-28T15:52:59","guid":{"rendered":"https:\/\/sadhanamassagecenter.com\/?post_type=product&#038;p=16805"},"modified":"2026-04-21T12:40:39","modified_gmt":"2026-04-21T10:40:39","slug":"shantala-embarazadas","status":"publish","type":"product","link":"https:\/\/sadhanamassagecenter.com\/fr\/produit\/shantala-embarazadas\/","title":{"rendered":"Shantala pour les femmes enceintes"},"content":{"rendered":"<p><strong>65.00\u20ac \u2014- 70 minutes<\/strong><\/p>\n<h3 style=\"text-align: center;\"><span style=\"color: #ff0000;\"><strong>TOUS NOS MASSAGES PEUVENT \u00caTRE EFFECTU\u00c9S EN COUPLE<\/strong><\/span><\/h3>\n<p class=\"translation-block\"><span style=\"color: #000000\"><strong>Recommand\u00e9 pour<\/strong> <strong>les futures mamans<\/strong>, car il peut att\u00e9nuer les inconforts ou troubles courants, <strong>soulage les tensions physiques, mentales et \u00e9motionnelles<\/strong>. Il commence par un <strong>bain de pieds<\/strong> aux sels de rose suivi d'un <strong>massage des pieds et des jambes<\/strong>. De plus, un masque hautement nutritif \u00e0 l'\u00e9lastine sera appliqu\u00e9 sur le <strong>ventre maternel<\/strong> pour ses effets raffermissants et <strong>anti-vergetures<\/strong>.<\/span><\/p>\n<p><span style=\"color: #000000;\"><strong><span style=\"color: #000000\"><strong>Ensuite, nous effectuerons un massage dans la zone selon les besoins et les pr\u00e9f\u00e9rences de la femme enceinte<\/strong>.<\/span><\/strong>.<\/span><\/p>\n<div style=\"width: 50%; float: left;\">\n<p><span style=\"color: #000000;\"><strong>AVANTAGES<\/strong><\/span><\/p>\n<ul>\n<li><span style=\"color: #000000;\"><strong>Le drainage lymphatique favorise la circulation sanguine et r\u00e9duit la r\u00e9tention d'eau.<\/strong><\/span><\/li>\n<li><span style=\"color: #000000;\"><strong>R\u00e9duit la fatigue, le stress et l'anxi\u00e9t\u00e9.<\/strong><\/span><\/li>\n<li><span style=\"color: #000000;\"><strong>\u00a0Permet de s'endormir.<\/strong><\/span><\/li>\n<\/ul>\n<\/div>\n<div style=\"width: 50%; float: left;\">\n<p><span style=\"color: #000000;\"><strong>COMPRIS<\/strong><\/span><\/p>\n<ul>\n<li class=\"translation-block\"><span style=\"color: #000000\"><strong>Bain de pieds<\/strong> aux sels de rose : 10 minutes.<\/span><\/li>\n<li><span style=\"color: #000000;\"><strong>Massage des pieds et des jambes. <\/strong>30 minutes\u00a0<\/span><\/li>\n<li><span style=\"color: #000000;\"><strong>Massage de 20 minutes adapt\u00e9 aux besoins de la m\u00e8re.<\/strong><\/span><\/li>\n<li class=\"translation-block\"><span style=\"color: #000000\"><strong>Masque nutritif anti-vergetures<\/strong> sur le ventre maternel. 10 minutes<\/span><\/li>\n<\/ul>\n<\/div>\n<div style=\"width: 50%; float: left;\"><\/div>\n<p><strong><span style=\"color: #993300;\">IMPORTANT !<\/span><\/strong><\/p>\n<p><strong><span style=\"color: #993300;\">La moiti\u00e9 du prix est \u00e0 payer en ligne, \u00e0 titre de r\u00e9servation, et le reste en esp\u00e8ces sur place.<\/span><\/strong><\/p>\n<p><strong><span style=\"color: #993300;\">La r\u00e9servation n'est PAS remboursable.<\/span><\/strong><\/p>","protected":false},"excerpt":{"rendered":"<p><strong>65.00\u20ac \u2014- 70 minutes<\/strong><\/p>","protected":false},"featured_media":44121,"comment_status":"open","ping_status":"closed","template":"","meta":{"_et_pb_use_builder":"off","_et_pb_old_content":"","_et_gb_content_width":""},"product_brand":[],"product_cat":[84,34],"product_tag":[],"class_list":{"0":"post-16805","1":"product","2":"type-product","3":"status-publish","4":"has-post-thumbnail","6":"product_cat-extras-1-persona","7":"product_cat-masaje","9":"first","10":"instock","11":"virtual","12":"taxable","13":"purchasable","14":"product-type-appointment"},"supplier_id":null,"supplier_sku":"","barcode":null,"atum_controlled":true,"out_stock_date":null,"out_stock_threshold":null,"inheritable":false,"inbound_stock":null,"stock_on_hold":0,"sold_today":0,"sales_last_days":0,"reserved_stock":null,"customer_returns":null,"warehouse_damage":null,"lost_in_post":null,"other_logs":null,"out_stock_days":0,"lost_sales":0,"has_location":false,"update_date":"2026-04-26T00:41:37","atum_locations":[],"atum_stock_status":"instock","restock_status":false,"low_stock_amount":"","sales_update_date":"2026-04-26T00:41:37","calc_backorders":null,"exclude_global_add_ons":false,"addons":[{"name":"Commentaires","type":"custom_textarea","position":0,"required":false,"title_format":"label","default":"","description_enable":false,"description":"","placeholder_enable":false,"placeholder":"","display":"select","restrictions_type":"any_text","adjust_price":false,"price":"","price_type":"flat_fee","restrictions":false,"min":"0","max":"0","options":[],"id":1720616867},{"name":"30 minutos extra","type":"multiple_choice","position":0,"required":false,"title_format":"label","default":"","description_enable":true,"description":"La duraci\u00f3n del masaje pasa a ser de 60 minutos","placeholder_enable":false,"placeholder":"","display":"radiobutton","restrictions_type":"any_text","adjust_price":false,"price":"","price_type":"flat_fee","restrictions":false,"min":"0","max":"0","options":[{"label":"+ 30 minutos","price":"30","price_type":"flat_fee","image":0,"visibility":true}]},{"name":"Ajoutez votre extra de 20 minutes","type":"checkbox","position":0,"required":false,"title_format":"label","default":"","description_enable":false,"description":"","placeholder_enable":false,"placeholder":"","display":"select","restrictions_type":"any_text","adjust_price":false,"price":"","price_type":"flat_fee","restrictions":false,"min":"0","max":"0","options":[{"label":"Facial expr\u00e9s - 20\u20ac","price":"10","price_type":"flat_fee","image":0,"visibility":true},{"label":"Masaje craneal - 20\u20ac","price":"10","price_type":"flat_fee","image":0,"visibility":true},{"label":"Masaje pies - 20\u20ac","price":"10","price_type":"flat_fee","image":0,"visibility":true},{"label":"Parafina en pies o manos - 20\u20ac","price":"10","price_type":"flat_fee","image":0,"visibility":true},{"label":"Exfoliaci\u00f3n y ducha - 25\u20ac","price":"12.5","price_type":"flat_fee","image":0,"visibility":true}],"id":1770312171}],"_links":{"self":[{"href":"https:\/\/sadhanamassagecenter.com\/fr\/wp-json\/wp\/v2\/product\/16805","targetHints":{"allow":["GET"]}}],"collection":[{"href":"https:\/\/sadhanamassagecenter.com\/fr\/wp-json\/wp\/v2\/product"}],"about":[{"href":"https:\/\/sadhanamassagecenter.com\/fr\/wp-json\/wp\/v2\/types\/product"}],"replies":[{"embeddable":true,"href":"https:\/\/sadhanamassagecenter.com\/fr\/wp-json\/wp\/v2\/comments?post=16805"}],"wp:featuredmedia":[{"embeddable":true,"href":"https:\/\/sadhanamassagecenter.com\/fr\/wp-json\/wp\/v2\/media\/44121"}],"wp:attachment":[{"href":"https:\/\/sadhanamassagecenter.com\/fr\/wp-json\/wp\/v2\/media?parent=16805"}],"wp:term":[{"taxonomy":"product_brand","embeddable":true,"href":"https:\/\/sadhanamassagecenter.com\/fr\/wp-json\/wp\/v2\/product_brand?post=16805"},{"taxonomy":"product_cat","embeddable":true,"href":"https:\/\/sadhanamassagecenter.com\/fr\/wp-json\/wp\/v2\/product_cat?post=16805"},{"taxonomy":"product_tag","embeddable":true,"href":"https:\/\/sadhanamassagecenter.com\/fr\/wp-json\/wp\/v2\/product_tag?post=16805"}],"curies":[{"name":"wp","href":"https:\/\/api.w.org\/{rel}","templated":true}]}}