{"id":16894,"date":"2019-05-29T12:41:07","date_gmt":"2019-05-29T10:41:07","guid":{"rendered":"https:\/\/sadhanamassagecenter.com\/?post_type=product&#038;p=16894"},"modified":"2026-02-19T18:57:41","modified_gmt":"2026-02-19T17:57:41","slug":"ritual-esencia-de-rosas-para-regalar","status":"publish","type":"product","link":"https:\/\/sadhanamassagecenter.com\/fr\/produit\/ritual-esencia-de-rosas-para-regalar\/","title":{"rendered":"Rituel Essence de Roses - \u00e0 offrir en cadeau"},"content":{"rendered":"<p><strong>70.00 \u20ac &#8212;- 70 minutos.<\/strong><\/p>\n<p class=\"translation-block\"><span style=\"color: #000000\">Gommage corporel au sucre et \u00e0 l'huile de rose musqu\u00e9e avec une action puissante <strong>r\u00e9g\u00e9n\u00e9rante et antioxydante<\/strong>.<\/span><\/p>\n<p class=\"translation-block\"><span style=\"color: #000000\">Contient de l'<strong>huile de rose musqu\u00e9e<\/strong>, plongez-vous dans un <strong>bain relaxant \u00e0 la lueur des bougies<\/strong>, <strong>avec une musique d'ambiance<\/strong>, parfum de sels de rose hydrat\u00e9s \u00e0 la vitamine C et E.<\/span><\/p>\n<p class=\"translation-block\"><span style=\"color: #000000\">Compl\u00e9tez votre rituel avec un <strong>massage relaxant de 40 minutes<\/strong> \u00e0 l'huile v\u00e9g\u00e9tale de rose musqu\u00e9e.<\/span><\/p>\n<div style=\"width: 50%; float: left;\">\n<p><span style=\"color: #000000;\"><strong>AVANTAGES<\/strong><\/span><\/p>\n<ul>\n<li><span style=\"color: #000000;\"><strong>Stimule le syst\u00e8me lymphatique<\/strong>\u00a0<\/span><\/li>\n<li><span style=\"color: #000000;\"><strong>\u00c9limine les cellules mortes<\/strong>, laissant l'\u00e9piderme propre et tonifi\u00e9.<\/span><\/li>\n<li><span style=\"color: #000000;\"><strong>Pr\u00e9vient le vieillissement cutan\u00e9<\/strong> et active la circulation et l'oxyg\u00e9nation de la peau.<\/span><\/li>\n<\/ul>\n<\/div>\n<div style=\"width: 50%; float: left;\">\n<p><span style=\"color: #000000;\"><strong>COMPRIS<\/strong><\/span><\/p>\n<ul>\n<li><span style=\"color: #000000;\"><strong>Gommage corporel \u00e0 l'\u00e9glantier. <\/strong>20M<\/span><\/li>\n<li class=\"translation-block\"><span style=\"color: #000000\"><strong>Douche. <\/strong>10M<\/span><\/li>\n<li class=\"translation-block\"><span style=\"color: #000000\"><strong>Massage relaxant \u00e0 l\u2019huile de rose musqu\u00e9e. 40M<\/strong><\/span><\/li>\n<\/ul>\n<\/div>\n<p>&nbsp;<\/p>\n<p>&nbsp;<\/p>\n<h2><span style=\"color: #ff0000;\"><strong>Il est valable pour une dur\u00e9e de 3 mois.<\/strong><\/span><\/h2>\n<h2><span style=\"color: #ff0000;\"><strong>Pour les rendez-vous concernant des commandes de cadeaux ou de cartes, le code joint \u00e0 votre achat vous sera demand\u00e9 lors de la r\u00e9servation par t\u00e9l\u00e9phone ou par e-mail.<\/strong><\/span><\/h2>","protected":false},"excerpt":{"rendered":"<p><strong>70.00 \u20ac &#8212;- 70 minutos.<\/strong><\/p>","protected":false},"featured_media":44272,"comment_status":"open","ping_status":"closed","template":"","meta":{"_et_pb_use_builder":"off","_et_pb_old_content":"Peeling de az\u00facar y rosa mosqueta exfoliante corporal delicado con aceites vegetales que suavizan y nutren la piel, contiene aceite de rosa mosqueta de gran acci\u00f3n regeneradora y antioxidante.\r\nSum\u00e9rgete en un ba\u00f1o relajante a la luz de las velas, con hilo musical y fragancia de sales de fresas y rosas hidratadas con vitamina C y E\r\nCompleta tu ritual con un masaje relajante de 30min con aceite vegetal de rosa mosqueta.\r\n\r\nBENEFICIOS\r\n\u2981 Estimula el sistema linf\u00e1tico y la liberaci\u00f3n de toxinas a trav\u00e9s de los poros.\r\n\u2981 Elimina las c\u00e9lulas muertas, permitiendo que la epidermis quede limpia y tonificada.\r\n\u2981 Previene el envejecimiento cut\u00e1neo y activa la circulaci\u00f3n y oxigenaci\u00f3n de la piel.\r\n\u2981 Devuelve al rostro un aspecto m\u00e1s uniforme y suave.\r\nIncluye\r\n\u2981 Exfoliante corporal de Rosa mosqueta. 20M\r\n\u2981 Ba\u00f1o con sales de rosas y fresas. 15M\r\n\u2981 Masaje relajante con aceite de Rosa mosqueta. 30M\r\n\r\n<strong>TIENE UNA CADUCIDAD DE 3 MESES.<\/strong>\r\n\r\n<strong><span style=\"color: #993300\">En las citas para pedidos regalo o tarjeta, se pedir\u00e1\u00a0el c\u00f3digo\u00a0adjuntado\u00a0tras su compra cuando realice la reserva telef\u00f3nica\u00a0o por email.<\/span><\/strong>","_et_gb_content_width":""},"product_brand":[],"product_cat":[40,85],"product_tag":[],"class_list":{"0":"post-16894","1":"product","2":"type-product","3":"status-publish","4":"has-post-thumbnail","6":"product_cat-regalo","7":"product_cat-regalo-1-persona","9":"first","10":"instock","11":"virtual","12":"taxable","13":"purchasable","14":"product-type-simple"},"supplier_id":null,"supplier_sku":"","barcode":null,"atum_controlled":true,"out_stock_date":null,"out_stock_threshold":null,"inheritable":false,"inbound_stock":null,"stock_on_hold":0,"sold_today":0,"sales_last_days":0,"reserved_stock":null,"customer_returns":null,"warehouse_damage":null,"lost_in_post":null,"other_logs":null,"out_stock_days":0,"lost_sales":0,"has_location":false,"update_date":"2026-04-18T00:26:26","atum_locations":[],"atum_stock_status":"instock","restock_status":false,"low_stock_amount":"","sales_update_date":"2026-04-18T00:26:26","calc_backorders":null,"exclude_global_add_ons":false,"addons":[{"name":"Commentaires","type":"custom_textarea","position":0,"required":false,"title_format":"label","default":"","description_enable":false,"description":"","placeholder_enable":false,"placeholder":"","display":"select","restrictions_type":"any_text","adjust_price":false,"price":"","price_type":"flat_fee","restrictions":false,"min":"0","max":"0","options":[],"id":1713204367},{"name":"30 minutos extra","type":"multiple_choice","position":0,"required":false,"title_format":"label","default":"","description_enable":true,"description":"La duraci\u00f3n del masaje pasa a ser de 60 minutos","placeholder_enable":false,"placeholder":"","display":"radiobutton","restrictions_type":"any_text","adjust_price":false,"price":"","price_type":"flat_fee","restrictions":false,"min":"0","max":"0","options":[{"label":"+ 30 minutos","price":"30","price_type":"flat_fee","image":0,"visibility":true}]},{"name":"Ajoutez votre extra de 20 minutes","type":"checkbox","position":0,"required":false,"title_format":"label","default":"","description_enable":false,"description":"","placeholder_enable":false,"placeholder":"","display":"select","restrictions_type":"any_text","adjust_price":false,"price":"","price_type":"flat_fee","restrictions":false,"min":"0","max":"0","options":[{"label":"Facial expr\u00e9s - 20\u20ac","price":"20","price_type":"flat_fee","image":0,"visibility":true},{"label":"Masaje craneal - 20\u20ac","price":"20","price_type":"flat_fee","image":0,"visibility":true},{"label":"Masaje pies - 20\u20ac","price":"20","price_type":"flat_fee","image":0,"visibility":true},{"label":"Parafina en pies o manos - 20\u20ac","price":"20","price_type":"flat_fee","image":0,"visibility":true},{"label":"Exfoliaci\u00f3n y ducha - 25\u20ac","price":"25","price_type":"flat_fee","image":0,"visibility":true}],"id":1771496755}],"_links":{"self":[{"href":"https:\/\/sadhanamassagecenter.com\/fr\/wp-json\/wp\/v2\/product\/16894","targetHints":{"allow":["GET"]}}],"collection":[{"href":"https:\/\/sadhanamassagecenter.com\/fr\/wp-json\/wp\/v2\/product"}],"about":[{"href":"https:\/\/sadhanamassagecenter.com\/fr\/wp-json\/wp\/v2\/types\/product"}],"replies":[{"embeddable":true,"href":"https:\/\/sadhanamassagecenter.com\/fr\/wp-json\/wp\/v2\/comments?post=16894"}],"wp:featuredmedia":[{"embeddable":true,"href":"https:\/\/sadhanamassagecenter.com\/fr\/wp-json\/wp\/v2\/media\/44272"}],"wp:attachment":[{"href":"https:\/\/sadhanamassagecenter.com\/fr\/wp-json\/wp\/v2\/media?parent=16894"}],"wp:term":[{"taxonomy":"product_brand","embeddable":true,"href":"https:\/\/sadhanamassagecenter.com\/fr\/wp-json\/wp\/v2\/product_brand?post=16894"},{"taxonomy":"product_cat","embeddable":true,"href":"https:\/\/sadhanamassagecenter.com\/fr\/wp-json\/wp\/v2\/product_cat?post=16894"},{"taxonomy":"product_tag","embeddable":true,"href":"https:\/\/sadhanamassagecenter.com\/fr\/wp-json\/wp\/v2\/product_tag?post=16894"}],"curies":[{"name":"wp","href":"https:\/\/api.w.org\/{rel}","templated":true}]}}