{"id":34663,"date":"2022-12-21T12:50:39","date_gmt":"2022-12-21T11:50:39","guid":{"rendered":"https:\/\/sadhanamassagecenter.com\/?post_type=product&#038;p=34663"},"modified":"2026-04-16T16:29:49","modified_gmt":"2026-04-16T14:29:49","slug":"radiofrecuencia-facial-y-vitamina-c","status":"publish","type":"product","link":"https:\/\/sadhanamassagecenter.com\/fr\/produit\/radiofrecuencia-facial-y-vitamina-c\/","title":{"rendered":"Radiofr\u00e9quence faciale et vitamine C"},"content":{"rendered":"<p class=\"translation-block\"><span style=\"color: #000000\"><strong>\u00c9nergisant et antioxydant<\/strong> pour<strong> tous<\/strong> <strong>les types de peau<\/strong>, m\u00eame les plus d\u00e9licates. Contient de la <strong>Vitamine C<\/strong> qui neutralise les radicaux libres, <strong>stimule la synth\u00e8se du collag\u00e8ne. Le r\u00e9sultat est une peau plus lisse, radieuse et lumineuse.<\/strong><\/span><\/p>\n<p class=\"translation-block\"><span style=\"color: #000000\"><strong>La radiofr\u00e9quence<\/strong> est une technique non invasive visant \u00e0 stimuler la production de collag\u00e8ne <strong>est compl\u00e8tement indolore :<\/strong> <\/span><\/p>\n<p class=\"translation-block\"><span style=\"color: #000000\"><strong>L'augmentation des niveaux de collag\u00e8ne procure une tension dans la zone trait\u00e9e<\/strong>, ce qui se traduit par une<strong> r\u00e9duction du rel\u00e2chement cutan\u00e9 et un rajeunissement<\/strong> de la zone.<\/span><\/p>\n<div style=\"width: 50%; float: left;\">\n<p><span style=\"color: #000000;\"><strong>AVANTAGES<\/strong><\/span><\/p>\n<ul>\n<li class=\"translation-block\"><span style=\"color: #000000\"><strong>R\u00e9duit<\/strong> le rel\u00e2chement cutan\u00e9 gr\u00e2ce \u00e0 son effet liftant<\/span><\/li>\n<li class=\"translation-block\"><span style=\"color: #000000\"><strong>Cache<\/strong> les ridules d'expression gr\u00e2ce \u00e0 l'augmentation de la production de <strong>collag\u00e8ne<\/strong><\/span><\/li>\n<li><span style=\"color: #000000;\"><strong>R\u00e9duire le s\u00e9bum<\/strong><\/span><\/li>\n<\/ul>\n<\/div>\n<div style=\"width: 50%; float: left;\">\n<p><span style=\"color: #000000;\"><strong>COMPRIS<\/strong><\/span><\/p>\n<ul>\n<li class=\"translation-block\"><span style=\"color: #000000\"><strong>Nettoyage du visage.<\/strong> 10m.<\/span><\/li>\n<li class=\"translation-block\"><span style=\"color: #000000\"><strong>Radiofr\u00e9quence.<\/strong> 10\/15m.<\/span><\/li>\n<li class=\"translation-block\"><span style=\"color: #000000\"><strong>Masque.<\/strong> 10\/15m accompagn\u00e9 d'un massage cr\u00e2nien de 15m.<\/span><\/li>\n<li class=\"translation-block\"><span style=\"color: #000000\"><strong>Ampoule et massage<\/strong> avec rouleau de jade. 15m. Cr\u00e8me finale \u00e0 la vitamine C 5m<\/span><\/li>\n<\/ul>\n<\/div>\n<p><strong><span style=\"color: #993300;\">IMPORTANT !<\/span><\/strong><\/p>\n<p><strong><span style=\"color: #993300;\">La moiti\u00e9 du prix est \u00e0 payer en ligne, \u00e0 titre de r\u00e9servation, et le reste en esp\u00e8ces sur place.<\/span><\/strong><\/p>\n<p><strong><span style=\"color: #993300;\">La r\u00e9servation n'est PAS remboursable.<\/span><\/strong><\/p>","protected":false},"excerpt":{"rendered":"<p><strong>TOTAL A PAYER : 75.00\u20ac -- 65 minutes aprox.<\/strong><\/p>","protected":false},"featured_media":34660,"comment_status":"open","ping_status":"closed","template":"","meta":{"_et_pb_use_builder":"","_et_pb_old_content":"","_et_gb_content_width":""},"product_brand":[],"product_cat":[84,36],"product_tag":[],"class_list":{"0":"post-34663","1":"product","2":"type-product","3":"status-publish","4":"has-post-thumbnail","6":"product_cat-extras-1-persona","7":"product_cat-ritual","9":"first","10":"instock","11":"virtual","12":"taxable","13":"purchasable","14":"product-type-appointment"},"supplier_id":null,"supplier_sku":"","barcode":null,"atum_controlled":true,"out_stock_date":null,"out_stock_threshold":null,"inheritable":false,"inbound_stock":null,"stock_on_hold":0,"sold_today":0,"sales_last_days":0,"reserved_stock":null,"customer_returns":null,"warehouse_damage":null,"lost_in_post":null,"other_logs":null,"out_stock_days":0,"lost_sales":0,"has_location":false,"update_date":"2026-04-18T00:26:35","atum_locations":[],"atum_stock_status":"instock","restock_status":false,"low_stock_amount":"","sales_update_date":"2026-04-18T00:26:35","calc_backorders":null,"exclude_global_add_ons":false,"addons":[{"name":"Commentaires","type":"custom_textarea","position":0,"required":false,"title_format":"label","default":"","description_enable":false,"description":"","placeholder_enable":false,"placeholder":"","display":"select","restrictions_type":"any_text","adjust_price":false,"price":"","price_type":"flat_fee","restrictions":false,"min":"0","max":"0","options":[],"id":1721301805},{"name":"30 minutos extra","type":"multiple_choice","position":0,"required":false,"title_format":"label","default":"","description_enable":true,"description":"La duraci\u00f3n del masaje pasa a ser de 60 minutos","placeholder_enable":false,"placeholder":"","display":"radiobutton","restrictions_type":"any_text","adjust_price":false,"price":"","price_type":"flat_fee","restrictions":false,"min":"0","max":"0","options":[{"label":"+ 30 minutos","price":"30","price_type":"flat_fee","image":0,"visibility":true}]},{"name":"Ajoutez votre extra de 20 minutes","type":"checkbox","position":0,"required":false,"title_format":"label","default":"","description_enable":false,"description":"","placeholder_enable":false,"placeholder":"","display":"select","restrictions_type":"any_text","adjust_price":false,"price":"","price_type":"flat_fee","restrictions":false,"min":"0","max":"0","options":[{"label":"Facial expr\u00e9s - 20\u20ac","price":"10","price_type":"flat_fee","image":0,"visibility":true},{"label":"Masaje craneal - 20\u20ac","price":"10","price_type":"flat_fee","image":0,"visibility":true},{"label":"Masaje pies - 20\u20ac","price":"10","price_type":"flat_fee","image":0,"visibility":true},{"label":"Parafina en pies o manos - 20\u20ac","price":"10","price_type":"flat_fee","image":0,"visibility":true},{"label":"Exfoliaci\u00f3n y ducha - 25\u20ac","price":"12.5","price_type":"flat_fee","image":0,"visibility":true}],"id":1770312171}],"_links":{"self":[{"href":"https:\/\/sadhanamassagecenter.com\/fr\/wp-json\/wp\/v2\/product\/34663","targetHints":{"allow":["GET"]}}],"collection":[{"href":"https:\/\/sadhanamassagecenter.com\/fr\/wp-json\/wp\/v2\/product"}],"about":[{"href":"https:\/\/sadhanamassagecenter.com\/fr\/wp-json\/wp\/v2\/types\/product"}],"replies":[{"embeddable":true,"href":"https:\/\/sadhanamassagecenter.com\/fr\/wp-json\/wp\/v2\/comments?post=34663"}],"wp:featuredmedia":[{"embeddable":true,"href":"https:\/\/sadhanamassagecenter.com\/fr\/wp-json\/wp\/v2\/media\/34660"}],"wp:attachment":[{"href":"https:\/\/sadhanamassagecenter.com\/fr\/wp-json\/wp\/v2\/media?parent=34663"}],"wp:term":[{"taxonomy":"product_brand","embeddable":true,"href":"https:\/\/sadhanamassagecenter.com\/fr\/wp-json\/wp\/v2\/product_brand?post=34663"},{"taxonomy":"product_cat","embeddable":true,"href":"https:\/\/sadhanamassagecenter.com\/fr\/wp-json\/wp\/v2\/product_cat?post=34663"},{"taxonomy":"product_tag","embeddable":true,"href":"https:\/\/sadhanamassagecenter.com\/fr\/wp-json\/wp\/v2\/product_tag?post=34663"}],"curies":[{"name":"wp","href":"https:\/\/api.w.org\/{rel}","templated":true}]}}