{"id":40532,"date":"2024-01-11T11:28:13","date_gmt":"2024-01-11T10:28:13","guid":{"rendered":"https:\/\/sadhanamassagecenter.com\/?post_type=product&#038;p=40532"},"modified":"2026-03-25T10:14:07","modified_gmt":"2026-03-25T09:14:07","slug":"bono-maderoterapia-corporal","status":"publish","type":"product","link":"https:\/\/sadhanamassagecenter.com\/fr\/produit\/bono-maderoterapia-corporal\/","title":{"rendered":"Bono Maderoterapia corporal"},"content":{"rendered":"<p>FORFAITS : 5 S\u00c9ANCES DE 60 minutes = 235\u20ac \/ 10 s\u00e9ances de 60 minutes = 400\u20ac<\/p>\n<p class=\"translation-block\"><span style=\"color: #000000\">La <strong>maderoth\u00e9rapie<\/strong> est un traitement qui consiste \u00e0 stimuler le corps avec diff\u00e9rents <strong>outils en bois<\/strong> dans le but d'<strong>\u00e9liminer la graisse accumul\u00e9e<\/strong> dans des zones telles que l'<strong>abdomen, les cuisses et les hanches<\/strong>. Ainsi, elle permet d'<strong>\u00e9liminer<\/strong> la <strong>r\u00e9tention d'eau et de modeler et raffermir le corps.<\/strong><\/span><\/p>\n<p><strong>Avantages<\/strong><\/p>\n<ul>\n<li><strong>\u00c9limine la cellulite<\/strong><\/li>\n<li><strong>R\u00e9duit le volume corporel<\/strong><\/li>\n<li><strong>Aide \u00e0 r\u00e9duire la r\u00e9tention d'eau et am\u00e9liore la circulation<\/strong><\/li>\n<li><strong>R\u00e9duit le stress et favorise la relaxation<\/strong><\/li>\n<\/ul>\n<p><strong>IMPORTANTE!<\/strong> Contactez-nous pour prendre rendez-vous afin de voir les \u00e9l\u00e9ments du coupon, une fois achet\u00e9s.<\/p>\n<p><strong>CONDITIONS DE COUPON:<\/strong><\/p>\n<ul>\n<li>VALABLE 3 MOIS<\/li>\n<li>DU LUNDI AU VENDREDI DE 11H \u00c0 21H. SAMEDI DE 11H \u00c0 14H.<\/li>\n<li>NE PEUT PAS \u00caTRE PARTAG\u00c9 AVEC D'AUTRES PERSONNES<\/li>\n<li>EN CAS D'ABSENCE \u00c0 VOTRE RENDEZ-VOUS, LA S\u00c9ANCE SERA D\u00c9DUITE DE VOTRE COUPON.<\/li>\n<li>NON DISPONIBLE LES JOURS F\u00c9RI\u00c9S<\/li>\n<li>VALABLE UNE S\u00c9ANCE PAR JOUR<\/li>\n<\/ul>","protected":false},"excerpt":{"rendered":"<p>BONOS: 5 SESIONES de 60 minutos\u00a0 = 235\u20ac. \/ 10 sesiones de 60 minutos = 400\u20ac<\/p>","protected":false},"featured_media":44246,"comment_status":"open","ping_status":"closed","template":"","meta":{"_et_pb_use_builder":"off","_et_pb_old_content":"BONOS: 5 SESIONES\u00a0 = 120\u20ac. \/ 10 sesiones = 200\u20ac\r\n\r\n<strong>\u00a1IMPORTANTE!<\/strong> Cont\u00e1ctanos para concretar cita previa de los elementos del bono, una vez comprado.\r\n\r\n<strong>CONDICIONES DEL BONO:<\/strong>\r\n<ul>\r\n \t<li>TIENE UNA CADUCIDAD DE 3 MESES<\/li>\r\n \t<li>DE LUNES A VIERNES DE 11-21:00. S\u00c1BADOS DE 11-14:00.<\/li>\r\n \t<li>NO TIENE POSIBILIDAD DE COMPARTIRSE<\/li>\r\n \t<li>EN CASO DE NO ASISTIR A SU CITA SE DESCONTARA LA SESI\u00d3N DE SU BONO.<\/li>\r\n \t<li>NO DISPONIBLES EN D\u00cdAS FESTIVOS<\/li>\r\n \t<li>VALIDO UNA SESI\u00d3N POR D\u00cdA<\/li>\r\n<\/ul>\r\n<strong><span style=\"color: #993300\">\u00a1IMPORTANTE!<\/span><\/strong>\r\n\r\n<strong><span style=\"color: #993300\">La mitad del precio se paga por la web, en concepto de reserva y el resto en efectivo en el local.<\/span><\/strong>\r\n\r\n<strong><span style=\"color: #993300\">La reserva NO es reembolsable.<\/span><\/strong>","_et_gb_content_width":""},"product_brand":[],"product_cat":[35],"product_tag":[],"class_list":{"0":"post-40532","1":"product","2":"type-product","3":"status-publish","4":"has-post-thumbnail","6":"product_cat-bono","8":"first","9":"instock","10":"virtual","11":"taxable","12":"purchasable","13":"product-type-simple"},"supplier_id":null,"supplier_sku":"","barcode":null,"atum_controlled":true,"out_stock_date":null,"out_stock_threshold":null,"inheritable":false,"inbound_stock":null,"stock_on_hold":0,"sold_today":0,"sales_last_days":0,"reserved_stock":null,"customer_returns":null,"warehouse_damage":null,"lost_in_post":null,"other_logs":null,"out_stock_days":0,"lost_sales":0,"has_location":null,"update_date":"2026-05-11T01:09:27","atum_locations":[],"atum_stock_status":"instock","restock_status":false,"low_stock_amount":"","sales_update_date":"2026-05-11T01:09:27","calc_backorders":null,"exclude_global_add_ons":false,"addons":[{"name":"Commentaires","type":"custom_textarea","position":0,"required":false,"title_format":"label","default":"","description_enable":false,"description":"","placeholder_enable":false,"placeholder":"","display":"select","restrictions_type":"any_text","adjust_price":false,"price":"","price_type":"flat_fee","restrictions":false,"min":"0","max":"0","options":[],"id":1671815175},{"name":"Nombre de s\u00e9ances","type":"multiple_choice","position":1,"required":true,"title_format":"label","default":"","description_enable":false,"description":"","placeholder_enable":false,"placeholder":"","display":"select","restrictions_type":"any_text","adjust_price":false,"price":"","price_type":"flat_fee","restrictions":false,"min":"0","max":"0","options":[{"label":"5 sesiones","price":"","price_type":"flat_fee","image":0,"visibility":true},{"label":"10 sesiones","price":"165","price_type":"quantity_based","image":0,"visibility":true}],"id":1704909429},{"name":"30 minutos extra","type":"multiple_choice","position":0,"required":false,"title_format":"label","default":"","description_enable":true,"description":"La duraci\u00f3n del masaje pasa a ser de 60 minutos","placeholder_enable":false,"placeholder":"","display":"radiobutton","restrictions_type":"any_text","adjust_price":false,"price":"","price_type":"flat_fee","restrictions":false,"min":"0","max":"0","options":[{"label":"+ 30 minutos","price":"30","price_type":"flat_fee","image":0,"visibility":true}]}],"_links":{"self":[{"href":"https:\/\/sadhanamassagecenter.com\/fr\/wp-json\/wp\/v2\/product\/40532","targetHints":{"allow":["GET"]}}],"collection":[{"href":"https:\/\/sadhanamassagecenter.com\/fr\/wp-json\/wp\/v2\/product"}],"about":[{"href":"https:\/\/sadhanamassagecenter.com\/fr\/wp-json\/wp\/v2\/types\/product"}],"replies":[{"embeddable":true,"href":"https:\/\/sadhanamassagecenter.com\/fr\/wp-json\/wp\/v2\/comments?post=40532"}],"wp:featuredmedia":[{"embeddable":true,"href":"https:\/\/sadhanamassagecenter.com\/fr\/wp-json\/wp\/v2\/media\/44246"}],"wp:attachment":[{"href":"https:\/\/sadhanamassagecenter.com\/fr\/wp-json\/wp\/v2\/media?parent=40532"}],"wp:term":[{"taxonomy":"product_brand","embeddable":true,"href":"https:\/\/sadhanamassagecenter.com\/fr\/wp-json\/wp\/v2\/product_brand?post=40532"},{"taxonomy":"product_cat","embeddable":true,"href":"https:\/\/sadhanamassagecenter.com\/fr\/wp-json\/wp\/v2\/product_cat?post=40532"},{"taxonomy":"product_tag","embeddable":true,"href":"https:\/\/sadhanamassagecenter.com\/fr\/wp-json\/wp\/v2\/product_tag?post=40532"}],"curies":[{"name":"wp","href":"https:\/\/api.w.org\/{rel}","templated":true}]}}