{"id":50590,"date":"2025-07-24T12:37:18","date_gmt":"2025-07-24T10:37:18","guid":{"rendered":"https:\/\/sadhanamassagecenter.com\/?post_type=product&#038;p=50590"},"modified":"2026-02-19T11:49:43","modified_gmt":"2026-02-19T10:49:43","slug":"ritual-zen-vital-para-regalar","status":"publish","type":"product","link":"https:\/\/sadhanamassagecenter.com\/fr\/produit\/ritual-zen-vital-para-regalar\/","title":{"rendered":"Ritual Zen Vital &#8211; Para regalar"},"content":{"rendered":"<p><strong>65.00\u20ac \u2014- 70 minutes<\/strong><\/p>\n<p class=\"translation-block\"><span style=\"color: #000000\">Un voyage vers un <strong>\u00e9quilibre profond gr\u00e2ce au pouvoir du Shiatsu<\/strong>, une technique japonaise qui applique des pressions fermes sur les canaux \u00e9nerg\u00e9tiques du corps (m\u00e9ridiens) pour <strong>lib\u00e9rer les blocages, soulager les tensions et restaurer l'harmonie int\u00e9rieure.<\/strong> Ce soin associe la <strong>pr\u00e9cision th\u00e9rapeutique du Shiatsu<\/strong> aux <strong>ar\u00f4mes naturels d'Indon\u00e9sie<\/strong> et se termine par un <strong>enveloppement corporel \u00e0 l'aloe vera qui apaise et revitalise la peau.<\/strong><\/span><\/p>\n<div style=\"width: 50%; float: left;\">\n<p><span style=\"color: #000000;\"><strong>AVANTAGES<\/strong><\/span><\/p>\n<ul>\n<li class=\"translation-block\"><span style=\"color: #000000\">Favorise le <strong>repos et r\u00e9duit l\u2019insomnie<\/strong><\/span><\/li>\n<li class=\"translation-block\"><span style=\"color: #000000\">Stimule la <strong>circulation et l\u2019oxyg\u00e9nation cellulaire<\/strong><\/span><\/li>\n<li><strong><span style=\"color: #000000;\">Rajeunit et am\u00e9liore la texture de la peau<\/span><\/strong><\/li>\n<li class=\"translation-block\"><span style=\"color: #000000\">\u00c9quilibre le flux \u00e9nerg\u00e9tique (chi), g\u00e9n\u00e9rant un <strong>bien-\u00eatre global<\/strong><\/span><\/li>\n<\/ul>\n<\/div>\n<div style=\"width: 50%; float: left;\">\n<p><span style=\"color: #000000;\"><strong>COMPRIS<\/strong><\/span><\/p>\n<ul>\n<li class=\"translation-block\"><span style=\"color: #000000\">Massage facial avec \u00e9lixir <strong>anti-rides \u00e0 effet r\u00e9g\u00e9n\u00e9rant<\/strong><\/span><\/li>\n<li class=\"translation-block\"><span style=\"color: #000000\"><strong>Massage corporel avec pressions Shiatsu<\/strong> sur les bras, l\u2019abdomen, les jambes, le dos et les pieds (env. 40 min)<\/span><\/li>\n<li class=\"translation-block\"><span style=\"color: #000000\"><strong>Enveloppement \u00e0 l\u2019aloe vera<\/strong> + douche relaxante (20 min)<\/span><\/li>\n<\/ul>\n<\/div>\n<p>&nbsp;<\/p>\n<p>&nbsp;<\/p>\n<p>&nbsp;<\/p>\n<h3 style=\"text-align: center;\"><span style=\"color: #ff0000;\"><strong>TOUS NOS MASSAGES PEUVENT \u00caTRE EFFECTU\u00c9S EN COUPLE<\/strong><\/span><\/h3>\n<h2><span style=\"color: #ff0000;\"><strong>Il est valable pour une dur\u00e9e de 3 mois.<\/strong><\/span><\/h2>\n<h2><span style=\"color: #ff0000;\"><strong>Pour les rendez-vous concernant des commandes de cadeaux ou de cartes, le code joint \u00e0 votre achat vous sera demand\u00e9 lors de la r\u00e9servation par t\u00e9l\u00e9phone ou par e-mail.<\/strong><\/span><\/h2>","protected":false},"excerpt":{"rendered":"<p><strong>65.00\u20ac \u2014- 70 minutes<\/strong><\/p>","protected":false},"featured_media":44258,"comment_status":"open","ping_status":"closed","template":"","meta":{"_et_pb_use_builder":"off","_et_pb_old_content":"","_et_gb_content_width":""},"product_brand":[],"product_cat":[40,85],"product_tag":[],"class_list":{"0":"post-50590","1":"product","2":"type-product","3":"status-publish","4":"has-post-thumbnail","6":"product_cat-regalo","7":"product_cat-regalo-1-persona","9":"first","10":"instock","11":"virtual","12":"taxable","13":"purchasable","14":"product-type-simple"},"supplier_id":null,"supplier_sku":"","barcode":null,"atum_controlled":true,"out_stock_date":null,"out_stock_threshold":null,"inheritable":false,"inbound_stock":null,"stock_on_hold":1,"sold_today":0,"sales_last_days":0,"reserved_stock":null,"customer_returns":null,"warehouse_damage":null,"lost_in_post":null,"other_logs":null,"out_stock_days":0,"lost_sales":0,"has_location":false,"update_date":"2026-04-17T00:23:30","atum_locations":[],"atum_stock_status":"instock","restock_status":false,"low_stock_amount":"","sales_update_date":"2026-04-17T00:23:30","calc_backorders":null,"exclude_global_add_ons":false,"addons":[{"name":"Commentaires","type":"custom_textarea","position":0,"required":false,"title_format":"label","default":"","description_enable":false,"description":"","placeholder_enable":false,"placeholder":"","display":"select","restrictions_type":"any_text","adjust_price":false,"price":"","price_type":"flat_fee","restrictions":false,"min":"0","max":"0","options":[],"id":1720609306},{"name":"30 minutos extra","type":"multiple_choice","position":0,"required":false,"title_format":"label","default":"","description_enable":true,"description":"La duraci\u00f3n del masaje pasa a ser de 60 minutos","placeholder_enable":false,"placeholder":"","display":"radiobutton","restrictions_type":"any_text","adjust_price":false,"price":"","price_type":"flat_fee","restrictions":false,"min":"0","max":"0","options":[{"label":"+ 30 minutos","price":"30","price_type":"flat_fee","image":0,"visibility":true}]},{"name":"Ajoutez votre extra de 20 minutes","type":"checkbox","position":0,"required":false,"title_format":"label","default":"","description_enable":false,"description":"","placeholder_enable":false,"placeholder":"","display":"select","restrictions_type":"any_text","adjust_price":false,"price":"","price_type":"flat_fee","restrictions":false,"min":"0","max":"0","options":[{"label":"Facial expr\u00e9s - 20\u20ac","price":"20","price_type":"flat_fee","image":0,"visibility":true},{"label":"Masaje craneal - 20\u20ac","price":"20","price_type":"flat_fee","image":0,"visibility":true},{"label":"Masaje pies - 20\u20ac","price":"20","price_type":"flat_fee","image":0,"visibility":true},{"label":"Parafina en pies o manos - 20\u20ac","price":"20","price_type":"flat_fee","image":0,"visibility":true},{"label":"Exfoliaci\u00f3n y ducha - 25\u20ac","price":"25","price_type":"flat_fee","image":0,"visibility":true}],"id":1771496755}],"_links":{"self":[{"href":"https:\/\/sadhanamassagecenter.com\/fr\/wp-json\/wp\/v2\/product\/50590","targetHints":{"allow":["GET"]}}],"collection":[{"href":"https:\/\/sadhanamassagecenter.com\/fr\/wp-json\/wp\/v2\/product"}],"about":[{"href":"https:\/\/sadhanamassagecenter.com\/fr\/wp-json\/wp\/v2\/types\/product"}],"replies":[{"embeddable":true,"href":"https:\/\/sadhanamassagecenter.com\/fr\/wp-json\/wp\/v2\/comments?post=50590"}],"wp:featuredmedia":[{"embeddable":true,"href":"https:\/\/sadhanamassagecenter.com\/fr\/wp-json\/wp\/v2\/media\/44258"}],"wp:attachment":[{"href":"https:\/\/sadhanamassagecenter.com\/fr\/wp-json\/wp\/v2\/media?parent=50590"}],"wp:term":[{"taxonomy":"product_brand","embeddable":true,"href":"https:\/\/sadhanamassagecenter.com\/fr\/wp-json\/wp\/v2\/product_brand?post=50590"},{"taxonomy":"product_cat","embeddable":true,"href":"https:\/\/sadhanamassagecenter.com\/fr\/wp-json\/wp\/v2\/product_cat?post=50590"},{"taxonomy":"product_tag","embeddable":true,"href":"https:\/\/sadhanamassagecenter.com\/fr\/wp-json\/wp\/v2\/product_tag?post=50590"}],"curies":[{"name":"wp","href":"https:\/\/api.w.org\/{rel}","templated":true}]}}