{"id":607,"date":"2019-02-25T17:33:20","date_gmt":"2019-02-25T16:33:20","guid":{"rendered":"https:\/\/sadhanamassagecenter.com\/?post_type=product&#038;p=607"},"modified":"2025-04-01T19:34:52","modified_gmt":"2025-04-01T17:34:52","slug":"bono-masaje-sadhana","status":"publish","type":"product","link":"https:\/\/sadhanamassagecenter.com\/fr\/produit\/bono-masaje-sadhana\/","title":{"rendered":"Coupon de massage Sadhana"},"content":{"rendered":"<p>BONOS: 3 SESIONES 60 MINUTOS + REGALO REFLEXOLOG\u00cdA PODAL PIERNAS Y PIES DE 30 MINUTOS + TEA= 160\u20ac<\/p>\n<p><strong>IMPORTANT !<\/strong><\/p>\n<p>Contactez-nous pour fixer un rendez-vous pour les \u00e9l\u00e9ments du coupon, une fois achet\u00e9s.<\/p>\n<p><strong>CONDITIONS DU COUPON :<\/strong><\/p>\n<ul>\n<li>VALABLE 3 MOIS<\/li>\n<li>DU LUNDI AU VENDREDI DE 11H \u00c0 21H. SAMEDI DE 11H \u00c0 14H.<\/li>\n<li>NE PEUT PAS \u00caTRE PARTAG\u00c9 AVEC D'AUTRES PERSONNES<\/li>\n<li>EN CAS D'ABSENCE \u00c0 VOTRE RENDEZ-VOUS, LA S\u00c9ANCE SERA D\u00c9DUITE DE VOTRE COUPON.<\/li>\n<li>NON DISPONIBLE LES JOURS F\u00c9RI\u00c9S<\/li>\n<li>VALABLE UNE S\u00c9ANCE PAR JOUR<\/li>\n<\/ul>","protected":false},"excerpt":{"rendered":"<p><strong>TOTAL A PAGAR: 160.00\u20ac<\/strong><\/p>\n<p>3 S\u00e9ances 60 minutes + r\u00e9flexologie plantaire 30 minutes jambes et pieds offert + th\u00e9<\/p>","protected":false},"featured_media":44263,"comment_status":"open","ping_status":"closed","template":"","meta":{"_et_pb_use_builder":"","_et_pb_old_content":"","_et_gb_content_width":""},"product_brand":[],"product_cat":[35],"product_tag":[],"class_list":{"0":"post-607","1":"product","2":"type-product","3":"status-publish","4":"has-post-thumbnail","6":"product_cat-bono","8":"first","9":"instock","10":"virtual","11":"taxable","12":"purchasable","13":"product-type-simple"},"supplier_id":null,"supplier_sku":"","barcode":null,"atum_controlled":true,"out_stock_date":null,"out_stock_threshold":null,"inheritable":false,"inbound_stock":null,"stock_on_hold":0,"sold_today":0,"sales_last_days":0,"reserved_stock":null,"customer_returns":null,"warehouse_damage":null,"lost_in_post":null,"other_logs":null,"out_stock_days":0,"lost_sales":0,"has_location":null,"update_date":"2026-05-16T00:12:37","atum_locations":[],"atum_stock_status":"instock","restock_status":false,"low_stock_amount":"","sales_update_date":"2026-05-16T00:12:37","calc_backorders":null,"exclude_global_add_ons":false,"addons":[{"name":"Commentaires","type":"custom_textarea","position":0,"required":false,"title_format":"label","default":"","description_enable":false,"description":"","placeholder_enable":false,"placeholder":"","display":"select","restrictions_type":"any_text","adjust_price":false,"price":"","price_type":"flat_fee","restrictions":false,"min":"0","max":"0","options":[],"id":1701451646},{"name":"30 minutos extra","type":"multiple_choice","position":0,"required":false,"title_format":"label","default":"","description_enable":true,"description":"La duraci\u00f3n del masaje pasa a ser de 60 minutos","placeholder_enable":false,"placeholder":"","display":"radiobutton","restrictions_type":"any_text","adjust_price":false,"price":"","price_type":"flat_fee","restrictions":false,"min":"0","max":"0","options":[{"label":"+ 30 minutos","price":"30","price_type":"flat_fee","image":0,"visibility":true}]}],"_links":{"self":[{"href":"https:\/\/sadhanamassagecenter.com\/fr\/wp-json\/wp\/v2\/product\/607","targetHints":{"allow":["GET"]}}],"collection":[{"href":"https:\/\/sadhanamassagecenter.com\/fr\/wp-json\/wp\/v2\/product"}],"about":[{"href":"https:\/\/sadhanamassagecenter.com\/fr\/wp-json\/wp\/v2\/types\/product"}],"replies":[{"embeddable":true,"href":"https:\/\/sadhanamassagecenter.com\/fr\/wp-json\/wp\/v2\/comments?post=607"}],"wp:featuredmedia":[{"embeddable":true,"href":"https:\/\/sadhanamassagecenter.com\/fr\/wp-json\/wp\/v2\/media\/44263"}],"wp:attachment":[{"href":"https:\/\/sadhanamassagecenter.com\/fr\/wp-json\/wp\/v2\/media?parent=607"}],"wp:term":[{"taxonomy":"product_brand","embeddable":true,"href":"https:\/\/sadhanamassagecenter.com\/fr\/wp-json\/wp\/v2\/product_brand?post=607"},{"taxonomy":"product_cat","embeddable":true,"href":"https:\/\/sadhanamassagecenter.com\/fr\/wp-json\/wp\/v2\/product_cat?post=607"},{"taxonomy":"product_tag","embeddable":true,"href":"https:\/\/sadhanamassagecenter.com\/fr\/wp-json\/wp\/v2\/product_tag?post=607"}],"curies":[{"name":"wp","href":"https:\/\/api.w.org\/{rel}","templated":true}]}}