{"id":613,"date":"2019-02-25T17:45:19","date_gmt":"2019-02-25T16:45:19","guid":{"rendered":"https:\/\/sadhanamassagecenter.com\/?post_type=product&#038;p=613"},"modified":"2026-04-16T16:29:52","modified_gmt":"2026-04-16T14:29:52","slug":"ritual-de-chocolaterapia","status":"publish","type":"product","link":"https:\/\/sadhanamassagecenter.com\/fr\/produit\/ritual-de-chocolaterapia\/","title":{"rendered":"Rituel Th\u00e9rapie au Chocolat"},"content":{"rendered":"<p><strong>TOTAL A PAGAR: 60.00 \u20ac &#8212;- 70 minutos\u00a0<\/strong><\/p>\n<p class=\"translation-block\"><span style=\"color: #000000\">La chocolath\u00e9rapie est un <strong>traitement de bien-\u00eatre pour la peau<\/strong> qui consiste \u00e0 <strong>faire des massages doux sur le corps, en l'enduisant de chocolat<\/strong>. Celui-ci a des <strong>propri\u00e9t\u00e9s antioxydantes<\/strong> qui aident \u00e0 <strong>retarder le vieillissement<\/strong>.<\/span><\/p>\n<p class=\"translation-block\"><span style=\"color: #000000\">L'objectif principal de ce type de massage <strong>est de vous d\u00e9tendre<\/strong>. Ce massage vise \u00e0 <strong>r\u00e9duire vos niveaux de stress<\/strong> et aide \u00e0 <strong>br\u00fbler les graisses accumul\u00e9es et \u00e0 r\u00e9duire<\/strong> la <a href=\"https:\/\/www.webconsultas.com\/belleza-y-bienestar\/afecciones-esteticas\/celulitis-934\" style=\"color: #000000\"><strong>cellulite<\/strong><\/a>.<\/span><\/p>\n<p><span style=\"color: #000000;\"><strong>COMPRIS<\/strong><\/span><\/p>\n<ul>\n<li><span style=\"color: #000000;\"><strong>Massage de 40 minutes avec de l'huile de chocolat<\/strong><\/span><\/li>\n<li><span style=\"color: #000000;\"><strong>Enveloppement au chocolat de 20 minutes<\/strong><\/span><\/li>\n<li><span style=\"color: #000000;\"><strong>Douche de 10 minutes<\/strong><\/span><\/li>\n<\/ul>\n<p><strong><span style=\"color: #993300;\">IMPORTANT !<\/span><\/strong><\/p>\n<p><strong><span style=\"color: #993300;\">La moiti\u00e9 du prix est \u00e0 payer en ligne, \u00e0 titre de r\u00e9servation, et le reste en esp\u00e8ces sur place.<\/span><\/strong><\/p>\n<p><strong><span style=\"color: #993300;\">La r\u00e9servation n'est PAS remboursable.<\/span><\/strong><\/p>","protected":false},"excerpt":{"rendered":"<p><strong>TOTAL A PAGAR: 60.00 \u20ac &#8212;- 70 minutos\u00a0<\/strong><\/p>","protected":false},"featured_media":44229,"comment_status":"open","ping_status":"closed","template":"","meta":{"_et_pb_use_builder":"","_et_pb_old_content":"","_et_gb_content_width":""},"product_brand":[],"product_cat":[84,36],"product_tag":[],"class_list":{"0":"post-613","1":"product","2":"type-product","3":"status-publish","4":"has-post-thumbnail","6":"product_cat-extras-1-persona","7":"product_cat-ritual","9":"first","10":"instock","11":"virtual","12":"taxable","13":"purchasable","14":"product-type-appointment"},"supplier_id":null,"supplier_sku":"","barcode":null,"atum_controlled":true,"out_stock_date":null,"out_stock_threshold":null,"inheritable":false,"inbound_stock":null,"stock_on_hold":0,"sold_today":0,"sales_last_days":0,"reserved_stock":null,"customer_returns":null,"warehouse_damage":null,"lost_in_post":null,"other_logs":null,"out_stock_days":0,"lost_sales":0,"has_location":false,"update_date":"2026-04-21T00:33:51","atum_locations":[],"atum_stock_status":"instock","restock_status":false,"low_stock_amount":"","sales_update_date":"2026-04-21T00:33:51","calc_backorders":null,"exclude_global_add_ons":false,"addons":[{"name":"Commentaires","type":"custom_textarea","position":0,"required":false,"title_format":"label","default":"","description_enable":false,"description":"","placeholder_enable":false,"placeholder":"","display":"select","restrictions_type":"any_text","adjust_price":false,"price":"","price_type":"flat_fee","restrictions":false,"min":"0","max":"0","options":[],"id":1713206709},{"name":"30 minutos extra","type":"multiple_choice","position":0,"required":false,"title_format":"label","default":"","description_enable":true,"description":"La duraci\u00f3n del masaje pasa a ser de 60 minutos","placeholder_enable":false,"placeholder":"","display":"radiobutton","restrictions_type":"any_text","adjust_price":false,"price":"","price_type":"flat_fee","restrictions":false,"min":"0","max":"0","options":[{"label":"+ 30 minutos","price":"30","price_type":"flat_fee","image":0,"visibility":true}]},{"name":"Ajoutez votre extra de 20 minutes","type":"checkbox","position":0,"required":false,"title_format":"label","default":"","description_enable":false,"description":"","placeholder_enable":false,"placeholder":"","display":"select","restrictions_type":"any_text","adjust_price":false,"price":"","price_type":"flat_fee","restrictions":false,"min":"0","max":"0","options":[{"label":"Facial expr\u00e9s - 20\u20ac","price":"10","price_type":"flat_fee","image":0,"visibility":true},{"label":"Masaje craneal - 20\u20ac","price":"10","price_type":"flat_fee","image":0,"visibility":true},{"label":"Masaje pies - 20\u20ac","price":"10","price_type":"flat_fee","image":0,"visibility":true},{"label":"Parafina en pies o manos - 20\u20ac","price":"10","price_type":"flat_fee","image":0,"visibility":true},{"label":"Exfoliaci\u00f3n y ducha - 25\u20ac","price":"12.5","price_type":"flat_fee","image":0,"visibility":true}],"id":1770312171}],"_links":{"self":[{"href":"https:\/\/sadhanamassagecenter.com\/fr\/wp-json\/wp\/v2\/product\/613","targetHints":{"allow":["GET"]}}],"collection":[{"href":"https:\/\/sadhanamassagecenter.com\/fr\/wp-json\/wp\/v2\/product"}],"about":[{"href":"https:\/\/sadhanamassagecenter.com\/fr\/wp-json\/wp\/v2\/types\/product"}],"replies":[{"embeddable":true,"href":"https:\/\/sadhanamassagecenter.com\/fr\/wp-json\/wp\/v2\/comments?post=613"}],"wp:featuredmedia":[{"embeddable":true,"href":"https:\/\/sadhanamassagecenter.com\/fr\/wp-json\/wp\/v2\/media\/44229"}],"wp:attachment":[{"href":"https:\/\/sadhanamassagecenter.com\/fr\/wp-json\/wp\/v2\/media?parent=613"}],"wp:term":[{"taxonomy":"product_brand","embeddable":true,"href":"https:\/\/sadhanamassagecenter.com\/fr\/wp-json\/wp\/v2\/product_brand?post=613"},{"taxonomy":"product_cat","embeddable":true,"href":"https:\/\/sadhanamassagecenter.com\/fr\/wp-json\/wp\/v2\/product_cat?post=613"},{"taxonomy":"product_tag","embeddable":true,"href":"https:\/\/sadhanamassagecenter.com\/fr\/wp-json\/wp\/v2\/product_tag?post=613"}],"curies":[{"name":"wp","href":"https:\/\/api.w.org\/{rel}","templated":true}]}}